{"id":5839,"date":"2024-12-31T20:10:53","date_gmt":"2024-12-31T20:10:53","guid":{"rendered":"https:\/\/storetest.ivi.ee\/product\/whole-freeze-dried-raspberry-30g\/"},"modified":"2026-04-06T12:23:08","modified_gmt":"2026-04-06T10:23:08","slug":"kokonaista-pakastekuivattu-vadelma-30g","status":"publish","type":"product","link":"https:\/\/candeebaar.ee\/fi\/kauppa\/kokonaista-pakastekuivattu-vadelma-30g\/","title":{"rendered":"Kokonainen pakastekuivattu vadelma 30g"},"content":{"rendered":"<p>Pakastekuivattu vadelma on erityisen arvokas. Tutkimukset ovat osoittaneet, ett\u00e4 t\u00e4m\u00e4 marja s\u00e4ilytt\u00e4\u00e4 kaikki hy\u00f6dylliset aineet, kun sit\u00e4 on k\u00e4sitelty t\u00e4ll\u00e4 tavalla. T\u00e4m\u00e4n tuotteen s\u00e4\u00e4nn\u00f6llinen k\u00e4ytt\u00f6 voi vahvistaa immuunij\u00e4rjestelm\u00e4\u00e4 ja t\u00e4ydent\u00e4\u00e4 hivenravinnevarastoja. Matala kaloripitoisuus ja positiivinen vaikutus aineenvaihduntaan tekev\u00e4t marjasta v\u00e4ltt\u00e4m\u00e4tt\u00f6m\u00e4n painon normalisointiprosessissa. T\u00e4t\u00e4 tuotetta k\u00e4ytet\u00e4\u00e4n aktiivisesti terveellisess\u00e4 ruokavaliossa ja se voi olla erinomainen lis\u00e4 kotitekoisiin ruokiin, kuten puuroon, hillokkeeseen ja leivonnaisiin. Lis\u00e4ksi pakastekuivauksella prosessoitu vadelma on v\u00e4ltt\u00e4m\u00e4t\u00f6n makeistuotteiden valmistuksessa \u2013 leipomoissa, kahviloissa ja j\u00e4lkiruokatehtaissa. Marja s\u00e4ilyy hyvin eik\u00e4 vaadi erityisi\u00e4 l\u00e4mp\u00f6tilaolosuhteita. Lis\u00e4ksi pakastekuivattujen marjojen hinta on huomattavasti halvempi verrattuna tuoreiden marjojen hankintaan. T\u00e4m\u00e4 saavutetaan ostetun tuotteen suuren pitoisuuden ansiosta.<br \/>\nS\u00e4ilyt\u00e4 pime\u00e4ss\u00e4 paikassa, jonka l\u00e4mp\u00f6tila ei ylit\u00e4 20 \u00b0C ja suhteellinen kosteus enint\u00e4\u00e4n 70% <strong>tiiviisti suljetussa pakkauksessa<\/strong>.<br \/>\nPaino: 30g<br \/>\nKoostumus: pakastekuivattu vadelma<\/p>","protected":false},"excerpt":{"rendered":"<p>Pakastekuivattu vadelma on erityisen arvokas. Tutkimukset ovat osoittaneet, ett\u00e4 t\u00e4m\u00e4 marja s\u00e4ilytt\u00e4\u00e4 kaikki hy\u00f6dylliset aineet sen j\u00e4lkeen kun sit\u00e4 on k\u00e4sitelty t\u00e4ll\u00e4 tavalla. T\u00e4m\u00e4n tuotteen s\u00e4\u00e4nn\u00f6llinen k\u00e4ytt\u00f6 voi vahvistaa immuunij\u00e4rjestelm\u00e4\u00e4 ja t\u00e4ydent\u00e4\u00e4 hivenravinnevarastoja. Matala kaloripitoisuus ja positiivinen vaikutus aineenvaihduntaan tekev\u00e4t marjasta v\u00e4ltt\u00e4m\u00e4tt\u00f6m\u00e4n painon normalisointiprosessissa. [\u2026]<\/p>","protected":false},"featured_media":5841,"template":"","meta":{"_seopress_robots_primary_cat":"none","_seopress_titles_title":"","_seopress_titles_desc":"","_seopress_robots_index":""},"product_brand":[],"product_cat":[183,15,98],"product_tag":[],"class_list":{"0":"post-5839","1":"product","2":"type-product","3":"status-publish","4":"has-post-thumbnail","6":"product_cat-valentines-day","7":"product_cat-all-products","8":"product_cat-dry-and-sublimated-products","10":"first","11":"instock","12":"taxable","13":"shipping-taxable","14":"purchasable","15":"product-type-simple"},"_links":{"self":[{"href":"https:\/\/candeebaar.ee\/fi\/wp-json\/wp\/v2\/product\/5839","targetHints":{"allow":["GET"]}}],"collection":[{"href":"https:\/\/candeebaar.ee\/fi\/wp-json\/wp\/v2\/product"}],"about":[{"href":"https:\/\/candeebaar.ee\/fi\/wp-json\/wp\/v2\/types\/product"}],"version-history":[{"count":2,"href":"https:\/\/candeebaar.ee\/fi\/wp-json\/wp\/v2\/product\/5839\/revisions"}],"predecessor-version":[{"id":13045,"href":"https:\/\/candeebaar.ee\/fi\/wp-json\/wp\/v2\/product\/5839\/revisions\/13045"}],"wp:featuredmedia":[{"embeddable":true,"href":"https:\/\/candeebaar.ee\/fi\/wp-json\/wp\/v2\/media\/5841"}],"wp:attachment":[{"href":"https:\/\/candeebaar.ee\/fi\/wp-json\/wp\/v2\/media?parent=5839"}],"wp:term":[{"taxonomy":"product_brand","embeddable":true,"href":"https:\/\/candeebaar.ee\/fi\/wp-json\/wp\/v2\/product_brand?post=5839"},{"taxonomy":"product_cat","embeddable":true,"href":"https:\/\/candeebaar.ee\/fi\/wp-json\/wp\/v2\/product_cat?post=5839"},{"taxonomy":"product_tag","embeddable":true,"href":"https:\/\/candeebaar.ee\/fi\/wp-json\/wp\/v2\/product_tag?post=5839"}],"curies":[{"name":"wp","href":"https:\/\/api.w.org\/{rel}","templated":true}]}}