{"id":5856,"date":"2024-12-31T20:11:11","date_gmt":"2024-12-31T20:11:11","guid":{"rendered":"https:\/\/storetest.ivi.ee\/product\/jasmine-buds-10g\/"},"modified":"2025-11-07T10:05:00","modified_gmt":"2025-11-07T08:05:00","slug":"jasmiinin-silmut-10-g","status":"publish","type":"product","link":"https:\/\/candeebaar.ee\/fi\/kauppa\/jasmiinin-silmut-10-g\/","title":{"rendered":"Jasmiinipuvut 10g"},"content":{"rendered":"<p>Luonnolliset ter\u00e4lehdet sopivat t\u00e4ydellisesti j\u00e4lkiruokien koristeluun, niill\u00e4 on upea maku ja ne ovat my\u00f6s hy\u00f6dyllisi\u00e4 terveydelle! Niit\u00e4 k\u00e4ytet\u00e4\u00e4n my\u00f6s teen keitt\u00e4miseen.<br \/>\n Ne sis\u00e4lt\u00e4v\u00e4t vitamiineja, kivenn\u00e4issuoloja, kuituja ja limaaineita. Kukkien flavonoideilla on antioksidanttisia ominaisuuksia.<br \/>\n Koostumus: Jasmiinin silmut (kuivatut)<br \/>\n Alkuper\u00e4: Kiina<br \/>\n Paino: 10g<\/p>","protected":false},"excerpt":{"rendered":"<p>Luonnolliset ter\u00e4lehdet sopivat t\u00e4ydellisesti j\u00e4lkiruokien koristeluun, niill\u00e4 on upea maku ja ne ovat my\u00f6s hy\u00f6dyllisi\u00e4 terveydelle! Niit\u00e4 k\u00e4ytet\u00e4\u00e4n my\u00f6s teen keitt\u00e4miseen. Ne sis\u00e4lt\u00e4v\u00e4t vitamiineja, kivenn\u00e4issuoloja, kuituja ja limapitoisia aineita. Kukkien flavonoideilla on antioksidanttisia ominaisuuksia. Koostumus: Jasmiinin silmut (kuivatut) Alkuper\u00e4: Kiina Paino: 10g<\/p>","protected":false},"featured_media":5855,"template":"","meta":{"_seopress_robots_primary_cat":"","_seopress_titles_title":"","_seopress_titles_desc":"","_seopress_robots_index":""},"product_brand":[],"product_cat":[180,15,98,106],"product_tag":[],"class_list":{"0":"post-5856","1":"product","2":"type-product","3":"status-publish","4":"has-post-thumbnail","6":"product_cat-wedding-products","7":"product_cat-all-products","8":"product_cat-dry-and-sublimated-products","9":"product_cat-new","11":"first","12":"outofstock","13":"taxable","14":"shipping-taxable","15":"purchasable","16":"product-type-simple"},"_links":{"self":[{"href":"https:\/\/candeebaar.ee\/fi\/wp-json\/wp\/v2\/product\/5856","targetHints":{"allow":["GET"]}}],"collection":[{"href":"https:\/\/candeebaar.ee\/fi\/wp-json\/wp\/v2\/product"}],"about":[{"href":"https:\/\/candeebaar.ee\/fi\/wp-json\/wp\/v2\/types\/product"}],"version-history":[{"count":1,"href":"https:\/\/candeebaar.ee\/fi\/wp-json\/wp\/v2\/product\/5856\/revisions"}],"predecessor-version":[{"id":5857,"href":"https:\/\/candeebaar.ee\/fi\/wp-json\/wp\/v2\/product\/5856\/revisions\/5857"}],"wp:featuredmedia":[{"embeddable":true,"href":"https:\/\/candeebaar.ee\/fi\/wp-json\/wp\/v2\/media\/5855"}],"wp:attachment":[{"href":"https:\/\/candeebaar.ee\/fi\/wp-json\/wp\/v2\/media?parent=5856"}],"wp:term":[{"taxonomy":"product_brand","embeddable":true,"href":"https:\/\/candeebaar.ee\/fi\/wp-json\/wp\/v2\/product_brand?post=5856"},{"taxonomy":"product_cat","embeddable":true,"href":"https:\/\/candeebaar.ee\/fi\/wp-json\/wp\/v2\/product_cat?post=5856"},{"taxonomy":"product_tag","embeddable":true,"href":"https:\/\/candeebaar.ee\/fi\/wp-json\/wp\/v2\/product_tag?post=5856"}],"curies":[{"name":"wp","href":"https:\/\/api.w.org\/{rel}","templated":true}]}}