{"id":5861,"date":"2024-12-31T20:11:11","date_gmt":"2024-12-31T20:11:11","guid":{"rendered":"https:\/\/storetest.ivi.ee\/product\/isomalt-sosa-100g\/"},"modified":"2025-01-02T18:51:09","modified_gmt":"2025-01-02T18:51:09","slug":"isomalt-sosa-100-g","status":"publish","type":"product","link":"https:\/\/candeebaar.ee\/fi\/kauppa\/isomalt-sosa-100-g\/","title":{"rendered":"Isomalt SOSA 100g"},"content":{"rendered":"<p>Isomaltia k\u00e4ytet\u00e4\u00e4n karamellimassan valmistukseen.<br \/>\nSe ei muuta v\u00e4ri\u00e4 kuten tavallinen sokeri ja voidaan v\u00e4rj\u00e4t\u00e4.<br \/>\nKakkuihin voidaan luoda ep\u00e4tavallisia koristeita.<br \/>\nSulamisl\u00e4mp\u00f6tila 145 \u00b0C<br \/>\nKuumaa massaa k\u00e4ytett\u00e4ess\u00e4 tulee noudattaa varotoimia!<br \/>\nPaino: 100g<br \/>\n100g sis\u00e4lt\u00e4\u00e4: 100g hiilihydraatteja<br \/>\n0 rasvaa<br \/>\n0 proteiinia<br \/>\nKoostumus: isomalti E953<br \/>\nS\u00e4ilyvyys: katso. Pakkaus<br \/>\nValmistaja: SOSA, Espanja<\/p>\n<p><iframe src=\"\/\/www.youtube.com\/embed\/cbnVZQLbYwc\" width=\"560\" height=\"314\" allowfullscreen=\"allowfullscreen\"><\/iframe><\/p>\n<p>&nbsp;<\/p>","protected":false},"excerpt":{"rendered":"<p>Isomalt is used for making caramel mass. It does not change color like regular sugar and can be colored. Unusual decorations for cakes can be created. Melting temperature 145\u00b0C Precautions should be taken when using hot mass! Mass: 100g 100g contains: 100g carbohydrates 0 fats 0 proteins Composition: isomalt E953 Shelf life: see. Packaging Manufacturer: [&hellip;]<\/p>","protected":false},"featured_media":5074,"template":"","meta":{"_seopress_robots_primary_cat":"","_seopress_titles_title":"","_seopress_titles_desc":"","_seopress_robots_index":""},"product_brand":[],"product_cat":[15,102],"product_tag":[],"class_list":{"0":"post-5861","1":"product","2":"type-product","3":"status-publish","4":"has-post-thumbnail","6":"product_cat-all-products","7":"product_cat-sugars","9":"first","10":"outofstock","11":"taxable","12":"shipping-taxable","13":"purchasable","14":"product-type-simple"},"_links":{"self":[{"href":"https:\/\/candeebaar.ee\/fi\/wp-json\/wp\/v2\/product\/5861","targetHints":{"allow":["GET"]}}],"collection":[{"href":"https:\/\/candeebaar.ee\/fi\/wp-json\/wp\/v2\/product"}],"about":[{"href":"https:\/\/candeebaar.ee\/fi\/wp-json\/wp\/v2\/types\/product"}],"version-history":[{"count":1,"href":"https:\/\/candeebaar.ee\/fi\/wp-json\/wp\/v2\/product\/5861\/revisions"}],"predecessor-version":[{"id":5862,"href":"https:\/\/candeebaar.ee\/fi\/wp-json\/wp\/v2\/product\/5861\/revisions\/5862"}],"wp:featuredmedia":[{"embeddable":true,"href":"https:\/\/candeebaar.ee\/fi\/wp-json\/wp\/v2\/media\/5074"}],"wp:attachment":[{"href":"https:\/\/candeebaar.ee\/fi\/wp-json\/wp\/v2\/media?parent=5861"}],"wp:term":[{"taxonomy":"product_brand","embeddable":true,"href":"https:\/\/candeebaar.ee\/fi\/wp-json\/wp\/v2\/product_brand?post=5861"},{"taxonomy":"product_cat","embeddable":true,"href":"https:\/\/candeebaar.ee\/fi\/wp-json\/wp\/v2\/product_cat?post=5861"},{"taxonomy":"product_tag","embeddable":true,"href":"https:\/\/candeebaar.ee\/fi\/wp-json\/wp\/v2\/product_tag?post=5861"}],"curies":[{"name":"wp","href":"https:\/\/api.w.org\/{rel}","templated":true}]}}