{"id":5900,"date":"2024-12-31T20:11:11","date_gmt":"2024-12-31T20:11:11","guid":{"rendered":"https:\/\/storetest.ivi.ee\/product\/piping-nozzle-2-5mm\/"},"modified":"2026-03-26T22:21:17","modified_gmt":"2026-03-26T20:21:17","slug":"putkisuutin-2-5mm","status":"publish","type":"product","link":"https:\/\/candeebaar.ee\/fi\/kauppa\/putkisuutin-2-5mm\/","title":{"rendered":"Putkisuutin 2,5mm"},"content":{"rendered":"<p>Putkisuutin koristeluun kuorrutuksella, suklaalla jne.<br \/>\nKoko: 18x35mm<br \/>\nL\u00e4ht\u00f6: 2,5 mm<br \/>\nMateriaali: ruostumaton ter\u00e4s<br \/>\nValmistaja: Kiina<\/p>","protected":false},"excerpt":{"rendered":"<p>Putkisuutin koristeluun kuorrutuksella, suklaalla jne. Koko: 18x35mm L\u00e4ht\u00f6: 2,5mm Materiaali: ruostumaton ter\u00e4s Valmistaja: Kiina<\/p>","protected":false},"featured_media":5343,"template":"","meta":{"_seopress_robots_primary_cat":"","_seopress_titles_title":"","_seopress_titles_desc":"","_seopress_robots_index":""},"product_brand":[],"product_cat":[15,121,109],"product_tag":[],"class_list":{"0":"post-5900","1":"product","2":"type-product","3":"status-publish","4":"has-post-thumbnail","6":"product_cat-all-products","7":"product_cat-round","8":"product_cat-sale","10":"first","11":"instock","12":"sale","13":"taxable","14":"shipping-taxable","15":"purchasable","16":"product-type-simple"},"_links":{"self":[{"href":"https:\/\/candeebaar.ee\/fi\/wp-json\/wp\/v2\/product\/5900","targetHints":{"allow":["GET"]}}],"collection":[{"href":"https:\/\/candeebaar.ee\/fi\/wp-json\/wp\/v2\/product"}],"about":[{"href":"https:\/\/candeebaar.ee\/fi\/wp-json\/wp\/v2\/types\/product"}],"version-history":[{"count":1,"href":"https:\/\/candeebaar.ee\/fi\/wp-json\/wp\/v2\/product\/5900\/revisions"}],"predecessor-version":[{"id":5901,"href":"https:\/\/candeebaar.ee\/fi\/wp-json\/wp\/v2\/product\/5900\/revisions\/5901"}],"wp:featuredmedia":[{"embeddable":true,"href":"https:\/\/candeebaar.ee\/fi\/wp-json\/wp\/v2\/media\/5343"}],"wp:attachment":[{"href":"https:\/\/candeebaar.ee\/fi\/wp-json\/wp\/v2\/media?parent=5900"}],"wp:term":[{"taxonomy":"product_brand","embeddable":true,"href":"https:\/\/candeebaar.ee\/fi\/wp-json\/wp\/v2\/product_brand?post=5900"},{"taxonomy":"product_cat","embeddable":true,"href":"https:\/\/candeebaar.ee\/fi\/wp-json\/wp\/v2\/product_cat?post=5900"},{"taxonomy":"product_tag","embeddable":true,"href":"https:\/\/candeebaar.ee\/fi\/wp-json\/wp\/v2\/product_tag?post=5900"}],"curies":[{"name":"wp","href":"https:\/\/api.w.org\/{rel}","templated":true}]}}