{"id":5924,"date":"2024-12-31T20:11:17","date_gmt":"2024-12-31T20:11:17","guid":{"rendered":"https:\/\/storetest.ivi.ee\/product\/filling-nozzle-6mm\/"},"modified":"2026-03-22T20:35:27","modified_gmt":"2026-03-22T18:35:27","slug":"tayttosuutin-6mm","status":"publish","type":"product","link":"https:\/\/candeebaar.ee\/fi\/kauppa\/tayttosuutin-6mm\/","title":{"rendered":"T\u00e4ytt\u00f6suutin 6mm"},"content":{"rendered":"<p>Ruostumattomasta ter\u00e4ksest\u00e4 valmistettu konditoriasuutin.<br \/>\nTuotteiden t\u00e4ytt\u00e4miseen.<\/p>\n<p>Koko: 17x76mm<br \/>\nRei\u00e4n halkaisija: 6 mm<\/p>","protected":false},"excerpt":{"rendered":"<p>Ruostumattomasta ter\u00e4ksest\u00e4 valmistettu konditoriasuutin. Tuotteiden t\u00e4ytt\u00e4miseen. Koko: 17x76mm Rei\u00e4n halkaisija: 6mm<\/p>","protected":false},"featured_media":5926,"template":"","meta":{"_seopress_robots_primary_cat":"none","_seopress_titles_title":"","_seopress_titles_desc":"","_seopress_robots_index":""},"product_brand":[],"product_cat":[15,122],"product_tag":[],"class_list":{"0":"post-5924","1":"product","2":"type-product","3":"status-publish","4":"has-post-thumbnail","6":"product_cat-all-products","7":"product_cat-miscellaneous","9":"first","10":"instock","11":"taxable","12":"shipping-taxable","13":"purchasable","14":"product-type-simple"},"_links":{"self":[{"href":"https:\/\/candeebaar.ee\/fi\/wp-json\/wp\/v2\/product\/5924","targetHints":{"allow":["GET"]}}],"collection":[{"href":"https:\/\/candeebaar.ee\/fi\/wp-json\/wp\/v2\/product"}],"about":[{"href":"https:\/\/candeebaar.ee\/fi\/wp-json\/wp\/v2\/types\/product"}],"version-history":[{"count":1,"href":"https:\/\/candeebaar.ee\/fi\/wp-json\/wp\/v2\/product\/5924\/revisions"}],"predecessor-version":[{"id":5925,"href":"https:\/\/candeebaar.ee\/fi\/wp-json\/wp\/v2\/product\/5924\/revisions\/5925"}],"wp:featuredmedia":[{"embeddable":true,"href":"https:\/\/candeebaar.ee\/fi\/wp-json\/wp\/v2\/media\/5926"}],"wp:attachment":[{"href":"https:\/\/candeebaar.ee\/fi\/wp-json\/wp\/v2\/media?parent=5924"}],"wp:term":[{"taxonomy":"product_brand","embeddable":true,"href":"https:\/\/candeebaar.ee\/fi\/wp-json\/wp\/v2\/product_brand?post=5924"},{"taxonomy":"product_cat","embeddable":true,"href":"https:\/\/candeebaar.ee\/fi\/wp-json\/wp\/v2\/product_cat?post=5924"},{"taxonomy":"product_tag","embeddable":true,"href":"https:\/\/candeebaar.ee\/fi\/wp-json\/wp\/v2\/product_tag?post=5924"}],"curies":[{"name":"wp","href":"https:\/\/api.w.org\/{rel}","templated":true}]}}