{"id":5982,"date":"2024-12-31T20:11:29","date_gmt":"2024-12-31T20:11:29","guid":{"rendered":"https:\/\/storetest.ivi.ee\/product\/white-glaze-royal-steensma-1000g\/"},"modified":"2026-04-07T08:31:01","modified_gmt":"2026-04-07T06:31:01","slug":"valkoinen-lasite-royal-steensma-1000g","status":"publish","type":"product","link":"https:\/\/candeebaar.ee\/fi\/kauppa\/valkoinen-lasite-royal-steensma-1000g\/","title":{"rendered":"Valkoinen lasite Royal Steensma 1000g"},"content":{"rendered":"<p>Valkoinen lasite, jossa on miellytt\u00e4v\u00e4 vaniljamaku, vapaa GMO:eista ja transrasvoista.<br \/>\nPaino: 1000g<br \/>\nSis\u00e4lt\u00f6 per 100g:<br \/>\nEnergia: 561kCal<br \/>\nRasvat (tyydyttyneet): 32(29)g<br \/>\nHiilihydraatit (sokeri): 67 (67) g<br \/>\nProteiinit: 0 g<br \/>\nKaakaopitoisuus: 0%<br \/>\nKoostumus: sokeri; kasvi\u00f6ljy (palmu, kookos), emulgointiaine E322 (soijalesitiini), vanilliini.<br \/>\nV\u00e4ri: valkoinen<br \/>\nValmistaja: Royal Steensma, Alankomaat<br \/>\nS\u00e4ilyt\u00e4 tuotetta puhtaissa tiloissa, joissa ei ole vieraita hajuja (suhteellinen kosteus enint\u00e4\u00e4n 70%).<br \/>\nVarastointil\u00e4mp\u00f6tila: 12 \u2013 20 \u00b0C<br \/>\nSaattaa sis\u00e4lt\u00e4\u00e4 j\u00e4lki\u00e4 <strong>maito, laktoosi, soija ja p\u00e4hkin\u00e4t.<br \/>\n<\/strong><\/p>","protected":false},"excerpt":{"rendered":"<p>Valkoinen lasite, jossa on miellytt\u00e4v\u00e4 vaniljan maku, ei sis\u00e4ll\u00e4 GMO:ita ja transrasvoja. Paino: 1000g Sis\u00e4lt\u00f6 per 100g: Energia: 561kCal Rasvat (tyydyttyneet): 32(29)g Hiilihydraatit (sokeri): 67 (67)g Proteiinit: 0g Kaakaopitoisuus: 0% Koostumus: sokeri; kasvi\u00f6ljy (palmu, kookos), emulgointiaine E322 (soijalesitiini), vanilliini. V\u00e4ri: valkoinen Valmistaja: Royal Steensma, Alankomaat S\u00e4ilyt\u00e4 tuotetta puhdastiloissa, [\u2026]<\/p>","protected":false},"featured_media":5981,"template":"","meta":{"_seopress_robots_primary_cat":"none","_seopress_titles_title":"","_seopress_titles_desc":"","_seopress_robots_index":""},"product_brand":[],"product_cat":[15,111],"product_tag":[],"class_list":{"0":"post-5982","1":"product","2":"type-product","3":"status-publish","4":"has-post-thumbnail","6":"product_cat-all-products","7":"product_cat-cacao-mill","9":"first","10":"instock","11":"taxable","12":"shipping-taxable","13":"purchasable","14":"product-type-simple"},"_links":{"self":[{"href":"https:\/\/candeebaar.ee\/fi\/wp-json\/wp\/v2\/product\/5982","targetHints":{"allow":["GET"]}}],"collection":[{"href":"https:\/\/candeebaar.ee\/fi\/wp-json\/wp\/v2\/product"}],"about":[{"href":"https:\/\/candeebaar.ee\/fi\/wp-json\/wp\/v2\/types\/product"}],"version-history":[{"count":3,"href":"https:\/\/candeebaar.ee\/fi\/wp-json\/wp\/v2\/product\/5982\/revisions"}],"predecessor-version":[{"id":13297,"href":"https:\/\/candeebaar.ee\/fi\/wp-json\/wp\/v2\/product\/5982\/revisions\/13297"}],"wp:featuredmedia":[{"embeddable":true,"href":"https:\/\/candeebaar.ee\/fi\/wp-json\/wp\/v2\/media\/5981"}],"wp:attachment":[{"href":"https:\/\/candeebaar.ee\/fi\/wp-json\/wp\/v2\/media?parent=5982"}],"wp:term":[{"taxonomy":"product_brand","embeddable":true,"href":"https:\/\/candeebaar.ee\/fi\/wp-json\/wp\/v2\/product_brand?post=5982"},{"taxonomy":"product_cat","embeddable":true,"href":"https:\/\/candeebaar.ee\/fi\/wp-json\/wp\/v2\/product_cat?post=5982"},{"taxonomy":"product_tag","embeddable":true,"href":"https:\/\/candeebaar.ee\/fi\/wp-json\/wp\/v2\/product_tag?post=5982"}],"curies":[{"name":"wp","href":"https:\/\/api.w.org\/{rel}","templated":true}]}}