{"id":5999,"date":"2024-12-31T20:11:29","date_gmt":"2024-12-31T20:11:29","guid":{"rendered":"https:\/\/storetest.ivi.ee\/product\/box-for-candies-16x16cm\/"},"modified":"2026-04-02T11:47:37","modified_gmt":"2026-04-02T09:47:37","slug":"karkkirasia-16x16cm","status":"publish","type":"product","link":"https:\/\/candeebaar.ee\/fi\/kauppa\/karkkirasia-16x16cm\/","title":{"rendered":"Karkkirasia 16x16cm"},"content":{"rendered":"<p>Karamellirasia, jossa 16 lokeroa (40x40mm), l\u00e4pin\u00e4kyv\u00e4 ikkuna.<br \/>\nKoko: 160x160x30mm<br \/>\nMateriaali: pahvi, muovi<br \/>\nValmistaja: Italia<\/p>","protected":false},"excerpt":{"rendered":"<p>Karamellirasia, jossa 16 lokeroa (40x40mm), l\u00e4pin\u00e4kyv\u00e4 ikkuna. Koko: 160x160x30mm Materiaali: pahvi, muovi Valmistaja: Italia<\/p>","protected":false},"featured_media":6001,"template":"","meta":{"_seopress_robots_primary_cat":"none","_seopress_titles_title":"","_seopress_titles_desc":"","_seopress_robots_index":""},"product_brand":[],"product_cat":[15,153],"product_tag":[],"class_list":{"0":"post-5999","1":"product","2":"type-product","3":"status-publish","4":"has-post-thumbnail","6":"product_cat-all-products","7":"product_cat-candy-boxes","9":"first","10":"instock","11":"taxable","12":"shipping-taxable","13":"purchasable","14":"product-type-simple"},"_links":{"self":[{"href":"https:\/\/candeebaar.ee\/fi\/wp-json\/wp\/v2\/product\/5999","targetHints":{"allow":["GET"]}}],"collection":[{"href":"https:\/\/candeebaar.ee\/fi\/wp-json\/wp\/v2\/product"}],"about":[{"href":"https:\/\/candeebaar.ee\/fi\/wp-json\/wp\/v2\/types\/product"}],"version-history":[{"count":1,"href":"https:\/\/candeebaar.ee\/fi\/wp-json\/wp\/v2\/product\/5999\/revisions"}],"predecessor-version":[{"id":6000,"href":"https:\/\/candeebaar.ee\/fi\/wp-json\/wp\/v2\/product\/5999\/revisions\/6000"}],"wp:featuredmedia":[{"embeddable":true,"href":"https:\/\/candeebaar.ee\/fi\/wp-json\/wp\/v2\/media\/6001"}],"wp:attachment":[{"href":"https:\/\/candeebaar.ee\/fi\/wp-json\/wp\/v2\/media?parent=5999"}],"wp:term":[{"taxonomy":"product_brand","embeddable":true,"href":"https:\/\/candeebaar.ee\/fi\/wp-json\/wp\/v2\/product_brand?post=5999"},{"taxonomy":"product_cat","embeddable":true,"href":"https:\/\/candeebaar.ee\/fi\/wp-json\/wp\/v2\/product_cat?post=5999"},{"taxonomy":"product_tag","embeddable":true,"href":"https:\/\/candeebaar.ee\/fi\/wp-json\/wp\/v2\/product_tag?post=5999"}],"curies":[{"name":"wp","href":"https:\/\/api.w.org\/{rel}","templated":true}]}}