{"id":6008,"date":"2024-12-31T20:11:29","date_gmt":"2024-12-31T20:11:29","guid":{"rendered":"https:\/\/storetest.ivi.ee\/product\/fat-soluble-dye-pink-10g-food-colours\/"},"modified":"2026-04-16T11:38:17","modified_gmt":"2026-04-16T09:38:17","slug":"rasvaliukoinen-variaine-pinkki-10g-elintarvikevareja","status":"publish","type":"product","link":"https:\/\/candeebaar.ee\/fi\/kauppa\/rasvaliukoinen-variaine-pinkki-10g-elintarvikevareja\/","title":{"rendered":"Rasvaliukoinen Dye Pink 10g elintarvikev\u00e4rej\u00e4"},"content":{"rendered":"<p>Elintarvikev\u00e4ri, rasvaliukoinen, k\u00e4ytet\u00e4\u00e4n valkosuklaan ja muiden rasvaa sis\u00e4lt\u00e4vien tuotteiden v\u00e4rj\u00e4\u00e4miseen.<br \/>\nPaino: 10g<br \/>\nKoostumus: elintarvikev\u00e4ri E120 (voi vaikuttaa negatiivisesti lasten aktiivisuuteen ja huomiokykyyn), E555.<br \/>\nValmistaja: Food Colours, Puola<\/p>","protected":false},"excerpt":{"rendered":"<p>Elintarvikev\u00e4ri, rasvaliukoinen, k\u00e4ytet\u00e4\u00e4n valkosuklaan ja muiden rasvaa sis\u00e4lt\u00e4vien tuotteiden v\u00e4rj\u00e4\u00e4miseen. Paino: 10g Koostumus: elintarvikev\u00e4ri E120 (voi vaikuttaa negatiivisesti lasten aktiivisuuteen ja huomiokykyyn), E555. Valmistaja: Food Colours, Puola<\/p>","protected":false},"featured_media":6010,"template":"","meta":{"_seopress_robots_primary_cat":"none","_seopress_titles_title":"","_seopress_titles_desc":"","_seopress_robots_index":""},"product_brand":[],"product_cat":[15,113],"product_tag":[],"class_list":{"0":"post-6008","1":"product","2":"type-product","3":"status-publish","4":"has-post-thumbnail","6":"product_cat-all-products","7":"product_cat-powder-fat-soluble","9":"first","10":"instock","11":"taxable","12":"shipping-taxable","13":"purchasable","14":"product-type-simple"},"_links":{"self":[{"href":"https:\/\/candeebaar.ee\/fi\/wp-json\/wp\/v2\/product\/6008","targetHints":{"allow":["GET"]}}],"collection":[{"href":"https:\/\/candeebaar.ee\/fi\/wp-json\/wp\/v2\/product"}],"about":[{"href":"https:\/\/candeebaar.ee\/fi\/wp-json\/wp\/v2\/types\/product"}],"version-history":[{"count":1,"href":"https:\/\/candeebaar.ee\/fi\/wp-json\/wp\/v2\/product\/6008\/revisions"}],"predecessor-version":[{"id":6009,"href":"https:\/\/candeebaar.ee\/fi\/wp-json\/wp\/v2\/product\/6008\/revisions\/6009"}],"wp:featuredmedia":[{"embeddable":true,"href":"https:\/\/candeebaar.ee\/fi\/wp-json\/wp\/v2\/media\/6010"}],"wp:attachment":[{"href":"https:\/\/candeebaar.ee\/fi\/wp-json\/wp\/v2\/media?parent=6008"}],"wp:term":[{"taxonomy":"product_brand","embeddable":true,"href":"https:\/\/candeebaar.ee\/fi\/wp-json\/wp\/v2\/product_brand?post=6008"},{"taxonomy":"product_cat","embeddable":true,"href":"https:\/\/candeebaar.ee\/fi\/wp-json\/wp\/v2\/product_cat?post=6008"},{"taxonomy":"product_tag","embeddable":true,"href":"https:\/\/candeebaar.ee\/fi\/wp-json\/wp\/v2\/product_tag?post=6008"}],"curies":[{"name":"wp","href":"https:\/\/api.w.org\/{rel}","templated":true}]}}