{"id":6016,"date":"2024-12-31T20:11:29","date_gmt":"2024-12-31T20:11:29","guid":{"rendered":"https:\/\/storetest.ivi.ee\/product\/fat-soluble-dye-light-green-20g-food-colours-20-06-2024\/"},"modified":"2025-01-02T10:27:45","modified_gmt":"2025-01-02T10:27:45","slug":"rasvaliukoinen-variaine-vaaleanvihrea-20-g-elintarvikevareja-20-06-2024","status":"publish","type":"product","link":"https:\/\/candeebaar.ee\/fi\/kauppa\/rasvaliukoinen-variaine-vaaleanvihrea-20-g-elintarvikevareja-20-06-2024\/","title":{"rendered":"Rasvaliukoinen v\u00e4riaine Vaaleanvihre\u00e4 20g Elintarvikev\u00e4rit (20.06.2024)"},"content":{"rendered":"<p>Rasvaliukoinen elintarvikev\u00e4ri, jota k\u00e4ytet\u00e4\u00e4n valkosuklaan ja muiden rasvaa sis\u00e4lt\u00e4vien tuotteiden v\u00e4rj\u00e4\u00e4miseen.<br \/>\nPaino: 20g<br \/>\nKoostumus: elintarvikev\u00e4ri E104, E133 (voi vaikuttaa negatiivisesti lasten aktiivisuuteen ja tarkkaavaisuuteen).<br \/>\nValmistaja: Food Colours, Puola<\/p>","protected":false},"excerpt":{"rendered":"<p>Rasvaliukoinen elintarvikev\u00e4ri, jota k\u00e4ytet\u00e4\u00e4n valkosuklaan ja muiden rasvaa sis\u00e4lt\u00e4vien tuotteiden v\u00e4rj\u00e4\u00e4miseen. Massa: 20 g Koostumus: elintarvikev\u00e4ri E104, E133 (voi vaikuttaa negatiivisesti lasten aktiivisuuteen ja tarkkaavaisuuteen). Valmistaja: Food Colors, Puola<\/p>","protected":false},"featured_media":6011,"template":"","meta":{"_seopress_robots_primary_cat":"","_seopress_titles_title":"","_seopress_titles_desc":"","_seopress_robots_index":""},"product_brand":[],"product_cat":[15,113],"product_tag":[],"class_list":{"0":"post-6016","1":"product","2":"type-product","3":"status-publish","4":"has-post-thumbnail","6":"product_cat-all-products","7":"product_cat-powder-fat-soluble","9":"first","10":"outofstock","11":"sale","12":"taxable","13":"shipping-taxable","14":"purchasable","15":"product-type-simple"},"_links":{"self":[{"href":"https:\/\/candeebaar.ee\/fi\/wp-json\/wp\/v2\/product\/6016","targetHints":{"allow":["GET"]}}],"collection":[{"href":"https:\/\/candeebaar.ee\/fi\/wp-json\/wp\/v2\/product"}],"about":[{"href":"https:\/\/candeebaar.ee\/fi\/wp-json\/wp\/v2\/types\/product"}],"version-history":[{"count":1,"href":"https:\/\/candeebaar.ee\/fi\/wp-json\/wp\/v2\/product\/6016\/revisions"}],"predecessor-version":[{"id":6017,"href":"https:\/\/candeebaar.ee\/fi\/wp-json\/wp\/v2\/product\/6016\/revisions\/6017"}],"wp:featuredmedia":[{"embeddable":true,"href":"https:\/\/candeebaar.ee\/fi\/wp-json\/wp\/v2\/media\/6011"}],"wp:attachment":[{"href":"https:\/\/candeebaar.ee\/fi\/wp-json\/wp\/v2\/media?parent=6016"}],"wp:term":[{"taxonomy":"product_brand","embeddable":true,"href":"https:\/\/candeebaar.ee\/fi\/wp-json\/wp\/v2\/product_brand?post=6016"},{"taxonomy":"product_cat","embeddable":true,"href":"https:\/\/candeebaar.ee\/fi\/wp-json\/wp\/v2\/product_cat?post=6016"},{"taxonomy":"product_tag","embeddable":true,"href":"https:\/\/candeebaar.ee\/fi\/wp-json\/wp\/v2\/product_tag?post=6016"}],"curies":[{"name":"wp","href":"https:\/\/api.w.org\/{rel}","templated":true}]}}