{"id":6018,"date":"2024-12-31T20:11:29","date_gmt":"2024-12-31T20:11:29","guid":{"rendered":"https:\/\/storetest.ivi.ee\/product\/fat-soluble-dye-purple-10g-food-colours\/"},"modified":"2025-10-08T07:45:07","modified_gmt":"2025-10-08T05:45:07","slug":"rasvaliukoinen-variaine-violetti-10g-elintarvikevareja","status":"publish","type":"product","link":"https:\/\/candeebaar.ee\/fi\/kauppa\/rasvaliukoinen-variaine-violetti-10g-elintarvikevareja\/","title":{"rendered":"Rasvaliukoinen v\u00e4riaine Violetti 10g Elintarvikev\u00e4rit"},"content":{"rendered":"<p>Rasvaliukoinen elintarvikev\u00e4ri, jota k\u00e4ytet\u00e4\u00e4n valkosuklaan ja muiden rasvaa sis\u00e4lt\u00e4vien tuotteiden v\u00e4rj\u00e4\u00e4miseen.<br \/>\nPaino: 10g<br \/>\nKoostumus: elintarvikev\u00e4ri E120, E133 (voi vaikuttaa negatiivisesti lasten aktiivisuuteen ja huomiokykyyn), E555.<br \/>\nValmistaja: Food Colours, Puola<\/p>","protected":false},"excerpt":{"rendered":"<p>Rasvaliukoinen elintarvikev\u00e4ri, jota k\u00e4ytet\u00e4\u00e4n valkosuklaan ja muiden rasvaa sis\u00e4lt\u00e4vien tuotteiden v\u00e4rj\u00e4\u00e4miseen. Paino: 10g Koostumus: elintarvikev\u00e4ri E120, E133 (voi vaikuttaa negatiivisesti lasten aktiivisuuteen ja huomiokykyyn), E555. Valmistaja: Food Colours, Puola<\/p>","protected":false},"featured_media":6013,"template":"","meta":{"_seopress_robots_primary_cat":"none","_seopress_titles_title":"","_seopress_titles_desc":"","_seopress_robots_index":""},"product_brand":[],"product_cat":[15,113],"product_tag":[],"class_list":{"0":"post-6018","1":"product","2":"type-product","3":"status-publish","4":"has-post-thumbnail","6":"product_cat-all-products","7":"product_cat-powder-fat-soluble","9":"first","10":"outofstock","11":"taxable","12":"shipping-taxable","13":"purchasable","14":"product-type-simple"},"_links":{"self":[{"href":"https:\/\/candeebaar.ee\/fi\/wp-json\/wp\/v2\/product\/6018","targetHints":{"allow":["GET"]}}],"collection":[{"href":"https:\/\/candeebaar.ee\/fi\/wp-json\/wp\/v2\/product"}],"about":[{"href":"https:\/\/candeebaar.ee\/fi\/wp-json\/wp\/v2\/types\/product"}],"version-history":[{"count":2,"href":"https:\/\/candeebaar.ee\/fi\/wp-json\/wp\/v2\/product\/6018\/revisions"}],"predecessor-version":[{"id":9960,"href":"https:\/\/candeebaar.ee\/fi\/wp-json\/wp\/v2\/product\/6018\/revisions\/9960"}],"wp:featuredmedia":[{"embeddable":true,"href":"https:\/\/candeebaar.ee\/fi\/wp-json\/wp\/v2\/media\/6013"}],"wp:attachment":[{"href":"https:\/\/candeebaar.ee\/fi\/wp-json\/wp\/v2\/media?parent=6018"}],"wp:term":[{"taxonomy":"product_brand","embeddable":true,"href":"https:\/\/candeebaar.ee\/fi\/wp-json\/wp\/v2\/product_brand?post=6018"},{"taxonomy":"product_cat","embeddable":true,"href":"https:\/\/candeebaar.ee\/fi\/wp-json\/wp\/v2\/product_cat?post=6018"},{"taxonomy":"product_tag","embeddable":true,"href":"https:\/\/candeebaar.ee\/fi\/wp-json\/wp\/v2\/product_tag?post=6018"}],"curies":[{"name":"wp","href":"https:\/\/api.w.org\/{rel}","templated":true}]}}