{"id":6031,"date":"2024-12-31T20:11:29","date_gmt":"2024-12-31T20:11:29","guid":{"rendered":"https:\/\/storetest.ivi.ee\/product\/cake-box-25-25-30cm-with-window\/"},"modified":"2026-04-07T12:43:38","modified_gmt":"2026-04-07T10:43:38","slug":"kakkulaatikko-25-25-30cm-ikkunalla","status":"publish","type":"product","link":"https:\/\/candeebaar.ee\/fi\/kauppa\/kakkulaatikko-25-25-30cm-ikkunalla\/","title":{"rendered":"Kakkulaatikko 25 25 30cm ikkunalla"},"content":{"rendered":"<p>Kakkulaatikko koostuu tukevasta pohjasta (mikroaaltopahvi) ja ikkunallisesta kannesta (pahvi + polyeteeni).<br \/>\nKoko: 25*25*k30cm<br \/>\nV\u00e4ri: valkoinen<br \/>\nLaatikkoa k\u00e4ytet\u00e4\u00e4n kuljetukseen, eik\u00e4 sit\u00e4 ole tarkoitettu suoraan kosketukseen tuotteen kanssa; pohjana on k\u00e4ytett\u00e4v\u00e4 kakkulautaa.<br \/>\nValmistus: Puola<\/p>","protected":false},"excerpt":{"rendered":"<p>Kakkulaatikko koostuu tukevasta pohjasta (mikroaaltopahvi) ja ikkunallisesta kannesta (pahvi + polyeteeni). Koko: 25*25*h30cm V\u00e4ri: valkoinen Laatikko on tarkoitettu kuljetukseen, eik\u00e4 sit\u00e4 ole tarkoitettu suoraan kosketukseen tuotteen kanssa; pohjana on k\u00e4ytett\u00e4v\u00e4 kakkulautaa. Valmistus: Puola<\/p>","protected":false},"featured_media":6027,"template":"","meta":{"_seopress_robots_primary_cat":"none","_seopress_titles_title":"","_seopress_titles_desc":"","_seopress_robots_index":""},"product_brand":[],"product_cat":[180,15,131,136],"product_tag":[],"class_list":{"0":"post-6031","1":"product","2":"type-product","3":"status-publish","4":"has-post-thumbnail","6":"product_cat-wedding-products","7":"product_cat-all-products","8":"product_cat-25cm-base","9":"product_cat-tall-cake-boxes-h25cm","11":"first","12":"instock","13":"taxable","14":"shipping-taxable","15":"purchasable","16":"product-type-simple"},"_links":{"self":[{"href":"https:\/\/candeebaar.ee\/fi\/wp-json\/wp\/v2\/product\/6031","targetHints":{"allow":["GET"]}}],"collection":[{"href":"https:\/\/candeebaar.ee\/fi\/wp-json\/wp\/v2\/product"}],"about":[{"href":"https:\/\/candeebaar.ee\/fi\/wp-json\/wp\/v2\/types\/product"}],"version-history":[{"count":1,"href":"https:\/\/candeebaar.ee\/fi\/wp-json\/wp\/v2\/product\/6031\/revisions"}],"predecessor-version":[{"id":6032,"href":"https:\/\/candeebaar.ee\/fi\/wp-json\/wp\/v2\/product\/6031\/revisions\/6032"}],"wp:featuredmedia":[{"embeddable":true,"href":"https:\/\/candeebaar.ee\/fi\/wp-json\/wp\/v2\/media\/6027"}],"wp:attachment":[{"href":"https:\/\/candeebaar.ee\/fi\/wp-json\/wp\/v2\/media?parent=6031"}],"wp:term":[{"taxonomy":"product_brand","embeddable":true,"href":"https:\/\/candeebaar.ee\/fi\/wp-json\/wp\/v2\/product_brand?post=6031"},{"taxonomy":"product_cat","embeddable":true,"href":"https:\/\/candeebaar.ee\/fi\/wp-json\/wp\/v2\/product_cat?post=6031"},{"taxonomy":"product_tag","embeddable":true,"href":"https:\/\/candeebaar.ee\/fi\/wp-json\/wp\/v2\/product_tag?post=6031"}],"curies":[{"name":"wp","href":"https:\/\/api.w.org\/{rel}","templated":true}]}}