{"id":6037,"date":"2024-12-31T20:11:29","date_gmt":"2024-12-31T20:11:29","guid":{"rendered":"https:\/\/storetest.ivi.ee\/product\/metal-round-baking-mold-adjustable-16-30x12cm-2\/"},"modified":"2026-02-10T13:04:51","modified_gmt":"2026-02-10T11:04:51","slug":"metallinen-pyorea-uunivuoka-saadettava-16-30x12cm-2","status":"publish","type":"product","link":"https:\/\/candeebaar.ee\/fi\/kauppa\/metallinen-pyorea-uunivuoka-saadettava-16-30x12cm-2\/","title":{"rendered":"Metallinen py\u00f6re\u00e4 leivinmuotti, s\u00e4\u00e4dett\u00e4v\u00e4 16-30x12cm"},"content":{"rendered":"<p>Metallinen leivontamuotti keksien ja kakkujen kokoamiseen.<br \/>\n S\u00e4\u00e4dett\u00e4v\u00e4n muotin avulla voit luoda mink\u00e4 tahansa renkaan, jonka halkaisija on 16-30 cm ja korkeus 12 cm.<br \/>\n Korkeus: 12 cm<br \/>\n S\u00e4\u00e4d\u00e4ksesi s\u00e4\u00e4dett\u00e4v\u00e4n renkaan liikkumisen helppoutta, voit kirist\u00e4\u00e4 tai l\u00f6ys\u00e4t\u00e4 lukituskannattimia.<br \/>\n Materiaali: ruostumaton ter\u00e4s<\/p>","protected":false},"excerpt":{"rendered":"<p>Metallinen leivontamuotti keksien ja kakkujen kokoamiseen. S\u00e4\u00e4dett\u00e4v\u00e4n muotin avulla voit luoda mink\u00e4 tahansa renkaan, jonka halkaisija on 16-30 cm ja korkeus 12 cm. Korkeus: 12 cm S\u00e4\u00e4dett\u00e4v\u00e4n renkaan liikkuvuuden helpottamiseksi voit kirist\u00e4\u00e4 tai l\u00f6ys\u00e4\u00e4 lukituskiinnikkeit\u00e4. Materiaali: ruostumaton ter\u00e4s<\/p>","protected":false},"featured_media":5174,"template":"","meta":{"_seopress_robots_primary_cat":"","_seopress_titles_title":"","_seopress_titles_desc":"","_seopress_robots_index":""},"product_brand":[],"product_cat":[15,116],"product_tag":[],"class_list":{"0":"post-6037","1":"product","2":"type-product","3":"status-publish","4":"has-post-thumbnail","6":"product_cat-all-products","7":"product_cat-metal","9":"first","10":"instock","11":"taxable","12":"shipping-taxable","13":"purchasable","14":"product-type-simple"},"_links":{"self":[{"href":"https:\/\/candeebaar.ee\/fi\/wp-json\/wp\/v2\/product\/6037","targetHints":{"allow":["GET"]}}],"collection":[{"href":"https:\/\/candeebaar.ee\/fi\/wp-json\/wp\/v2\/product"}],"about":[{"href":"https:\/\/candeebaar.ee\/fi\/wp-json\/wp\/v2\/types\/product"}],"version-history":[{"count":1,"href":"https:\/\/candeebaar.ee\/fi\/wp-json\/wp\/v2\/product\/6037\/revisions"}],"predecessor-version":[{"id":6038,"href":"https:\/\/candeebaar.ee\/fi\/wp-json\/wp\/v2\/product\/6037\/revisions\/6038"}],"wp:featuredmedia":[{"embeddable":true,"href":"https:\/\/candeebaar.ee\/fi\/wp-json\/wp\/v2\/media\/5174"}],"wp:attachment":[{"href":"https:\/\/candeebaar.ee\/fi\/wp-json\/wp\/v2\/media?parent=6037"}],"wp:term":[{"taxonomy":"product_brand","embeddable":true,"href":"https:\/\/candeebaar.ee\/fi\/wp-json\/wp\/v2\/product_brand?post=6037"},{"taxonomy":"product_cat","embeddable":true,"href":"https:\/\/candeebaar.ee\/fi\/wp-json\/wp\/v2\/product_cat?post=6037"},{"taxonomy":"product_tag","embeddable":true,"href":"https:\/\/candeebaar.ee\/fi\/wp-json\/wp\/v2\/product_tag?post=6037"}],"curies":[{"name":"wp","href":"https:\/\/api.w.org\/{rel}","templated":true}]}}