{"id":6068,"date":"2024-12-31T20:11:36","date_gmt":"2024-12-31T20:11:36","guid":{"rendered":"https:\/\/storetest.ivi.ee\/product\/chocolate-mold-egg-105x70mm\/"},"modified":"2026-02-10T11:09:37","modified_gmt":"2026-02-10T09:09:37","slug":"suklaamuotin-muna-105x70mm","status":"publish","type":"product","link":"https:\/\/candeebaar.ee\/fi\/kauppa\/suklaamuotin-muna-105x70mm\/","title":{"rendered":"Suklaamuotti Muna 105x70mm"},"content":{"rendered":"<p>Kest\u00e4v\u00e4 kahdesta osasta valmistettu polykarbonaattimuotti, joka kiinnitet\u00e4\u00e4n klipseill\u00e4 (mukana).<br \/>\nSiin\u00e4 on teksturoitu kuvio.<br \/>\nVoidaan k\u00e4ytt\u00e4\u00e4 erikseen.<br \/>\nKoko munan koko: 105x70mm<br \/>\nMateriaali: polykarbonaatti<br \/>\nValmistaja: Kiina<\/p>","protected":false},"excerpt":{"rendered":"<p>Kest\u00e4v\u00e4 polykarbonaattimuotti kahdesta osasta, kiinnitet\u00e4\u00e4n klipseill\u00e4 (mukana). Siin\u00e4 on teksturoitu kuvio. Voidaan k\u00e4ytt\u00e4\u00e4 erikseen. Koko munan koko: 105x70mm Materiaali: polykarbonaatti Valmistaja: Kiina<\/p>","protected":false},"featured_media":6070,"template":"","meta":{"_seopress_robots_primary_cat":"none","_seopress_titles_title":"","_seopress_titles_desc":"","_seopress_robots_index":""},"product_brand":[],"product_cat":[178,15,82],"product_tag":[175],"class_list":{"0":"post-6068","1":"product","2":"type-product","3":"status-publish","4":"has-post-thumbnail","6":"product_cat-easter-products","7":"product_cat-all-products","8":"product_cat-chocolate-molds","9":"product_tag-easter","11":"first","12":"instock","13":"sale","14":"taxable","15":"shipping-taxable","16":"purchasable","17":"product-type-simple"},"_links":{"self":[{"href":"https:\/\/candeebaar.ee\/fi\/wp-json\/wp\/v2\/product\/6068","targetHints":{"allow":["GET"]}}],"collection":[{"href":"https:\/\/candeebaar.ee\/fi\/wp-json\/wp\/v2\/product"}],"about":[{"href":"https:\/\/candeebaar.ee\/fi\/wp-json\/wp\/v2\/types\/product"}],"version-history":[{"count":1,"href":"https:\/\/candeebaar.ee\/fi\/wp-json\/wp\/v2\/product\/6068\/revisions"}],"predecessor-version":[{"id":6069,"href":"https:\/\/candeebaar.ee\/fi\/wp-json\/wp\/v2\/product\/6068\/revisions\/6069"}],"wp:featuredmedia":[{"embeddable":true,"href":"https:\/\/candeebaar.ee\/fi\/wp-json\/wp\/v2\/media\/6070"}],"wp:attachment":[{"href":"https:\/\/candeebaar.ee\/fi\/wp-json\/wp\/v2\/media?parent=6068"}],"wp:term":[{"taxonomy":"product_brand","embeddable":true,"href":"https:\/\/candeebaar.ee\/fi\/wp-json\/wp\/v2\/product_brand?post=6068"},{"taxonomy":"product_cat","embeddable":true,"href":"https:\/\/candeebaar.ee\/fi\/wp-json\/wp\/v2\/product_cat?post=6068"},{"taxonomy":"product_tag","embeddable":true,"href":"https:\/\/candeebaar.ee\/fi\/wp-json\/wp\/v2\/product_tag?post=6068"}],"curies":[{"name":"wp","href":"https:\/\/api.w.org\/{rel}","templated":true}]}}