{"id":6077,"date":"2024-12-31T20:11:36","date_gmt":"2024-12-31T20:11:36","guid":{"rendered":"https:\/\/storetest.ivi.ee\/product\/chocolate-mold-easter-bunny-115x90mm\/"},"modified":"2026-03-11T22:13:24","modified_gmt":"2026-03-11T20:13:24","slug":"suklaamuotti-paasiaispupu-115x90mm","status":"publish","type":"product","link":"https:\/\/candeebaar.ee\/fi\/kauppa\/suklaamuotti-paasiaispupu-115x90mm\/","title":{"rendered":"Suklaamuotis \u201cEaster Bunny\u201d 115x90mm"},"content":{"rendered":"<p>Kest\u00e4v\u00e4 kahdesta osasta valmistettu polykarbonaattimuotti, joka kiinnitet\u00e4\u00e4n klipseill\u00e4 (mukana).<br \/>\nVoidaan k\u00e4ytt\u00e4\u00e4 erikseen.<br \/>\nKoko: 115x90x30mm<br \/>\nMateriaali: polykarbonaatti<br \/>\nValmistaja: Kiina<\/p>","protected":false},"excerpt":{"rendered":"<p>Kest\u00e4v\u00e4 polykarbonaattimuotti kahdesta osasta, kiinnitet\u00e4\u00e4n klipseill\u00e4 (mukana). Voidaan k\u00e4ytt\u00e4\u00e4 erikseen. Koko: 115x90x30mm Materiaali: polykarbonaatti Valmistaja: Kiina<\/p>","protected":false},"featured_media":6079,"template":"","meta":{"_seopress_robots_primary_cat":"none","_seopress_titles_title":"","_seopress_titles_desc":"","_seopress_robots_index":""},"product_brand":[],"product_cat":[178,15,82],"product_tag":[175],"class_list":{"0":"post-6077","1":"product","2":"type-product","3":"status-publish","4":"has-post-thumbnail","6":"product_cat-easter-products","7":"product_cat-all-products","8":"product_cat-chocolate-molds","9":"product_tag-easter","11":"first","12":"instock","13":"sale","14":"taxable","15":"shipping-taxable","16":"purchasable","17":"product-type-simple"},"_links":{"self":[{"href":"https:\/\/candeebaar.ee\/fi\/wp-json\/wp\/v2\/product\/6077","targetHints":{"allow":["GET"]}}],"collection":[{"href":"https:\/\/candeebaar.ee\/fi\/wp-json\/wp\/v2\/product"}],"about":[{"href":"https:\/\/candeebaar.ee\/fi\/wp-json\/wp\/v2\/types\/product"}],"version-history":[{"count":2,"href":"https:\/\/candeebaar.ee\/fi\/wp-json\/wp\/v2\/product\/6077\/revisions"}],"predecessor-version":[{"id":10398,"href":"https:\/\/candeebaar.ee\/fi\/wp-json\/wp\/v2\/product\/6077\/revisions\/10398"}],"wp:featuredmedia":[{"embeddable":true,"href":"https:\/\/candeebaar.ee\/fi\/wp-json\/wp\/v2\/media\/6079"}],"wp:attachment":[{"href":"https:\/\/candeebaar.ee\/fi\/wp-json\/wp\/v2\/media?parent=6077"}],"wp:term":[{"taxonomy":"product_brand","embeddable":true,"href":"https:\/\/candeebaar.ee\/fi\/wp-json\/wp\/v2\/product_brand?post=6077"},{"taxonomy":"product_cat","embeddable":true,"href":"https:\/\/candeebaar.ee\/fi\/wp-json\/wp\/v2\/product_cat?post=6077"},{"taxonomy":"product_tag","embeddable":true,"href":"https:\/\/candeebaar.ee\/fi\/wp-json\/wp\/v2\/product_tag?post=6077"}],"curies":[{"name":"wp","href":"https:\/\/api.w.org\/{rel}","templated":true}]}}