{"id":6080,"date":"2024-12-31T20:11:36","date_gmt":"2024-12-31T20:11:36","guid":{"rendered":"https:\/\/storetest.ivi.ee\/product\/silicone-mold-abc-xl\/"},"modified":"2026-04-05T17:20:04","modified_gmt":"2026-04-05T15:20:04","slug":"silikonimuotti-abc-xl","status":"publish","type":"product","link":"https:\/\/candeebaar.ee\/fi\/kauppa\/silikonimuotti-abc-xl\/","title":{"rendered":"Silikonimuotti ABC XL"},"content":{"rendered":"<p>Silikonimuotti sopii leivontaan ja suklaaseen.<br \/>\nKoko: 34 \u00d7 22,5 \u00d7 2,2 cm<br \/>\nA-kirjaimen koko: 53x34x22mm<br \/>\nMateriaali: elintarvikesilikoni<br \/>\nK\u00e4ytt\u00f6l\u00e4mp\u00f6tila: -30\u00b0C - 230\u00b0C<br \/>\nValmistaja: Kiina<\/p>","protected":false},"excerpt":{"rendered":"<p>Silikonimuotti sopii leivontaan ja suklaalle. Koko: 34\u00d722,5\u00d72,2cm Kirjaimen koko A: 53x34x22mm Materiaali: elintarvikesilikoni K\u00e4ytt\u00f6l\u00e4mp\u00f6tila: -30\u00b0C - 230\u00b0C Valmistaja: Kiina<\/p>","protected":false},"featured_media":6082,"template":"","meta":{"_seopress_robots_primary_cat":"","_seopress_titles_title":"","_seopress_titles_desc":"","_seopress_robots_index":""},"product_brand":[],"product_cat":[15,82,124],"product_tag":[],"class_list":{"0":"post-6080","1":"product","2":"type-product","3":"status-publish","4":"has-post-thumbnail","6":"product_cat-all-products","7":"product_cat-chocolate-molds","8":"product_cat-letters-and-numbers","10":"first","11":"instock","12":"sale","13":"taxable","14":"shipping-taxable","15":"purchasable","16":"product-type-simple"},"_links":{"self":[{"href":"https:\/\/candeebaar.ee\/fi\/wp-json\/wp\/v2\/product\/6080","targetHints":{"allow":["GET"]}}],"collection":[{"href":"https:\/\/candeebaar.ee\/fi\/wp-json\/wp\/v2\/product"}],"about":[{"href":"https:\/\/candeebaar.ee\/fi\/wp-json\/wp\/v2\/types\/product"}],"version-history":[{"count":1,"href":"https:\/\/candeebaar.ee\/fi\/wp-json\/wp\/v2\/product\/6080\/revisions"}],"predecessor-version":[{"id":6081,"href":"https:\/\/candeebaar.ee\/fi\/wp-json\/wp\/v2\/product\/6080\/revisions\/6081"}],"wp:featuredmedia":[{"embeddable":true,"href":"https:\/\/candeebaar.ee\/fi\/wp-json\/wp\/v2\/media\/6082"}],"wp:attachment":[{"href":"https:\/\/candeebaar.ee\/fi\/wp-json\/wp\/v2\/media?parent=6080"}],"wp:term":[{"taxonomy":"product_brand","embeddable":true,"href":"https:\/\/candeebaar.ee\/fi\/wp-json\/wp\/v2\/product_brand?post=6080"},{"taxonomy":"product_cat","embeddable":true,"href":"https:\/\/candeebaar.ee\/fi\/wp-json\/wp\/v2\/product_cat?post=6080"},{"taxonomy":"product_tag","embeddable":true,"href":"https:\/\/candeebaar.ee\/fi\/wp-json\/wp\/v2\/product_tag?post=6080"}],"curies":[{"name":"wp","href":"https:\/\/api.w.org\/{rel}","templated":true}]}}