{"id":6083,"date":"2024-12-31T20:11:36","date_gmt":"2024-12-31T20:11:36","guid":{"rendered":"https:\/\/storetest.ivi.ee\/product\/silicone-mold-mega-donut\/"},"modified":"2025-11-05T13:01:07","modified_gmt":"2025-11-05T11:01:07","slug":"silikonimuotti-mega-donitsi","status":"publish","type":"product","link":"https:\/\/candeebaar.ee\/fi\/kauppa\/silikonimuotti-mega-donitsi\/","title":{"rendered":"Silikonimuotti Mega-Donut"},"content":{"rendered":"<p>Silikonimuotti sopii leivontaan ja moussekakkuihin.<br \/>\nDonitsin koko: 22 x 5 cm<br \/>\nMateriaali: elintarvikesilikoni<br \/>\nK\u00e4ytt\u00f6l\u00e4mp\u00f6tila: -30\u00b0C - 230\u00b0C<br \/>\nValmistaja: Kiina<\/p>","protected":false},"excerpt":{"rendered":"<p>Silikonimuotti sopii leivontaan ja moussekakkuihin. Donitsin koko: 22x5cm Materiaali: elintarvikesilikoni K\u00e4ytt\u00f6l\u00e4mp\u00f6tila: -30\u00b0C - 230\u00b0C Valmistaja: Kiina<\/p>","protected":false},"featured_media":6085,"template":"","meta":{"_seopress_robots_primary_cat":"","_seopress_titles_title":"","_seopress_titles_desc":"","_seopress_robots_index":""},"product_brand":[],"product_cat":[15,118,82,123],"product_tag":[],"class_list":{"0":"post-6083","1":"product","2":"type-product","3":"status-publish","4":"has-post-thumbnail","6":"product_cat-all-products","7":"product_cat-silicone-and-plastic","8":"product_cat-chocolate-molds","9":"product_cat-geometry","11":"first","12":"instock","13":"sale","14":"taxable","15":"shipping-taxable","16":"purchasable","17":"product-type-simple"},"_links":{"self":[{"href":"https:\/\/candeebaar.ee\/fi\/wp-json\/wp\/v2\/product\/6083","targetHints":{"allow":["GET"]}}],"collection":[{"href":"https:\/\/candeebaar.ee\/fi\/wp-json\/wp\/v2\/product"}],"about":[{"href":"https:\/\/candeebaar.ee\/fi\/wp-json\/wp\/v2\/types\/product"}],"version-history":[{"count":1,"href":"https:\/\/candeebaar.ee\/fi\/wp-json\/wp\/v2\/product\/6083\/revisions"}],"predecessor-version":[{"id":6084,"href":"https:\/\/candeebaar.ee\/fi\/wp-json\/wp\/v2\/product\/6083\/revisions\/6084"}],"wp:featuredmedia":[{"embeddable":true,"href":"https:\/\/candeebaar.ee\/fi\/wp-json\/wp\/v2\/media\/6085"}],"wp:attachment":[{"href":"https:\/\/candeebaar.ee\/fi\/wp-json\/wp\/v2\/media?parent=6083"}],"wp:term":[{"taxonomy":"product_brand","embeddable":true,"href":"https:\/\/candeebaar.ee\/fi\/wp-json\/wp\/v2\/product_brand?post=6083"},{"taxonomy":"product_cat","embeddable":true,"href":"https:\/\/candeebaar.ee\/fi\/wp-json\/wp\/v2\/product_cat?post=6083"},{"taxonomy":"product_tag","embeddable":true,"href":"https:\/\/candeebaar.ee\/fi\/wp-json\/wp\/v2\/product_tag?post=6083"}],"curies":[{"name":"wp","href":"https:\/\/api.w.org\/{rel}","templated":true}]}}