{"id":6089,"date":"2024-12-31T20:11:36","date_gmt":"2024-12-31T20:11:36","guid":{"rendered":"https:\/\/storetest.ivi.ee\/product\/90-spatula\/"},"modified":"2026-04-04T06:24:51","modified_gmt":"2026-04-04T04:24:51","slug":"90-lasta","status":"publish","type":"product","link":"https:\/\/candeebaar.ee\/fi\/kauppa\/90-lasta\/","title":{"rendered":"90\u00b0 lastalla"},"content":{"rendered":"<p>Muovinen lastalla s\u00e4\u00e4dett\u00e4v\u00e4 korkeus auttaa saavuttamaan oikean kulman kakun karkean tasoituksen aikana. Lopulliseen tasoittamiseen on parempi k\u00e4ytt\u00e4\u00e4 klassista lastaa.<br \/>\nKakun korkeus: 6-20 cm<br \/>\nKakun leveys: jopa 31 cm<br \/>\nValmistaja: Kiina<\/p>","protected":false},"excerpt":{"rendered":"<p>Muovinen lastalla s\u00e4\u00e4dett\u00e4v\u00e4 korkeus auttaa saavuttamaan oikean kulman kakun karkean tasoituksen aikana. Lopulliseen tasoittamiseen on parempi k\u00e4ytt\u00e4\u00e4 klassista lastaa. Kakun korkeus: 6-20 cm Kakun leveys: jopa 31 cm Valmistaja: Kiina<\/p>","protected":false},"featured_media":6091,"template":"","meta":{"_seopress_robots_primary_cat":"none","_seopress_titles_title":"","_seopress_titles_desc":"","_seopress_robots_index":""},"product_brand":[],"product_cat":[15,84],"product_tag":[],"class_list":{"0":"post-6089","1":"product","2":"type-product","3":"status-publish","4":"has-post-thumbnail","6":"product_cat-all-products","7":"product_cat-tools","9":"first","10":"instock","11":"taxable","12":"shipping-taxable","13":"purchasable","14":"product-type-simple"},"_links":{"self":[{"href":"https:\/\/candeebaar.ee\/fi\/wp-json\/wp\/v2\/product\/6089","targetHints":{"allow":["GET"]}}],"collection":[{"href":"https:\/\/candeebaar.ee\/fi\/wp-json\/wp\/v2\/product"}],"about":[{"href":"https:\/\/candeebaar.ee\/fi\/wp-json\/wp\/v2\/types\/product"}],"version-history":[{"count":1,"href":"https:\/\/candeebaar.ee\/fi\/wp-json\/wp\/v2\/product\/6089\/revisions"}],"predecessor-version":[{"id":6090,"href":"https:\/\/candeebaar.ee\/fi\/wp-json\/wp\/v2\/product\/6089\/revisions\/6090"}],"wp:featuredmedia":[{"embeddable":true,"href":"https:\/\/candeebaar.ee\/fi\/wp-json\/wp\/v2\/media\/6091"}],"wp:attachment":[{"href":"https:\/\/candeebaar.ee\/fi\/wp-json\/wp\/v2\/media?parent=6089"}],"wp:term":[{"taxonomy":"product_brand","embeddable":true,"href":"https:\/\/candeebaar.ee\/fi\/wp-json\/wp\/v2\/product_brand?post=6089"},{"taxonomy":"product_cat","embeddable":true,"href":"https:\/\/candeebaar.ee\/fi\/wp-json\/wp\/v2\/product_cat?post=6089"},{"taxonomy":"product_tag","embeddable":true,"href":"https:\/\/candeebaar.ee\/fi\/wp-json\/wp\/v2\/product_tag?post=6089"}],"curies":[{"name":"wp","href":"https:\/\/api.w.org\/{rel}","templated":true}]}}