{"id":6092,"date":"2024-12-31T20:11:36","date_gmt":"2024-12-31T20:11:36","guid":{"rendered":"https:\/\/storetest.ivi.ee\/product\/14cm-decorating-tweezers\/"},"modified":"2025-12-02T17:24:40","modified_gmt":"2025-12-02T15:24:40","slug":"14-cm-koristepinsetit","status":"publish","type":"product","link":"https:\/\/candeebaar.ee\/fi\/kauppa\/14-cm-koristepinsetit\/","title":{"rendered":"14 cm koristepinsetit"},"content":{"rendered":"<p>Pinsetit hienoon ty\u00f6h\u00f6n koriste-elementtien kanssa.<br \/>\nMateriaali: ter\u00e4s<br \/>\nKoko: 14 cm<\/p>","protected":false},"excerpt":{"rendered":"<p>Pinsetit hienoon ty\u00f6h\u00f6n koriste-elementtien kanssa. Materiaali: ter\u00e4s Koko: 14 cm<\/p>","protected":false},"featured_media":6094,"template":"","meta":{"_seopress_robots_primary_cat":"","_seopress_titles_title":"","_seopress_titles_desc":"","_seopress_robots_index":""},"product_brand":[],"product_cat":[178,15,104,84],"product_tag":[],"class_list":{"0":"post-6092","1":"product","2":"type-product","3":"status-publish","4":"has-post-thumbnail","6":"product_cat-easter-products","7":"product_cat-all-products","8":"product_cat-sprinkles","9":"product_cat-tools","11":"first","12":"outofstock","13":"taxable","14":"shipping-taxable","15":"purchasable","16":"product-type-simple"},"_links":{"self":[{"href":"https:\/\/candeebaar.ee\/fi\/wp-json\/wp\/v2\/product\/6092","targetHints":{"allow":["GET"]}}],"collection":[{"href":"https:\/\/candeebaar.ee\/fi\/wp-json\/wp\/v2\/product"}],"about":[{"href":"https:\/\/candeebaar.ee\/fi\/wp-json\/wp\/v2\/types\/product"}],"version-history":[{"count":1,"href":"https:\/\/candeebaar.ee\/fi\/wp-json\/wp\/v2\/product\/6092\/revisions"}],"predecessor-version":[{"id":6093,"href":"https:\/\/candeebaar.ee\/fi\/wp-json\/wp\/v2\/product\/6092\/revisions\/6093"}],"wp:featuredmedia":[{"embeddable":true,"href":"https:\/\/candeebaar.ee\/fi\/wp-json\/wp\/v2\/media\/6094"}],"wp:attachment":[{"href":"https:\/\/candeebaar.ee\/fi\/wp-json\/wp\/v2\/media?parent=6092"}],"wp:term":[{"taxonomy":"product_brand","embeddable":true,"href":"https:\/\/candeebaar.ee\/fi\/wp-json\/wp\/v2\/product_brand?post=6092"},{"taxonomy":"product_cat","embeddable":true,"href":"https:\/\/candeebaar.ee\/fi\/wp-json\/wp\/v2\/product_cat?post=6092"},{"taxonomy":"product_tag","embeddable":true,"href":"https:\/\/candeebaar.ee\/fi\/wp-json\/wp\/v2\/product_tag?post=6092"}],"curies":[{"name":"wp","href":"https:\/\/api.w.org\/{rel}","templated":true}]}}