{"id":6098,"date":"2024-12-31T20:11:42","date_gmt":"2024-12-31T20:11:42","guid":{"rendered":"https:\/\/storetest.ivi.ee\/product\/metal-spatula-for-transferring-20x20-cm\/"},"modified":"2026-03-31T12:23:28","modified_gmt":"2026-03-31T10:23:28","slug":"metallinen-lasta-20x20-cm-siirtoon","status":"publish","type":"product","link":"https:\/\/candeebaar.ee\/fi\/kauppa\/metallinen-lasta-20x20-cm-siirtoon\/","title":{"rendered":"Metallinen lasta 20\u00d720 cm siirt\u00e4miseen"},"content":{"rendered":"<p>K\u00e4tev\u00e4 ter\u00e4slapa keksien, kakkujen, pizzojen jne. siirt\u00e4miseen.<br \/>\nTy\u00f6osa 20\u00d720 cm mahdollistaa jopa 30 cm:n ja suuremman esineen siirt\u00e4misen ilman vaurioita.<br \/>\nMateriaali: ter\u00e4s<br \/>\nValmistaja: Kiina<\/p>","protected":false},"excerpt":{"rendered":"<p>K\u00e4tev\u00e4 ter\u00e4slasta keksien, kakkujen, pizzojen jne. siirt\u00e4miseen. Ty\u00f6osa 20\u00d720 cm mahdollistaa jopa 30 cm:n ja suurempien esineiden siirt\u00e4misen ilman vaurioita. Materiaali: ter\u00e4s Valmistaja: Kiina<\/p>","protected":false},"featured_media":6100,"template":"","meta":{"_seopress_robots_primary_cat":"none","_seopress_titles_title":"","_seopress_titles_desc":"","_seopress_robots_index":""},"product_brand":[],"product_cat":[15],"product_tag":[],"class_list":{"0":"post-6098","1":"product","2":"type-product","3":"status-publish","4":"has-post-thumbnail","6":"product_cat-all-products","8":"first","9":"instock","10":"sale","11":"taxable","12":"shipping-taxable","13":"purchasable","14":"product-type-simple"},"_links":{"self":[{"href":"https:\/\/candeebaar.ee\/fi\/wp-json\/wp\/v2\/product\/6098","targetHints":{"allow":["GET"]}}],"collection":[{"href":"https:\/\/candeebaar.ee\/fi\/wp-json\/wp\/v2\/product"}],"about":[{"href":"https:\/\/candeebaar.ee\/fi\/wp-json\/wp\/v2\/types\/product"}],"version-history":[{"count":1,"href":"https:\/\/candeebaar.ee\/fi\/wp-json\/wp\/v2\/product\/6098\/revisions"}],"predecessor-version":[{"id":6099,"href":"https:\/\/candeebaar.ee\/fi\/wp-json\/wp\/v2\/product\/6098\/revisions\/6099"}],"wp:featuredmedia":[{"embeddable":true,"href":"https:\/\/candeebaar.ee\/fi\/wp-json\/wp\/v2\/media\/6100"}],"wp:attachment":[{"href":"https:\/\/candeebaar.ee\/fi\/wp-json\/wp\/v2\/media?parent=6098"}],"wp:term":[{"taxonomy":"product_brand","embeddable":true,"href":"https:\/\/candeebaar.ee\/fi\/wp-json\/wp\/v2\/product_brand?post=6098"},{"taxonomy":"product_cat","embeddable":true,"href":"https:\/\/candeebaar.ee\/fi\/wp-json\/wp\/v2\/product_cat?post=6098"},{"taxonomy":"product_tag","embeddable":true,"href":"https:\/\/candeebaar.ee\/fi\/wp-json\/wp\/v2\/product_tag?post=6098"}],"curies":[{"name":"wp","href":"https:\/\/api.w.org\/{rel}","templated":true}]}}