{"id":6111,"date":"2024-12-31T20:11:42","date_gmt":"2024-12-31T20:11:42","guid":{"rendered":"https:\/\/storetest.ivi.ee\/product\/baking-mold-for-easter-cakes-110x85mm-10pcs\/"},"modified":"2026-04-07T18:37:43","modified_gmt":"2026-04-07T16:37:43","slug":"leivontamuotti-paasiaiskakkuille-110x85mm-10kpl","status":"publish","type":"product","link":"https:\/\/candeebaar.ee\/fi\/kauppa\/leivontamuotti-paasiaiskakkuille-110x85mm-10kpl\/","title":{"rendered":"P\u00e4\u00e4si\u00e4iskakkuvuoka 110x65mm 10 kpl"},"content":{"rendered":"<p>Paperimuotti soveltuu p\u00e4\u00e4si\u00e4iskakkujen leivontaan.<br \/>\nLeveys: 110mm<br \/>\nKorkeus: 65 mm<br \/>\nMateriaali: kuviollinen rei&#039;itetty paperi.<br \/>\nValmiin kakun paino: noin 300g.<br \/>\nPakkauksessa: 10kpl.<br \/>\nValmistaja: Italia<\/p>","protected":false},"excerpt":{"rendered":"<p>Paperivuoka soveltuu p\u00e4\u00e4si\u00e4iskakkujen leipomiseen. Leveys: 110 mm Korkeus: 65 mm Materiaali: kuviollinen rei&#039;itetty paperi. Valmiin kakun paino: noin 300 g. Pakkauksessa: 10 kpl. Valmistaja: Italia<\/p>","protected":false},"featured_media":15929,"template":"","meta":{"_seopress_robots_primary_cat":"none","_seopress_titles_title":"Paper perforated molds set of x10 size 110x85mm for Easter cakes!","_seopress_titles_desc":"Top quality and classic design make this molds a perfect fit for baking Ester cakes! We have many sizes in stock selling by x10 x100 or bigger quantities!","_seopress_robots_index":""},"product_brand":[],"product_cat":[178,15,117,90],"product_tag":[175],"class_list":{"0":"post-6111","1":"product","2":"type-product","3":"status-publish","4":"has-post-thumbnail","6":"product_cat-easter-products","7":"product_cat-all-products","8":"product_cat-paper","9":"product_cat-paper-cups-and-tulips","10":"product_tag-easter","12":"first","13":"instock","14":"taxable","15":"shipping-taxable","16":"purchasable","17":"product-type-simple"},"_links":{"self":[{"href":"https:\/\/candeebaar.ee\/fi\/wp-json\/wp\/v2\/product\/6111","targetHints":{"allow":["GET"]}}],"collection":[{"href":"https:\/\/candeebaar.ee\/fi\/wp-json\/wp\/v2\/product"}],"about":[{"href":"https:\/\/candeebaar.ee\/fi\/wp-json\/wp\/v2\/types\/product"}],"version-history":[{"count":3,"href":"https:\/\/candeebaar.ee\/fi\/wp-json\/wp\/v2\/product\/6111\/revisions"}],"predecessor-version":[{"id":15932,"href":"https:\/\/candeebaar.ee\/fi\/wp-json\/wp\/v2\/product\/6111\/revisions\/15932"}],"wp:featuredmedia":[{"embeddable":true,"href":"https:\/\/candeebaar.ee\/fi\/wp-json\/wp\/v2\/media\/15929"}],"wp:attachment":[{"href":"https:\/\/candeebaar.ee\/fi\/wp-json\/wp\/v2\/media?parent=6111"}],"wp:term":[{"taxonomy":"product_brand","embeddable":true,"href":"https:\/\/candeebaar.ee\/fi\/wp-json\/wp\/v2\/product_brand?post=6111"},{"taxonomy":"product_cat","embeddable":true,"href":"https:\/\/candeebaar.ee\/fi\/wp-json\/wp\/v2\/product_cat?post=6111"},{"taxonomy":"product_tag","embeddable":true,"href":"https:\/\/candeebaar.ee\/fi\/wp-json\/wp\/v2\/product_tag?post=6111"}],"curies":[{"name":"wp","href":"https:\/\/api.w.org\/{rel}","templated":true}]}}