{"id":6119,"date":"2024-12-31T20:11:42","date_gmt":"2024-12-31T20:11:42","guid":{"rendered":"https:\/\/storetest.ivi.ee\/product\/baking-mold-for-easter-cakes-110x85mm-100pcs\/"},"modified":"2026-04-01T13:01:39","modified_gmt":"2026-04-01T11:01:39","slug":"leivontamuotti-paasiaiskakkuille-110x85mm-100kpl","status":"publish","type":"product","link":"https:\/\/candeebaar.ee\/fi\/kauppa\/leivontamuotti-paasiaiskakkuille-110x85mm-100kpl\/","title":{"rendered":"P\u00e4\u00e4si\u00e4iskakkuvuoka 110x65mm 100 kpl"},"content":{"rendered":"<p>Paperimuotti soveltuu p\u00e4\u00e4si\u00e4iskakkujen leivontaan.<br \/>\nLeveys: 110mm<br \/>\nKorkeus: 65 mm<br \/>\nMateriaali: kuviollinen rei&#039;itetty paperi.<br \/>\nValmiin kakun paino: noin 300g.<br \/>\nPakkauksessa on 100 kpl.<br \/>\nValmistaja: Italia<\/p>","protected":false},"excerpt":{"rendered":"<p>Paperivuoka sopii p\u00e4\u00e4si\u00e4iskakkujen leipomiseen. Leveys: 110 mm Korkeus: 65 mm Materiaali: kuviollinen rei&#039;itetty paperi. Valmiin kakun paino: noin 300 g. Pakkauksessa on 100 kpl. Valmistaja: Italia<\/p>","protected":false},"featured_media":15929,"template":"","meta":{"_seopress_robots_primary_cat":"none","_seopress_titles_title":"Paper perforated molds set of x100 size 110x85mm for Easter cakes!","_seopress_titles_desc":"Top quality and classic design make this molds a perfect fit for baking Ester cakes! We have many sizes in stock selling by x10 x100 or bigger quantities!","_seopress_robots_index":""},"product_brand":[],"product_cat":[178,15,117,90,109],"product_tag":[175],"class_list":{"0":"post-6119","1":"product","2":"type-product","3":"status-publish","4":"has-post-thumbnail","6":"product_cat-easter-products","7":"product_cat-all-products","8":"product_cat-paper","9":"product_cat-paper-cups-and-tulips","10":"product_cat-sale","11":"product_tag-easter","13":"first","14":"instock","15":"taxable","16":"shipping-taxable","17":"purchasable","18":"product-type-simple"},"_links":{"self":[{"href":"https:\/\/candeebaar.ee\/fi\/wp-json\/wp\/v2\/product\/6119","targetHints":{"allow":["GET"]}}],"collection":[{"href":"https:\/\/candeebaar.ee\/fi\/wp-json\/wp\/v2\/product"}],"about":[{"href":"https:\/\/candeebaar.ee\/fi\/wp-json\/wp\/v2\/types\/product"}],"version-history":[{"count":3,"href":"https:\/\/candeebaar.ee\/fi\/wp-json\/wp\/v2\/product\/6119\/revisions"}],"predecessor-version":[{"id":15934,"href":"https:\/\/candeebaar.ee\/fi\/wp-json\/wp\/v2\/product\/6119\/revisions\/15934"}],"wp:featuredmedia":[{"embeddable":true,"href":"https:\/\/candeebaar.ee\/fi\/wp-json\/wp\/v2\/media\/15929"}],"wp:attachment":[{"href":"https:\/\/candeebaar.ee\/fi\/wp-json\/wp\/v2\/media?parent=6119"}],"wp:term":[{"taxonomy":"product_brand","embeddable":true,"href":"https:\/\/candeebaar.ee\/fi\/wp-json\/wp\/v2\/product_brand?post=6119"},{"taxonomy":"product_cat","embeddable":true,"href":"https:\/\/candeebaar.ee\/fi\/wp-json\/wp\/v2\/product_cat?post=6119"},{"taxonomy":"product_tag","embeddable":true,"href":"https:\/\/candeebaar.ee\/fi\/wp-json\/wp\/v2\/product_tag?post=6119"}],"curies":[{"name":"wp","href":"https:\/\/api.w.org\/{rel}","templated":true}]}}