{"id":6123,"date":"2024-12-31T20:11:42","date_gmt":"2024-12-31T20:11:42","guid":{"rendered":"https:\/\/storetest.ivi.ee\/product\/agar-agar-pure-sosa-100g\/"},"modified":"2025-05-21T15:31:35","modified_gmt":"2025-05-21T13:31:35","slug":"agar-agar-puhdasta-sosaa-100g","status":"publish","type":"product","link":"https:\/\/candeebaar.ee\/fi\/kauppa\/agar-agar-puhdasta-sosaa-100g\/","title":{"rendered":"Agar-agar Pure Sosa 100g"},"content":{"rendered":"<p>Ammattimainen agar-agar (E406).<br \/>\nK\u00e4ytt\u00f6: Kuumenna seos 90\u00b0C:een ja j\u00e4\u00e4hdyt\u00e4 60\u00b0C:een geeliytymist\u00e4 varten. Prosessi voidaan toistaa kuinka monta kertaa tahansa.<br \/>\nAnnostus: 2-15g per 1kg tuotetta.<br \/>\nValmistaja: Sosa, Espanja<\/p>","protected":false},"excerpt":{"rendered":"<p>Ammattimainen agar-agar (E406). K\u00e4ytt\u00f6: Kuumenna seos 90\u00b0C:een ja j\u00e4\u00e4hdyt\u00e4 60\u00b0C:een hyytel\u00f6imist\u00e4 varten. Prosessi voidaan toistaa kuinka monta kertaa tahansa. Annostus: 2-15g per 1kg tuotetta. Valmistaja: Sosa, Espanja<\/p>","protected":false},"featured_media":6125,"template":"","meta":{"_seopress_robots_primary_cat":"","_seopress_titles_title":"","_seopress_titles_desc":"","_seopress_robots_index":""},"product_brand":[],"product_cat":[15,100],"product_tag":[],"class_list":{"0":"post-6123","1":"product","2":"type-product","3":"status-publish","4":"has-post-thumbnail","6":"product_cat-all-products","7":"product_cat-thickeners","9":"first","10":"outofstock","11":"taxable","12":"shipping-taxable","13":"purchasable","14":"product-type-simple"},"_links":{"self":[{"href":"https:\/\/candeebaar.ee\/fi\/wp-json\/wp\/v2\/product\/6123","targetHints":{"allow":["GET"]}}],"collection":[{"href":"https:\/\/candeebaar.ee\/fi\/wp-json\/wp\/v2\/product"}],"about":[{"href":"https:\/\/candeebaar.ee\/fi\/wp-json\/wp\/v2\/types\/product"}],"version-history":[{"count":1,"href":"https:\/\/candeebaar.ee\/fi\/wp-json\/wp\/v2\/product\/6123\/revisions"}],"predecessor-version":[{"id":6124,"href":"https:\/\/candeebaar.ee\/fi\/wp-json\/wp\/v2\/product\/6123\/revisions\/6124"}],"wp:featuredmedia":[{"embeddable":true,"href":"https:\/\/candeebaar.ee\/fi\/wp-json\/wp\/v2\/media\/6125"}],"wp:attachment":[{"href":"https:\/\/candeebaar.ee\/fi\/wp-json\/wp\/v2\/media?parent=6123"}],"wp:term":[{"taxonomy":"product_brand","embeddable":true,"href":"https:\/\/candeebaar.ee\/fi\/wp-json\/wp\/v2\/product_brand?post=6123"},{"taxonomy":"product_cat","embeddable":true,"href":"https:\/\/candeebaar.ee\/fi\/wp-json\/wp\/v2\/product_cat?post=6123"},{"taxonomy":"product_tag","embeddable":true,"href":"https:\/\/candeebaar.ee\/fi\/wp-json\/wp\/v2\/product_tag?post=6123"}],"curies":[{"name":"wp","href":"https:\/\/api.w.org\/{rel}","templated":true}]}}