{"id":6126,"date":"2024-12-31T20:11:42","date_gmt":"2024-12-31T20:11:42","guid":{"rendered":"https:\/\/storetest.ivi.ee\/product\/choco-sheets-25-sheets-kopyform\/"},"modified":"2026-04-08T09:36:19","modified_gmt":"2026-04-08T07:36:19","slug":"suklaalevyt-25-arkkia-kopyform","status":"publish","type":"product","link":"https:\/\/candeebaar.ee\/fi\/kauppa\/suklaalevyt-25-arkkia-kopyform\/","title":{"rendered":"Choco Sheets (25 arkkia) Kopyform"},"content":{"rendered":"<p>Suklaansiirtopaperi ammattik\u00e4ytt\u00f6\u00f6n.<br \/>\nKoostumus: maissijauho, vesi, kaakaovoi, siirappi, kuiva munanvalkuainen (sis <strong>muna<\/strong> ja <strong>laktoosi<\/strong>, koostuu kuivasta proteiinista <strong>kananmuna<\/strong>, kuivarasvattu <strong>maitoa<\/strong>, stabilointiaineet E415, E466, happamuudens\u00e4\u00e4t\u00f6aine E330, leivinjauhe E500), sakeuttamisaine E1422, perunat\u00e4rkkelys. , oliivi\u00f6ljy, s\u00e4il\u00f6nt\u00e4aine E202.<br \/>\nPaino: 240g<br \/>\n100g sis\u00e4lt\u00e4\u00e4:<br \/>\n1845kJ\/440kcal<br \/>\nRasvat (tyydyttyneet): 22g (19g)<br \/>\nHiilihydraatit (sokeri): 60g (10g)<br \/>\nProteiinit: 10 g<br \/>\nSuola: 2,54 g<br \/>\nArkin koko: A4 (25 kpl)<br \/>\nS\u00e4ilyt\u00e4 ilmatiiviiss\u00e4 pakkauksessa pime\u00e4ss\u00e4 viile\u00e4ss\u00e4 paikassa.<br \/>\nValmistaja: Saksa Kopyform<\/p>","protected":false},"excerpt":{"rendered":"<p>Suklaasiirtopaperi ammattik\u00e4ytt\u00f6\u00f6n. Koostumus: maissijauho, vesi, kaakaovoi, siirappi, kuiva munanvalkuainen (sis\u00e4lt\u00e4\u00e4 kananmunaa ja laktoosia, sis\u00e4lt\u00e4\u00e4 kananmunan kuivaa proteiinia, kuiva rasvaton maito, stabilointiaineet E415, E466, happamuudens\u00e4\u00e4t\u00f6aine E330, leivinjauhe E500), sakeuttamisaine E1422, perunat\u00e4rkkelys. , oliivi\u00f6ljy, s\u00e4il\u00f6nt\u00e4aine E202. Paino: 240g 100g sis\u00e4lt\u00e4\u00e4: 1845kJ\/440kcal Rasvat (tyydyttyneet): [\u2026]<\/p>","protected":false},"featured_media":10522,"template":"","meta":{"_seopress_robots_primary_cat":"none","_seopress_titles_title":"","_seopress_titles_desc":"","_seopress_robots_index":""},"product_brand":[],"product_cat":[15,105],"product_tag":[],"class_list":{"0":"post-6126","1":"product","2":"type-product","3":"status-publish","4":"has-post-thumbnail","6":"product_cat-all-products","7":"product_cat-edible-print","9":"first","10":"instock","11":"taxable","12":"shipping-taxable","13":"purchasable","14":"product-type-simple"},"_links":{"self":[{"href":"https:\/\/candeebaar.ee\/fi\/wp-json\/wp\/v2\/product\/6126","targetHints":{"allow":["GET"]}}],"collection":[{"href":"https:\/\/candeebaar.ee\/fi\/wp-json\/wp\/v2\/product"}],"about":[{"href":"https:\/\/candeebaar.ee\/fi\/wp-json\/wp\/v2\/types\/product"}],"version-history":[{"count":3,"href":"https:\/\/candeebaar.ee\/fi\/wp-json\/wp\/v2\/product\/6126\/revisions"}],"predecessor-version":[{"id":10520,"href":"https:\/\/candeebaar.ee\/fi\/wp-json\/wp\/v2\/product\/6126\/revisions\/10520"}],"wp:featuredmedia":[{"embeddable":true,"href":"https:\/\/candeebaar.ee\/fi\/wp-json\/wp\/v2\/media\/10522"}],"wp:attachment":[{"href":"https:\/\/candeebaar.ee\/fi\/wp-json\/wp\/v2\/media?parent=6126"}],"wp:term":[{"taxonomy":"product_brand","embeddable":true,"href":"https:\/\/candeebaar.ee\/fi\/wp-json\/wp\/v2\/product_brand?post=6126"},{"taxonomy":"product_cat","embeddable":true,"href":"https:\/\/candeebaar.ee\/fi\/wp-json\/wp\/v2\/product_cat?post=6126"},{"taxonomy":"product_tag","embeddable":true,"href":"https:\/\/candeebaar.ee\/fi\/wp-json\/wp\/v2\/product_tag?post=6126"}],"curies":[{"name":"wp","href":"https:\/\/api.w.org\/{rel}","templated":true}]}}