{"id":6145,"date":"2024-12-31T20:11:42","date_gmt":"2024-12-31T20:11:42","guid":{"rendered":"https:\/\/storetest.ivi.ee\/product\/cake-bag-90x90-10pcs\/"},"modified":"2026-04-09T15:12:35","modified_gmt":"2026-04-09T13:12:35","slug":"kakkupussi-90x90-10kpl","status":"publish","type":"product","link":"https:\/\/candeebaar.ee\/fi\/kauppa\/kakkupussi-90x90-10kpl\/","title":{"rendered":"P\u00e4\u00e4si\u00e4iskakkupussi 90\u00d790 10 kpl"},"content":{"rendered":"<p>L\u00e4pin\u00e4kyv\u00e4 tasapohjainen polypropeenista valmistettu pussi kakulle.<br \/>\n Soveltuu 90x90 mm kokoisille kakuille.<br \/>\n Koko: 30 x 18 cm<br \/>\n <strong>Kakkumuotit myyd\u00e4\u00e4n erikseen.<\/strong><\/p>","protected":false},"excerpt":{"rendered":"<p>L\u00e4pin\u00e4kyv\u00e4 tasapohjainen polypropeenista valmistettu pussi kakulle. Soveltuu 90x90 mm kokoisille kakuille. Koko: 30x18cm Kakkumuotit myyd\u00e4\u00e4n erikseen.<\/p>","protected":false},"featured_media":6147,"template":"","meta":{"_seopress_robots_primary_cat":"","_seopress_titles_title":"","_seopress_titles_desc":"","_seopress_robots_index":""},"product_brand":[],"product_cat":[178,15,95],"product_tag":[],"class_list":{"0":"post-6145","1":"product","2":"type-product","3":"status-publish","4":"has-post-thumbnail","6":"product_cat-easter-products","7":"product_cat-all-products","8":"product_cat-plastic-and-paper-bags","10":"first","11":"instock","12":"taxable","13":"shipping-taxable","14":"purchasable","15":"product-type-simple"},"_links":{"self":[{"href":"https:\/\/candeebaar.ee\/fi\/wp-json\/wp\/v2\/product\/6145","targetHints":{"allow":["GET"]}}],"collection":[{"href":"https:\/\/candeebaar.ee\/fi\/wp-json\/wp\/v2\/product"}],"about":[{"href":"https:\/\/candeebaar.ee\/fi\/wp-json\/wp\/v2\/types\/product"}],"version-history":[{"count":2,"href":"https:\/\/candeebaar.ee\/fi\/wp-json\/wp\/v2\/product\/6145\/revisions"}],"predecessor-version":[{"id":16083,"href":"https:\/\/candeebaar.ee\/fi\/wp-json\/wp\/v2\/product\/6145\/revisions\/16083"}],"wp:featuredmedia":[{"embeddable":true,"href":"https:\/\/candeebaar.ee\/fi\/wp-json\/wp\/v2\/media\/6147"}],"wp:attachment":[{"href":"https:\/\/candeebaar.ee\/fi\/wp-json\/wp\/v2\/media?parent=6145"}],"wp:term":[{"taxonomy":"product_brand","embeddable":true,"href":"https:\/\/candeebaar.ee\/fi\/wp-json\/wp\/v2\/product_brand?post=6145"},{"taxonomy":"product_cat","embeddable":true,"href":"https:\/\/candeebaar.ee\/fi\/wp-json\/wp\/v2\/product_cat?post=6145"},{"taxonomy":"product_tag","embeddable":true,"href":"https:\/\/candeebaar.ee\/fi\/wp-json\/wp\/v2\/product_tag?post=6145"}],"curies":[{"name":"wp","href":"https:\/\/api.w.org\/{rel}","templated":true}]}}