{"id":6156,"date":"2024-12-31T20:11:47","date_gmt":"2024-12-31T20:11:47","guid":{"rendered":"https:\/\/storetest.ivi.ee\/product\/printing-on-wafer-paper-0-6mm-a4\/"},"modified":"2024-12-31T20:11:48","modified_gmt":"2024-12-31T20:11:48","slug":"tulostus-kiekkopaperille-0-6mm-a4","status":"publish","type":"product","link":"https:\/\/candeebaar.ee\/fi\/kauppa\/tulostus-kiekkopaperille-0-6mm-a4\/","title":{"rendered":"Tulostus kiekkopaperille 0,6 mm A4"},"content":{"rendered":"<p>Elintarvikkeiden painatus sy\u00f6t\u00e4v\u00e4lle vohvelipaperille elintarvikev\u00e4reill\u00e4 (E151, E110, E133, E122, E102, E404, E330, E202, E422).<br \/>\n Voit luoda omia koristeita ja p\u00e4\u00e4llyksi\u00e4 j\u00e4lkiruokiin.<br \/>\n A4-koko (210x297mm).<br \/>\n Elintarvikepainatuksen v\u00e4ri ja kyll\u00e4isyys voivat poiketa hieman klassisesta k\u00e4ytettyjen materiaalien rajoitusten vuoksi. Laajoilla yksiv\u00e4risill\u00e4 alueilla voi olla havaittavia v\u00e4\u00e4ristymi\u00e4. Joustavuuden s\u00e4ilytt\u00e4miseksi paperi tulee s\u00e4ilytt\u00e4\u00e4 suljetussa pakkauksessa.<br \/>\n<strong>T\u00e4rke\u00e4\u00e4:<\/strong><br \/>\nTiedostovaatimukset: Yrit\u00e4 k\u00e4ytt\u00e4\u00e4 <strong>korkealaatuisia<\/strong> tiedostot, muoto <strong>doc docx<\/strong> (Word-tiedosto)<strong>, pdf<\/strong>, tai <strong>jpeg<\/strong> kanssa <strong>A4<\/strong> mittasuhteet.<br \/>\n<strong>Paperin reunat<\/strong> sivuilla (5mm) ja ylh\u00e4\u00e4lt\u00e4 alas (15mm) <strong>ei ole painettu<\/strong>, joten on parempi j\u00e4tt\u00e4\u00e4 ne tyhjiksi. Emme muotoile tiedostoja, muuta niit\u00e4 emmek\u00e4 tallenna niit\u00e4 k\u00e4yt\u00f6n j\u00e4lkeen. Asiakas on vastuussa sis\u00e4ll\u00f6st\u00e4. Seteleit\u00e4 ei paineta laitteistorajoitusten vuoksi!<br \/>\nKuvat, joissa on suuria mustia yksityiskohtia, eiv\u00e4t ole toivottavia; t\u00e4llaisissa tapauksissa voi esiinty\u00e4 virheit\u00e4.<br \/>\nTiedostot tulee l\u00e4hett\u00e4\u00e4 osoitteeseen <span style=\"font-family: 'arial black', sans-serif;\"><a href=\"mailto:candeebaar@gmail.com\">info@candeebaar.ee<\/a> <span style=\"font-family: georgia, palatino, serif;\">aiherivill\u00e4 ilmoitetulla tilausnumerolla.<\/span><\/span><\/p>\n<p>Paperin koostumus: perunat\u00e4rkkelys, vesi, oliivi\u00f6ljy, maltodekstriini.<br \/>\nS\u00e4ilyt\u00e4 tiiviisti suljetussa pakkauksessa, viile\u00e4ss\u00e4 pime\u00e4ss\u00e4 paikassa.<br \/>\nKoko: 210x297mm<br \/>\nRavintoarvo per 100g:<br \/>\n1589kJ\/380kcal<br \/>\nRasvat (tyydyttyneet): 3 g (0,4 g)<br \/>\nHiilihydraatit: 88,1 g<br \/>\nProteiinit: 0,1 g<br \/>\nS\u00e4ilyt\u00e4 suljetussa pakkauksessa viile\u00e4ss\u00e4, pime\u00e4ss\u00e4 paikassa.<br \/>\nValmistaja: Saksa Kopyform<\/p>","protected":false},"excerpt":{"rendered":"<p>Food printing on edible wafer paper using food inks (E151, E110, E133, E122, E102, E404, E330, E202, E422). You can create your own decorations and toppers for desserts. A4 format (210x297mm). The color and saturation of food printing may differ slightly from classic due to the limitations of the materials used. Large areas of a [&hellip;]<\/p>","protected":false},"featured_media":5224,"template":"","meta":{"_seopress_robots_primary_cat":"","_seopress_titles_title":"","_seopress_titles_desc":"","_seopress_robots_index":""},"product_brand":[],"product_cat":[15],"product_tag":[],"class_list":{"0":"post-6156","1":"product","2":"type-product","3":"status-publish","4":"has-post-thumbnail","6":"product_cat-all-products","8":"first","9":"outofstock","10":"taxable","11":"shipping-taxable","12":"purchasable","13":"product-type-simple"},"_links":{"self":[{"href":"https:\/\/candeebaar.ee\/fi\/wp-json\/wp\/v2\/product\/6156","targetHints":{"allow":["GET"]}}],"collection":[{"href":"https:\/\/candeebaar.ee\/fi\/wp-json\/wp\/v2\/product"}],"about":[{"href":"https:\/\/candeebaar.ee\/fi\/wp-json\/wp\/v2\/types\/product"}],"version-history":[{"count":1,"href":"https:\/\/candeebaar.ee\/fi\/wp-json\/wp\/v2\/product\/6156\/revisions"}],"predecessor-version":[{"id":6157,"href":"https:\/\/candeebaar.ee\/fi\/wp-json\/wp\/v2\/product\/6156\/revisions\/6157"}],"wp:featuredmedia":[{"embeddable":true,"href":"https:\/\/candeebaar.ee\/fi\/wp-json\/wp\/v2\/media\/5224"}],"wp:attachment":[{"href":"https:\/\/candeebaar.ee\/fi\/wp-json\/wp\/v2\/media?parent=6156"}],"wp:term":[{"taxonomy":"product_brand","embeddable":true,"href":"https:\/\/candeebaar.ee\/fi\/wp-json\/wp\/v2\/product_brand?post=6156"},{"taxonomy":"product_cat","embeddable":true,"href":"https:\/\/candeebaar.ee\/fi\/wp-json\/wp\/v2\/product_cat?post=6156"},{"taxonomy":"product_tag","embeddable":true,"href":"https:\/\/candeebaar.ee\/fi\/wp-json\/wp\/v2\/product_tag?post=6156"}],"curies":[{"name":"wp","href":"https:\/\/api.w.org\/{rel}","templated":true}]}}