{"id":6158,"date":"2024-12-31T20:11:47","date_gmt":"2024-12-31T20:11:47","guid":{"rendered":"https:\/\/storetest.ivi.ee\/product\/printing-on-a4-chocolate-transfer-paper\/"},"modified":"2026-02-11T09:17:24","modified_gmt":"2026-02-11T07:17:24","slug":"tulostus-a4-suklaasiirtopaperille","status":"publish","type":"product","link":"https:\/\/candeebaar.ee\/fi\/kauppa\/tulostus-a4-suklaasiirtopaperille\/","title":{"rendered":"Tulostus A4-suklaasiirtopaperille"},"content":{"rendered":"<p>Ruokapainatus sy\u00f6t\u00e4v\u00e4lle suklaansiirtopaperille elintarvikemusteilla (E151, E110, E133, E122, E102, E404, E330, E202, E422).<br \/>\nVoit luoda omia koristeita j\u00e4lkiruokiin.<br \/>\nA4-koko (210x297mm).<br \/>\nElintarvikepainatuksen v\u00e4ri ja kyll\u00e4isyys eroavat hieman klassisista k\u00e4ytettyjen materiaalien rajoituksista johtuen. Suurilla yksiv\u00e4risill\u00e4 alueilla voi olla huomattavia v\u00e4\u00e4ristymi\u00e4. Joustavuuden s\u00e4ilytt\u00e4miseksi paperi tulee s\u00e4ilytt\u00e4\u00e4 suljetussa pakkauksessa.<br \/>\n<strong>T\u00e4rke\u00e4\u00e4: suklaalle siirrett\u00e4v\u00e4n tiedoston tulee olla peilikuvana; Muuten lopullisen tuotteen lopullinen kuva on virheellinen (erityisesti tekstin kannalta kriittinen)!<\/strong><br \/>\nTiedostovaatimukset: Yrit\u00e4 k\u00e4ytt\u00e4\u00e4 <strong>korkealaatuisia<\/strong> tiedostot, muoto <strong>doc docx<\/strong> (Word-tiedosto)<strong>, pdf<\/strong>, tai <strong>jpeg<\/strong> kanssa <strong>A4<\/strong> mittasuhteet.<br \/>\n<strong>Paperin reunat<\/strong> sivuilla (5mm) ja ylh\u00e4\u00e4lt\u00e4 alas (15mm) <strong>ei ole painettu<\/strong>, joten on parempi j\u00e4tt\u00e4\u00e4 ne tyhjiksi. Emme alusta tiedostoja, emme muuta niit\u00e4 emmek\u00e4 tallenna niit\u00e4 k\u00e4yt\u00f6n j\u00e4lkeen. Asiakas ottaa vastuun sis\u00e4ll\u00f6st\u00e4. Seteleit\u00e4 ei tulosteta laitteistorajoitusten vuoksi!<br \/>\nPiirustukset, joissa on suuret mustat yksityiskohdat, eiv\u00e4t ole toivottavia, koska t\u00e4llaisissa tapauksissa saattaa ilmet\u00e4 virheit\u00e4.<br \/>\nTiedostot tulee l\u00e4hett\u00e4\u00e4 osoitteeseen <span style=\"font-family: 'arial black', sans-serif;\"><a href=\"mailto:candeebaar@gmail.com\">info@candeebaar.ee<\/a>\u00a0<span style=\"font-family: georgia, palatino, serif;\">aiherivill\u00e4 ilmoitetulla tilausnumerolla.<\/span><\/span><\/p>\n<p><iframe src=\"\/\/www.youtube.com\/embed\/TlvwEw-aTrI\" width=\"560\" height=\"314\" allowfullscreen=\"allowfullscreen\"><\/iframe><\/p>\n<p>Iskunsiirtopaperi ammattik\u00e4ytt\u00f6\u00f6n.<br \/>\nKoostumus: maissijauho, vesi, kaakaovoi, melassi, kuiva munanvalkuainen (sis <strong>muna<\/strong> ja <strong>laktoosi<\/strong>, valmistettu kuivasta proteiinista <strong>kananmuna<\/strong>, kuivarasvattu <strong>maitoa<\/strong>, stabilointiaineet E415, E466, happamuudens\u00e4\u00e4t\u00f6aine E330, leivinjauhe E500), sakeuttamisaine E1422, perunat\u00e4rkkelys. , oliivi\u00f6ljy, s\u00e4il\u00f6nt\u00e4aine E202.<br \/>\nPaino: 240g<br \/>\n100g sis\u00e4lt\u00e4\u00e4:<br \/>\n1845kJ\/440kcal<br \/>\nRasvat (tyydyttyneet): 22g (19g)<br \/>\nHiilihydraatit (sokeri): 60g (10g)<br \/>\nProteiinit: 10 g<br \/>\nSuola: 2,54 g<br \/>\nS\u00e4ilyt\u00e4 ilmatiiviiss\u00e4 pakkauksessa pime\u00e4ss\u00e4 viile\u00e4ss\u00e4 paikassa.<br \/>\nValmistaja: Saksa Kopyform<\/p>","protected":false},"excerpt":{"rendered":"<p>Ruokapainatus sy\u00f6t\u00e4v\u00e4lle suklaansiirtopaperille elintarvikemusteilla (E151, E110, E133, E122, E102, E404, E330, E202, E422). Voit luoda omia koristeita j\u00e4lkiruokiin. A4-koko (210x297mm). Elintarvikepainatuksen v\u00e4ri ja kyll\u00e4isyys eroavat hieman klassisista k\u00e4ytettyjen materiaalien rajoituksista johtuen. Suuret alueet yksiv\u00e4risi\u00e4 [\u2026]<\/p>","protected":false},"featured_media":10525,"template":"","meta":{"_seopress_robots_primary_cat":"none","_seopress_titles_title":"","_seopress_titles_desc":"","_seopress_robots_index":""},"product_brand":[],"product_cat":[182,181,183,180,15,105],"product_tag":[],"class_list":{"0":"post-6158","1":"product","2":"type-product","3":"status-publish","4":"has-post-thumbnail","6":"product_cat-christmas","7":"product_cat-christmas-new-year","8":"product_cat-valentines-day","9":"product_cat-wedding-products","10":"product_cat-all-products","11":"product_cat-edible-print","13":"first","14":"instock","15":"taxable","16":"shipping-taxable","17":"purchasable","18":"product-type-simple"},"_links":{"self":[{"href":"https:\/\/candeebaar.ee\/fi\/wp-json\/wp\/v2\/product\/6158","targetHints":{"allow":["GET"]}}],"collection":[{"href":"https:\/\/candeebaar.ee\/fi\/wp-json\/wp\/v2\/product"}],"about":[{"href":"https:\/\/candeebaar.ee\/fi\/wp-json\/wp\/v2\/types\/product"}],"version-history":[{"count":2,"href":"https:\/\/candeebaar.ee\/fi\/wp-json\/wp\/v2\/product\/6158\/revisions"}],"predecessor-version":[{"id":10526,"href":"https:\/\/candeebaar.ee\/fi\/wp-json\/wp\/v2\/product\/6158\/revisions\/10526"}],"wp:featuredmedia":[{"embeddable":true,"href":"https:\/\/candeebaar.ee\/fi\/wp-json\/wp\/v2\/media\/10525"}],"wp:attachment":[{"href":"https:\/\/candeebaar.ee\/fi\/wp-json\/wp\/v2\/media?parent=6158"}],"wp:term":[{"taxonomy":"product_brand","embeddable":true,"href":"https:\/\/candeebaar.ee\/fi\/wp-json\/wp\/v2\/product_brand?post=6158"},{"taxonomy":"product_cat","embeddable":true,"href":"https:\/\/candeebaar.ee\/fi\/wp-json\/wp\/v2\/product_cat?post=6158"},{"taxonomy":"product_tag","embeddable":true,"href":"https:\/\/candeebaar.ee\/fi\/wp-json\/wp\/v2\/product_tag?post=6158"}],"curies":[{"name":"wp","href":"https:\/\/api.w.org\/{rel}","templated":true}]}}