{"id":6166,"date":"2024-12-31T20:11:47","date_gmt":"2024-12-31T20:11:47","guid":{"rendered":"https:\/\/storetest.ivi.ee\/product\/glycerin-150ml-food-colours-12-05-2024\/"},"modified":"2025-01-02T18:35:34","modified_gmt":"2025-01-02T18:35:34","slug":"glyseriinia-150-ml-elintarvikevareja-12-05-2024","status":"publish","type":"product","link":"https:\/\/candeebaar.ee\/fi\/kauppa\/glyseriinia-150-ml-elintarvikevareja-12-05-2024\/","title":{"rendered":"Glyseriini 150ml elintarvikev\u00e4rit (12.05.2024)"},"content":{"rendered":"<p>Ruoan sakeuttamisaine.<br \/>\nK\u00e4ytet\u00e4\u00e4n tuotteen rakenteen parantamiseen.<br \/>\nKoostumus: glyseriini (E422)<br \/>\nTilavuus: 150ml<br \/>\nValmistaja: Food Colours, Puola<\/p>","protected":false},"excerpt":{"rendered":"<p>Elintarvikkeiden sakeuttamisaine. K\u00e4ytet\u00e4\u00e4n tuotteen rakenteen parantamiseen. Koostumus: glyseriini (E422) Tilavuus: 150 ml Valmistaja: Food Colours, Puola<\/p>","protected":false},"featured_media":6168,"template":"","meta":{"_seopress_robots_primary_cat":"","_seopress_titles_title":"","_seopress_titles_desc":"","_seopress_robots_index":""},"product_brand":[],"product_cat":[15,100],"product_tag":[],"class_list":{"0":"post-6166","1":"product","2":"type-product","3":"status-publish","4":"has-post-thumbnail","6":"product_cat-all-products","7":"product_cat-thickeners","9":"first","10":"outofstock","11":"sale","12":"taxable","13":"shipping-taxable","14":"purchasable","15":"product-type-simple"},"_links":{"self":[{"href":"https:\/\/candeebaar.ee\/fi\/wp-json\/wp\/v2\/product\/6166","targetHints":{"allow":["GET"]}}],"collection":[{"href":"https:\/\/candeebaar.ee\/fi\/wp-json\/wp\/v2\/product"}],"about":[{"href":"https:\/\/candeebaar.ee\/fi\/wp-json\/wp\/v2\/types\/product"}],"version-history":[{"count":1,"href":"https:\/\/candeebaar.ee\/fi\/wp-json\/wp\/v2\/product\/6166\/revisions"}],"predecessor-version":[{"id":6167,"href":"https:\/\/candeebaar.ee\/fi\/wp-json\/wp\/v2\/product\/6166\/revisions\/6167"}],"wp:featuredmedia":[{"embeddable":true,"href":"https:\/\/candeebaar.ee\/fi\/wp-json\/wp\/v2\/media\/6168"}],"wp:attachment":[{"href":"https:\/\/candeebaar.ee\/fi\/wp-json\/wp\/v2\/media?parent=6166"}],"wp:term":[{"taxonomy":"product_brand","embeddable":true,"href":"https:\/\/candeebaar.ee\/fi\/wp-json\/wp\/v2\/product_brand?post=6166"},{"taxonomy":"product_cat","embeddable":true,"href":"https:\/\/candeebaar.ee\/fi\/wp-json\/wp\/v2\/product_cat?post=6166"},{"taxonomy":"product_tag","embeddable":true,"href":"https:\/\/candeebaar.ee\/fi\/wp-json\/wp\/v2\/product_tag?post=6166"}],"curies":[{"name":"wp","href":"https:\/\/api.w.org\/{rel}","templated":true}]}}