{"id":6169,"date":"2024-12-31T20:11:47","date_gmt":"2024-12-31T20:11:47","guid":{"rendered":"https:\/\/storetest.ivi.ee\/product\/agar-agar-100g\/"},"modified":"2026-04-07T17:40:23","modified_gmt":"2026-04-07T15:40:23","slug":"agar-agar-100-g","status":"publish","type":"product","link":"https:\/\/candeebaar.ee\/fi\/kauppa\/agar-agar-100-g\/","title":{"rendered":"Agar-agar 100 g"},"content":{"rendered":"<p>Agar-agaria k\u00e4ytet\u00e4\u00e4n sakeuttamisaineena vaahtokarkkeja, hyytel\u00f6it\u00e4, &quot;lintumaitoa&quot; ja muita.<br \/>\nKasvipohjainen gelatiinin korvike ilman v\u00e4ri\u00e4 ja hajua.<br \/>\nValmistaja ei ole ilmoittanut vahvuutta, mutta <strong>vastaa 900 kukintaa<\/strong>.<br \/>\nPaino: 100g<br \/>\nSis\u00e4lt\u00f6 per 100g:<br \/>\nRavintoarvo: 1411kJ\/336kcal<br \/>\nProteiinia: 6,2 g<br \/>\nRasvat: 0,3 g<br \/>\nHiilihydraatit (sokerit): 73,2 g (3 g)<br \/>\nKuitua: 7,7 g<br \/>\nS\u00e4ilyt\u00e4 kuivassa, viile\u00e4ss\u00e4, suljetussa pakkauksessa. Saattaa sis\u00e4lt\u00e4\u00e4 j\u00e4lki\u00e4: <strong>p\u00e4hkin\u00e4t, soija, gluteeni<\/strong>.<br \/>\nTuotanto: Puola<br \/>\nAlkuper\u00e4: Kiina<\/p>","protected":false},"excerpt":{"rendered":"<p>Agar-agaria k\u00e4ytet\u00e4\u00e4n sakeuttamisaineena vaahtokarkkeja, hyytel\u00f6it\u00e4, &quot;lintumaitoa&quot; ja muita. Kasvipohjainen gelatiinin korvike ilman v\u00e4ri\u00e4 ja hajua. Valmistaja ei ole ilmoittanut vahvuutta, mutta se vastaa 900 kukintaa. Paino: 100 g Sis\u00e4lt\u00f6 per 100 g: Ravintoarvo: 1411 kJ\/336 kcal Proteiinit: 6,2 g Rasvat: 0,3 g Hiilihydraatit (sokerit): 73,2 g (3 g) Kuitu: 7,7 g S\u00e4ilyt\u00e4 [\u2026]<\/p>","protected":false},"featured_media":6171,"template":"","meta":{"_seopress_robots_primary_cat":"none","_seopress_titles_title":"","_seopress_titles_desc":"","_seopress_robots_index":""},"product_brand":[],"product_cat":[15,100],"product_tag":[],"class_list":{"0":"post-6169","1":"product","2":"type-product","3":"status-publish","4":"has-post-thumbnail","6":"product_cat-all-products","7":"product_cat-thickeners","9":"first","10":"instock","11":"taxable","12":"shipping-taxable","13":"purchasable","14":"product-type-simple"},"_links":{"self":[{"href":"https:\/\/candeebaar.ee\/fi\/wp-json\/wp\/v2\/product\/6169","targetHints":{"allow":["GET"]}}],"collection":[{"href":"https:\/\/candeebaar.ee\/fi\/wp-json\/wp\/v2\/product"}],"about":[{"href":"https:\/\/candeebaar.ee\/fi\/wp-json\/wp\/v2\/types\/product"}],"version-history":[{"count":1,"href":"https:\/\/candeebaar.ee\/fi\/wp-json\/wp\/v2\/product\/6169\/revisions"}],"predecessor-version":[{"id":6170,"href":"https:\/\/candeebaar.ee\/fi\/wp-json\/wp\/v2\/product\/6169\/revisions\/6170"}],"wp:featuredmedia":[{"embeddable":true,"href":"https:\/\/candeebaar.ee\/fi\/wp-json\/wp\/v2\/media\/6171"}],"wp:attachment":[{"href":"https:\/\/candeebaar.ee\/fi\/wp-json\/wp\/v2\/media?parent=6169"}],"wp:term":[{"taxonomy":"product_brand","embeddable":true,"href":"https:\/\/candeebaar.ee\/fi\/wp-json\/wp\/v2\/product_brand?post=6169"},{"taxonomy":"product_cat","embeddable":true,"href":"https:\/\/candeebaar.ee\/fi\/wp-json\/wp\/v2\/product_cat?post=6169"},{"taxonomy":"product_tag","embeddable":true,"href":"https:\/\/candeebaar.ee\/fi\/wp-json\/wp\/v2\/product_tag?post=6169"}],"curies":[{"name":"wp","href":"https:\/\/api.w.org\/{rel}","templated":true}]}}