{"id":6172,"date":"2024-12-31T20:11:47","date_gmt":"2024-12-31T20:11:47","guid":{"rendered":"https:\/\/storetest.ivi.ee\/product\/lollipop-sticks-1203mm-100pcs\/"},"modified":"2026-03-20T15:53:27","modified_gmt":"2026-03-20T13:53:27","slug":"tikkaritikkuja-1203mm-100kpl","status":"publish","type":"product","link":"https:\/\/candeebaar.ee\/fi\/kauppa\/tikkaritikkuja-1203mm-100kpl\/","title":{"rendered":"Lollipop tikkuja 120*3mm 100kpl"},"content":{"rendered":"<p>Bambu tikkari tikkuja.<br \/>\nSetti sis\u00e4lt\u00e4\u00e4 100 kpl.<br \/>\nKoko: 120*3mm<br \/>\nValmistettu: Kiinassa<\/p>","protected":false},"excerpt":{"rendered":"<p>Bambu tikkari tikkuja. Setti sis\u00e4lt\u00e4\u00e4 100 kpl. Koko: 120*3mm Valmistettu: Kiina<\/p>","protected":false},"featured_media":6174,"template":"","meta":{"_seopress_robots_primary_cat":"none","_seopress_titles_title":"","_seopress_titles_desc":"","_seopress_robots_index":""},"product_brand":[],"product_cat":[15,155],"product_tag":[],"class_list":{"0":"post-6172","1":"product","2":"type-product","3":"status-publish","4":"has-post-thumbnail","6":"product_cat-all-products","7":"product_cat-wooden-sticks","9":"first","10":"instock","11":"taxable","12":"shipping-taxable","13":"purchasable","14":"product-type-simple"},"_links":{"self":[{"href":"https:\/\/candeebaar.ee\/fi\/wp-json\/wp\/v2\/product\/6172","targetHints":{"allow":["GET"]}}],"collection":[{"href":"https:\/\/candeebaar.ee\/fi\/wp-json\/wp\/v2\/product"}],"about":[{"href":"https:\/\/candeebaar.ee\/fi\/wp-json\/wp\/v2\/types\/product"}],"version-history":[{"count":1,"href":"https:\/\/candeebaar.ee\/fi\/wp-json\/wp\/v2\/product\/6172\/revisions"}],"predecessor-version":[{"id":6173,"href":"https:\/\/candeebaar.ee\/fi\/wp-json\/wp\/v2\/product\/6172\/revisions\/6173"}],"wp:featuredmedia":[{"embeddable":true,"href":"https:\/\/candeebaar.ee\/fi\/wp-json\/wp\/v2\/media\/6174"}],"wp:attachment":[{"href":"https:\/\/candeebaar.ee\/fi\/wp-json\/wp\/v2\/media?parent=6172"}],"wp:term":[{"taxonomy":"product_brand","embeddable":true,"href":"https:\/\/candeebaar.ee\/fi\/wp-json\/wp\/v2\/product_brand?post=6172"},{"taxonomy":"product_cat","embeddable":true,"href":"https:\/\/candeebaar.ee\/fi\/wp-json\/wp\/v2\/product_cat?post=6172"},{"taxonomy":"product_tag","embeddable":true,"href":"https:\/\/candeebaar.ee\/fi\/wp-json\/wp\/v2\/product_tag?post=6172"}],"curies":[{"name":"wp","href":"https:\/\/api.w.org\/{rel}","templated":true}]}}