{"id":6281,"date":"2024-12-31T20:12:01","date_gmt":"2024-12-31T20:12:01","guid":{"rendered":"https:\/\/storetest.ivi.ee\/product\/black-food-safe-calligraphy-pen-calligra-fractal-colors\/"},"modified":"2026-02-04T17:50:46","modified_gmt":"2026-02-04T15:50:46","slug":"musta-ruoka-turvallinen-kalligrafia-kyna-calligra-fractal-colours","status":"publish","type":"product","link":"https:\/\/candeebaar.ee\/fi\/kauppa\/musta-ruoka-turvallinen-kalligrafia-kyna-calligra-fractal-colours\/","title":{"rendered":"Musta elintarviketurvallinen kalligrafiakyn\u00e4 Calligra Fractal Colors"},"content":{"rendered":"<p>Merkkikyn\u00e4 ruokamusteilla kirjoittamiseen.<br \/>\nSiin\u00e4 on pehme\u00e4 k\u00e4rki, joka mahdollistaa kalligrafisen vaikutelman k\u00e4ytetyst\u00e4 paineesta riippuen.<br \/>\nMusteen koostumus: vesi, E151, E129, E104, E122, E133, E211, aromiaine.<br \/>\nSaattaa vaikuttaa negatiivisesti lasten aktiivisuuteen ja huomiokykyyn.<br \/>\nS\u00e4ilyt\u00e4 pime\u00e4ss\u00e4, viile\u00e4ss\u00e4 paikassa tiiviisti suljetussa pakkauksessa.<br \/>\nValmistaja: Fractal Colors, Unkari<\/p>","protected":false},"excerpt":{"rendered":"<p>Merkkikyn\u00e4 ruokamusteilla kirjoittamiseen. Siin\u00e4 on pehme\u00e4 k\u00e4rki, joka mahdollistaa kalligrafisen vaikutelman k\u00e4ytetyst\u00e4 paineesta riippuen. Musteen koostumus: vesi, E151, E129, E104, E122, E133, E211, aromiaine. Saattaa vaikuttaa negatiivisesti lasten aktiivisuuteen ja huomiokykyyn. S\u00e4ilyt\u00e4 pime\u00e4ss\u00e4, viile\u00e4ss\u00e4 paikassa tiiviisti suljetussa pakkauksessa. Valmistaja: [\u2026]<\/p>","protected":false},"featured_media":6283,"template":"","meta":{"_seopress_robots_primary_cat":"none","_seopress_titles_title":"","_seopress_titles_desc":"","_seopress_robots_index":""},"product_brand":[],"product_cat":[15,114,84],"product_tag":[],"class_list":{"0":"post-6281","1":"product","2":"type-product","3":"status-publish","4":"has-post-thumbnail","6":"product_cat-all-products","7":"product_cat-gel-water-soluble","8":"product_cat-tools","10":"first","11":"outofstock","12":"taxable","13":"shipping-taxable","14":"purchasable","15":"product-type-simple"},"_links":{"self":[{"href":"https:\/\/candeebaar.ee\/fi\/wp-json\/wp\/v2\/product\/6281","targetHints":{"allow":["GET"]}}],"collection":[{"href":"https:\/\/candeebaar.ee\/fi\/wp-json\/wp\/v2\/product"}],"about":[{"href":"https:\/\/candeebaar.ee\/fi\/wp-json\/wp\/v2\/types\/product"}],"version-history":[{"count":2,"href":"https:\/\/candeebaar.ee\/fi\/wp-json\/wp\/v2\/product\/6281\/revisions"}],"predecessor-version":[{"id":14124,"href":"https:\/\/candeebaar.ee\/fi\/wp-json\/wp\/v2\/product\/6281\/revisions\/14124"}],"wp:featuredmedia":[{"embeddable":true,"href":"https:\/\/candeebaar.ee\/fi\/wp-json\/wp\/v2\/media\/6283"}],"wp:attachment":[{"href":"https:\/\/candeebaar.ee\/fi\/wp-json\/wp\/v2\/media?parent=6281"}],"wp:term":[{"taxonomy":"product_brand","embeddable":true,"href":"https:\/\/candeebaar.ee\/fi\/wp-json\/wp\/v2\/product_brand?post=6281"},{"taxonomy":"product_cat","embeddable":true,"href":"https:\/\/candeebaar.ee\/fi\/wp-json\/wp\/v2\/product_cat?post=6281"},{"taxonomy":"product_tag","embeddable":true,"href":"https:\/\/candeebaar.ee\/fi\/wp-json\/wp\/v2\/product_tag?post=6281"}],"curies":[{"name":"wp","href":"https:\/\/api.w.org\/{rel}","templated":true}]}}