{"id":6285,"date":"2024-12-31T20:12:01","date_gmt":"2024-12-31T20:12:01","guid":{"rendered":"https:\/\/storetest.ivi.ee\/product\/red-food-calligraphy-pen-calligra-fractal-colors\/"},"modified":"2026-03-02T16:17:20","modified_gmt":"2026-03-02T14:17:20","slug":"punainen-ruoka-kalligrafia-kyna-calligra-fractal-colours","status":"publish","type":"product","link":"https:\/\/candeebaar.ee\/fi\/kauppa\/punainen-ruoka-kalligrafia-kyna-calligra-fractal-colours\/","title":{"rendered":"Punainen ruokakalligrafiakyn\u00e4 Calligra Fractal Colors"},"content":{"rendered":"<p>Merkkikyn\u00e4 ruokamusteilla kirjoittamiseen.<br \/>\n Siin\u00e4 on pehme\u00e4 k\u00e4rki, joka mahdollistaa kalligrafisen vaikutelman k\u00e4ytetyst\u00e4 paineesta riippuen.<br \/>\n Musteen koostumus: vesi, E124, E211, E330, aromiaine.<br \/>\n Saattaa vaikuttaa negatiivisesti lasten aktiivisuuteen ja huomiokykyyn.<br \/>\n S\u00e4ilyt\u00e4 pime\u00e4ss\u00e4, viile\u00e4ss\u00e4 paikassa tiiviisti suljetussa pakkauksessa.<br \/>\n Valmistaja: Fractal Colors, Unkari<\/p>","protected":false},"excerpt":{"rendered":"<p>Merkkikyn\u00e4 ruokamusteilla kirjoittamiseen. Siin\u00e4 on pehme\u00e4 k\u00e4rki, joka mahdollistaa kalligrafisen vaikutelman k\u00e4ytetyst\u00e4 paineesta riippuen. Musteen koostumus: vesi, E124, E211, E330, aromiaine. Saattaa vaikuttaa negatiivisesti lasten aktiivisuuteen ja huomiokykyyn. S\u00e4ilyt\u00e4 pime\u00e4ss\u00e4, viile\u00e4ss\u00e4 paikassa tiiviisti suljetussa pakkauksessa. Valmistaja: Fractal Colors, Unkari<\/p>","protected":false},"featured_media":6284,"template":"","meta":{"_seopress_robots_primary_cat":"","_seopress_titles_title":"","_seopress_titles_desc":"","_seopress_robots_index":""},"product_brand":[],"product_cat":[182,181,15,114,84],"product_tag":[],"class_list":{"0":"post-6285","1":"product","2":"type-product","3":"status-publish","4":"has-post-thumbnail","6":"product_cat-christmas","7":"product_cat-christmas-new-year","8":"product_cat-all-products","9":"product_cat-gel-water-soluble","10":"product_cat-tools","12":"first","13":"instock","14":"taxable","15":"shipping-taxable","16":"purchasable","17":"product-type-simple"},"_links":{"self":[{"href":"https:\/\/candeebaar.ee\/fi\/wp-json\/wp\/v2\/product\/6285","targetHints":{"allow":["GET"]}}],"collection":[{"href":"https:\/\/candeebaar.ee\/fi\/wp-json\/wp\/v2\/product"}],"about":[{"href":"https:\/\/candeebaar.ee\/fi\/wp-json\/wp\/v2\/types\/product"}],"version-history":[{"count":1,"href":"https:\/\/candeebaar.ee\/fi\/wp-json\/wp\/v2\/product\/6285\/revisions"}],"predecessor-version":[{"id":6286,"href":"https:\/\/candeebaar.ee\/fi\/wp-json\/wp\/v2\/product\/6285\/revisions\/6286"}],"wp:featuredmedia":[{"embeddable":true,"href":"https:\/\/candeebaar.ee\/fi\/wp-json\/wp\/v2\/media\/6284"}],"wp:attachment":[{"href":"https:\/\/candeebaar.ee\/fi\/wp-json\/wp\/v2\/media?parent=6285"}],"wp:term":[{"taxonomy":"product_brand","embeddable":true,"href":"https:\/\/candeebaar.ee\/fi\/wp-json\/wp\/v2\/product_brand?post=6285"},{"taxonomy":"product_cat","embeddable":true,"href":"https:\/\/candeebaar.ee\/fi\/wp-json\/wp\/v2\/product_cat?post=6285"},{"taxonomy":"product_tag","embeddable":true,"href":"https:\/\/candeebaar.ee\/fi\/wp-json\/wp\/v2\/product_tag?post=6285"}],"curies":[{"name":"wp","href":"https:\/\/api.w.org\/{rel}","templated":true}]}}