{"id":6371,"date":"2024-12-31T20:12:12","date_gmt":"2024-12-31T20:12:12","guid":{"rendered":"https:\/\/storetest.ivi.ee\/product\/topper-happy-valentines-day-gold-love16\/"},"modified":"2026-01-04T16:04:26","modified_gmt":"2026-01-04T14:04:26","slug":"silinteri-hyvaa-ystavanpaivaa-kultaa-rakkaus16","status":"publish","type":"product","link":"https:\/\/candeebaar.ee\/fi\/kauppa\/silinteri-hyvaa-ystavanpaivaa-kultaa-rakkaus16\/","title":{"rendered":"Topper &quot;Hyv\u00e4\u00e4 yst\u00e4v\u00e4np\u00e4iv\u00e4\u00e4&quot; Gold (love16)"},"content":{"rendered":"<p>Muovinen p\u00e4\u00e4llys.<br \/>\nPeitetty suojakalvolla.<br \/>\nKoko: ~15*12cm<\/p>","protected":false},"excerpt":{"rendered":"<p>Muovinen p\u00e4\u00e4llys. Peitetty suojakalvolla. Koko: ~15*12cm<\/p>","protected":false},"featured_media":6292,"template":"","meta":{"_seopress_robots_primary_cat":"","_seopress_titles_title":"","_seopress_titles_desc":"","_seopress_robots_index":""},"product_brand":[],"product_cat":[183,15,157],"product_tag":[],"class_list":{"0":"post-6371","1":"product","2":"type-product","3":"status-publish","4":"has-post-thumbnail","6":"product_cat-valentines-day","7":"product_cat-all-products","8":"product_cat-gold","10":"first","11":"instock","12":"taxable","13":"shipping-taxable","14":"purchasable","15":"product-type-simple"},"_links":{"self":[{"href":"https:\/\/candeebaar.ee\/fi\/wp-json\/wp\/v2\/product\/6371","targetHints":{"allow":["GET"]}}],"collection":[{"href":"https:\/\/candeebaar.ee\/fi\/wp-json\/wp\/v2\/product"}],"about":[{"href":"https:\/\/candeebaar.ee\/fi\/wp-json\/wp\/v2\/types\/product"}],"version-history":[{"count":1,"href":"https:\/\/candeebaar.ee\/fi\/wp-json\/wp\/v2\/product\/6371\/revisions"}],"predecessor-version":[{"id":6372,"href":"https:\/\/candeebaar.ee\/fi\/wp-json\/wp\/v2\/product\/6371\/revisions\/6372"}],"wp:featuredmedia":[{"embeddable":true,"href":"https:\/\/candeebaar.ee\/fi\/wp-json\/wp\/v2\/media\/6292"}],"wp:attachment":[{"href":"https:\/\/candeebaar.ee\/fi\/wp-json\/wp\/v2\/media?parent=6371"}],"wp:term":[{"taxonomy":"product_brand","embeddable":true,"href":"https:\/\/candeebaar.ee\/fi\/wp-json\/wp\/v2\/product_brand?post=6371"},{"taxonomy":"product_cat","embeddable":true,"href":"https:\/\/candeebaar.ee\/fi\/wp-json\/wp\/v2\/product_cat?post=6371"},{"taxonomy":"product_tag","embeddable":true,"href":"https:\/\/candeebaar.ee\/fi\/wp-json\/wp\/v2\/product_tag?post=6371"}],"curies":[{"name":"wp","href":"https:\/\/api.w.org\/{rel}","templated":true}]}}