{"id":6576,"date":"2024-12-31T20:12:26","date_gmt":"2024-12-31T20:12:26","guid":{"rendered":"https:\/\/storetest.ivi.ee\/product\/topper-happy-new-year-pink-new44\/"},"modified":"2025-11-07T10:28:55","modified_gmt":"2025-11-07T08:28:55","slug":"topper-hyvaa-uutta-vuotta-pink-new44","status":"publish","type":"product","link":"https:\/\/candeebaar.ee\/fi\/kauppa\/topper-hyvaa-uutta-vuotta-pink-new44\/","title":{"rendered":"Topper &quot;Hyv\u00e4\u00e4 uutta vuotta&quot; Pink (uusi44)"},"content":{"rendered":"<p>Muovinen p\u00e4\u00e4llys.<br \/>\nPeitetty suojakalvolla.<br \/>\nKoko: ~15*12cm<\/p>","protected":false},"excerpt":{"rendered":"<p>Muovinen p\u00e4\u00e4llys. Peitetty suojakalvolla. Koko: ~15*12cm<\/p>","protected":false},"featured_media":6334,"template":"","meta":{"_seopress_robots_primary_cat":"","_seopress_titles_title":"","_seopress_titles_desc":"","_seopress_robots_index":""},"product_brand":[],"product_cat":[182,181,15,159],"product_tag":[],"class_list":{"0":"post-6576","1":"product","2":"type-product","3":"status-publish","4":"has-post-thumbnail","6":"product_cat-christmas","7":"product_cat-christmas-new-year","8":"product_cat-all-products","9":"product_cat-pink","11":"first","12":"instock","13":"taxable","14":"shipping-taxable","15":"purchasable","16":"product-type-simple"},"_links":{"self":[{"href":"https:\/\/candeebaar.ee\/fi\/wp-json\/wp\/v2\/product\/6576","targetHints":{"allow":["GET"]}}],"collection":[{"href":"https:\/\/candeebaar.ee\/fi\/wp-json\/wp\/v2\/product"}],"about":[{"href":"https:\/\/candeebaar.ee\/fi\/wp-json\/wp\/v2\/types\/product"}],"version-history":[{"count":1,"href":"https:\/\/candeebaar.ee\/fi\/wp-json\/wp\/v2\/product\/6576\/revisions"}],"predecessor-version":[{"id":6577,"href":"https:\/\/candeebaar.ee\/fi\/wp-json\/wp\/v2\/product\/6576\/revisions\/6577"}],"wp:featuredmedia":[{"embeddable":true,"href":"https:\/\/candeebaar.ee\/fi\/wp-json\/wp\/v2\/media\/6334"}],"wp:attachment":[{"href":"https:\/\/candeebaar.ee\/fi\/wp-json\/wp\/v2\/media?parent=6576"}],"wp:term":[{"taxonomy":"product_brand","embeddable":true,"href":"https:\/\/candeebaar.ee\/fi\/wp-json\/wp\/v2\/product_brand?post=6576"},{"taxonomy":"product_cat","embeddable":true,"href":"https:\/\/candeebaar.ee\/fi\/wp-json\/wp\/v2\/product_cat?post=6576"},{"taxonomy":"product_tag","embeddable":true,"href":"https:\/\/candeebaar.ee\/fi\/wp-json\/wp\/v2\/product_tag?post=6576"}],"curies":[{"name":"wp","href":"https:\/\/api.w.org\/{rel}","templated":true}]}}