{"id":6801,"date":"2024-12-31T20:12:39","date_gmt":"2024-12-31T20:12:39","guid":{"rendered":"https:\/\/storetest.ivi.ee\/product\/piping-bags-heavy-duty-52cm-22pcs\/"},"modified":"2026-03-31T12:22:38","modified_gmt":"2026-03-31T10:22:38","slug":"putkipussit-raskaat-52cm-22kpl","status":"publish","type":"product","link":"https:\/\/candeebaar.ee\/fi\/kauppa\/putkipussit-raskaat-52cm-22kpl\/","title":{"rendered":"Raskaat putkipussit 52cm (22kpl)"},"content":{"rendered":"<p>Kest\u00e4v\u00e4t putkipussit paksusta polyeteenist\u00e4. Kest\u00e4\u00e4 kaikki kuormitukset, kun sit\u00e4 k\u00e4ytet\u00e4\u00e4n makeistarkoituksiin. Kun pussia revit\u00e4\u00e4n rullalta, on suositeltavaa leikata varovasti saksilla rep\u00e4isyviivaa pitkin.<br \/>\nKoko: 52*25cm<br \/>\nSetti sis\u00e4lt\u00e4\u00e4 22 kpl<br \/>\nValmistettu: Kiinassa<\/p>","protected":false},"excerpt":{"rendered":"<p>Kest\u00e4v\u00e4t putkipussit paksusta polyeteenist\u00e4. Kest\u00e4\u00e4 kaikki kuormitukset, kun sit\u00e4 k\u00e4ytet\u00e4\u00e4n makeistarkoituksiin. Rep\u00e4ist\u00e4ess\u00e4 pussia rullalta on suositeltavaa leikata varovasti saksilla rep\u00e4isyviivaa pitkin. Koko: 52*25cm Sarja sis\u00e4lt\u00e4\u00e4 22 kpl Valmistuspaikka: Kiina<\/p>","protected":false},"featured_media":6803,"template":"","meta":{"_seopress_robots_primary_cat":"none","_seopress_titles_title":"","_seopress_titles_desc":"","_seopress_robots_index":""},"product_brand":[],"product_cat":[15,85],"product_tag":[],"class_list":{"0":"post-6801","1":"product","2":"type-product","3":"status-publish","4":"has-post-thumbnail","6":"product_cat-all-products","7":"product_cat-piping-bags","9":"first","10":"instock","11":"taxable","12":"shipping-taxable","13":"purchasable","14":"product-type-simple"},"_links":{"self":[{"href":"https:\/\/candeebaar.ee\/fi\/wp-json\/wp\/v2\/product\/6801","targetHints":{"allow":["GET"]}}],"collection":[{"href":"https:\/\/candeebaar.ee\/fi\/wp-json\/wp\/v2\/product"}],"about":[{"href":"https:\/\/candeebaar.ee\/fi\/wp-json\/wp\/v2\/types\/product"}],"version-history":[{"count":1,"href":"https:\/\/candeebaar.ee\/fi\/wp-json\/wp\/v2\/product\/6801\/revisions"}],"predecessor-version":[{"id":6802,"href":"https:\/\/candeebaar.ee\/fi\/wp-json\/wp\/v2\/product\/6801\/revisions\/6802"}],"wp:featuredmedia":[{"embeddable":true,"href":"https:\/\/candeebaar.ee\/fi\/wp-json\/wp\/v2\/media\/6803"}],"wp:attachment":[{"href":"https:\/\/candeebaar.ee\/fi\/wp-json\/wp\/v2\/media?parent=6801"}],"wp:term":[{"taxonomy":"product_brand","embeddable":true,"href":"https:\/\/candeebaar.ee\/fi\/wp-json\/wp\/v2\/product_brand?post=6801"},{"taxonomy":"product_cat","embeddable":true,"href":"https:\/\/candeebaar.ee\/fi\/wp-json\/wp\/v2\/product_cat?post=6801"},{"taxonomy":"product_tag","embeddable":true,"href":"https:\/\/candeebaar.ee\/fi\/wp-json\/wp\/v2\/product_tag?post=6801"}],"curies":[{"name":"wp","href":"https:\/\/api.w.org\/{rel}","templated":true}]}}