{"id":6837,"date":"2024-12-31T20:12:44","date_gmt":"2024-12-31T20:12:44","guid":{"rendered":"https:\/\/storetest.ivi.ee\/product\/silicone-mold-pineapple-n5\/"},"modified":"2025-01-02T15:01:54","modified_gmt":"2025-01-02T15:01:54","slug":"silikonimuotti-ananas-n5","status":"publish","type":"product","link":"https:\/\/candeebaar.ee\/fi\/kauppa\/silikonimuotti-ananas-n5\/","title":{"rendered":"Silikonimuotti Ananas N5"},"content":{"rendered":"<p>Silikonimuotti sy\u00f6t\u00e4vien koristeiden tekemiseen fondantista, suklaasta, kuorrutteesta jne.<br \/>\nMateriaali: elintarvikesilikoni<br \/>\nKoko: 37*58*8mm<br \/>\nL\u00e4mp\u00f6tila-alue: -40\u00b0 - 230\u00b0C<br \/>\nValmistaja: Kiina<\/p>","protected":false},"excerpt":{"rendered":"<p>Silikonimuotti sy\u00f6t\u00e4vien koristeiden tekemiseen fondantista, suklaasta, kuorrutteesta jne. Materiaali: elintarvikesilikoni Koko: 37*58*8mm L\u00e4mp\u00f6tila-alue: -40\u00b0 - 230\u00b0C Valmistaja: Kiina<\/p>","protected":false},"featured_media":6832,"template":"","meta":{"_seopress_robots_primary_cat":"","_seopress_titles_title":"","_seopress_titles_desc":"","_seopress_robots_index":""},"product_brand":[],"product_cat":[15,125],"product_tag":[],"class_list":{"0":"post-6837","1":"product","2":"type-product","3":"status-publish","4":"has-post-thumbnail","6":"product_cat-all-products","7":"product_cat-nature","9":"first","10":"instock","11":"taxable","12":"shipping-taxable","13":"purchasable","14":"product-type-simple"},"_links":{"self":[{"href":"https:\/\/candeebaar.ee\/fi\/wp-json\/wp\/v2\/product\/6837","targetHints":{"allow":["GET"]}}],"collection":[{"href":"https:\/\/candeebaar.ee\/fi\/wp-json\/wp\/v2\/product"}],"about":[{"href":"https:\/\/candeebaar.ee\/fi\/wp-json\/wp\/v2\/types\/product"}],"version-history":[{"count":1,"href":"https:\/\/candeebaar.ee\/fi\/wp-json\/wp\/v2\/product\/6837\/revisions"}],"predecessor-version":[{"id":6838,"href":"https:\/\/candeebaar.ee\/fi\/wp-json\/wp\/v2\/product\/6837\/revisions\/6838"}],"wp:featuredmedia":[{"embeddable":true,"href":"https:\/\/candeebaar.ee\/fi\/wp-json\/wp\/v2\/media\/6832"}],"wp:attachment":[{"href":"https:\/\/candeebaar.ee\/fi\/wp-json\/wp\/v2\/media?parent=6837"}],"wp:term":[{"taxonomy":"product_brand","embeddable":true,"href":"https:\/\/candeebaar.ee\/fi\/wp-json\/wp\/v2\/product_brand?post=6837"},{"taxonomy":"product_cat","embeddable":true,"href":"https:\/\/candeebaar.ee\/fi\/wp-json\/wp\/v2\/product_cat?post=6837"},{"taxonomy":"product_tag","embeddable":true,"href":"https:\/\/candeebaar.ee\/fi\/wp-json\/wp\/v2\/product_tag?post=6837"}],"curies":[{"name":"wp","href":"https:\/\/api.w.org\/{rel}","templated":true}]}}