{"id":7009,"date":"2024-12-31T20:13:31","date_gmt":"2024-12-31T20:13:31","guid":{"rendered":"https:\/\/storetest.ivi.ee\/product\/set-of-molds-6-pcs-scrolls-r21\/"},"modified":"2026-03-14T11:11:24","modified_gmt":"2026-03-14T09:11:24","slug":"muottisarja-6-kpl-rullaa-r21","status":"publish","type":"product","link":"https:\/\/candeebaar.ee\/fi\/kauppa\/muottisarja-6-kpl-rullaa-r21\/","title":{"rendered":"Muottisarja (6 kpl) Rullat R21"},"content":{"rendered":"<p>Silikonimuotti sy\u00f6t\u00e4vien koristeiden tekemiseen fondantista, isomaltista, suklaasta, lasiteesta jne.<br \/>\nMateriaali: elintarvikesilikoni<br \/>\nKoko: 90*130*5 mm<br \/>\n77*90 mm<br \/>\n57*95 mm<br \/>\n36*75 mm<br \/>\n40*60 mm<br \/>\n35*125 mm<\/p>\n<p>K\u00e4ytt\u00f6l\u00e4mp\u00f6tila: -40\u00b0 - 230\u00b0C<br \/>\nValmistaja: Kiina<\/p>","protected":false},"excerpt":{"rendered":"<p>Silikonimuotti sy\u00f6t\u00e4vien koristeiden tekemiseen fondantista, isomaltista, suklaasta, lasiteesta jne. Materiaali: elintarvikesilikoni Koko: 90*130*5 mm 77*90 mm 57*95 mm 36*75 mm 40*60 mm 35*125 mm K\u00e4ytt\u00f6 l\u00e4mp\u00f6tila: -40\u00b0 - 230\u00b0C Valmistaja: Kiina<\/p>","protected":false},"featured_media":7011,"template":"","meta":{"_seopress_robots_primary_cat":"","_seopress_titles_title":"","_seopress_titles_desc":"","_seopress_robots_index":""},"product_brand":[],"product_cat":[15,127],"product_tag":[],"class_list":{"0":"post-7009","1":"product","2":"type-product","3":"status-publish","4":"has-post-thumbnail","6":"product_cat-all-products","7":"product_cat-ornament","9":"first","10":"instock","11":"taxable","12":"shipping-taxable","13":"purchasable","14":"product-type-simple"},"_links":{"self":[{"href":"https:\/\/candeebaar.ee\/fi\/wp-json\/wp\/v2\/product\/7009","targetHints":{"allow":["GET"]}}],"collection":[{"href":"https:\/\/candeebaar.ee\/fi\/wp-json\/wp\/v2\/product"}],"about":[{"href":"https:\/\/candeebaar.ee\/fi\/wp-json\/wp\/v2\/types\/product"}],"version-history":[{"count":1,"href":"https:\/\/candeebaar.ee\/fi\/wp-json\/wp\/v2\/product\/7009\/revisions"}],"predecessor-version":[{"id":7010,"href":"https:\/\/candeebaar.ee\/fi\/wp-json\/wp\/v2\/product\/7009\/revisions\/7010"}],"wp:featuredmedia":[{"embeddable":true,"href":"https:\/\/candeebaar.ee\/fi\/wp-json\/wp\/v2\/media\/7011"}],"wp:attachment":[{"href":"https:\/\/candeebaar.ee\/fi\/wp-json\/wp\/v2\/media?parent=7009"}],"wp:term":[{"taxonomy":"product_brand","embeddable":true,"href":"https:\/\/candeebaar.ee\/fi\/wp-json\/wp\/v2\/product_brand?post=7009"},{"taxonomy":"product_cat","embeddable":true,"href":"https:\/\/candeebaar.ee\/fi\/wp-json\/wp\/v2\/product_cat?post=7009"},{"taxonomy":"product_tag","embeddable":true,"href":"https:\/\/candeebaar.ee\/fi\/wp-json\/wp\/v2\/product_tag?post=7009"}],"curies":[{"name":"wp","href":"https:\/\/api.w.org\/{rel}","templated":true}]}}