{"id":7019,"date":"2024-12-31T20:13:31","date_gmt":"2024-12-31T20:13:31","guid":{"rendered":"https:\/\/storetest.ivi.ee\/product\/silicone-mold-letters-balls-a4\/"},"modified":"2025-07-09T05:02:23","modified_gmt":"2025-07-09T03:02:23","slug":"silikonimuotti-kirjaimet-pallot-a4","status":"publish","type":"product","link":"https:\/\/candeebaar.ee\/fi\/kauppa\/silikonimuotti-kirjaimet-pallot-a4\/","title":{"rendered":"Silikonimuotti Letters-Balls A4"},"content":{"rendered":"<p>Silikonimuotti sy\u00f6t\u00e4vien koristeiden tekemiseen fondantista, isomaltista, suklaasta, lasiteesta jne.<br \/>\nMateriaali: elintarvikesilikoni<br \/>\nKoko: 100*150*8 mm<br \/>\nK\u00e4ytt\u00f6l\u00e4mp\u00f6tila: -40\u00b0 - 230\u00b0\u0421<br \/>\nValmistaja: Kiina<\/p>","protected":false},"excerpt":{"rendered":"<p>Silikonimuotti sy\u00f6t\u00e4vien koristeiden tekemiseen fondantista, isomaltista, suklaasta, lasiteesta jne. Materiaali: elintarvikesilikoni Koko: 100*150*8 mm K\u00e4ytt\u00f6l\u00e4mp\u00f6tila: -40\u00b0 - 230\u00b0\u0421 Valmistaja: Kiina<\/p>","protected":false},"featured_media":7021,"template":"","meta":{"_seopress_robots_primary_cat":"","_seopress_titles_title":"","_seopress_titles_desc":"","_seopress_robots_index":""},"product_brand":[],"product_cat":[15,124],"product_tag":[],"class_list":{"0":"post-7019","1":"product","2":"type-product","3":"status-publish","4":"has-post-thumbnail","6":"product_cat-all-products","7":"product_cat-letters-and-numbers","9":"first","10":"instock","11":"taxable","12":"shipping-taxable","13":"purchasable","14":"product-type-simple"},"_links":{"self":[{"href":"https:\/\/candeebaar.ee\/fi\/wp-json\/wp\/v2\/product\/7019","targetHints":{"allow":["GET"]}}],"collection":[{"href":"https:\/\/candeebaar.ee\/fi\/wp-json\/wp\/v2\/product"}],"about":[{"href":"https:\/\/candeebaar.ee\/fi\/wp-json\/wp\/v2\/types\/product"}],"version-history":[{"count":1,"href":"https:\/\/candeebaar.ee\/fi\/wp-json\/wp\/v2\/product\/7019\/revisions"}],"predecessor-version":[{"id":7020,"href":"https:\/\/candeebaar.ee\/fi\/wp-json\/wp\/v2\/product\/7019\/revisions\/7020"}],"wp:featuredmedia":[{"embeddable":true,"href":"https:\/\/candeebaar.ee\/fi\/wp-json\/wp\/v2\/media\/7021"}],"wp:attachment":[{"href":"https:\/\/candeebaar.ee\/fi\/wp-json\/wp\/v2\/media?parent=7019"}],"wp:term":[{"taxonomy":"product_brand","embeddable":true,"href":"https:\/\/candeebaar.ee\/fi\/wp-json\/wp\/v2\/product_brand?post=7019"},{"taxonomy":"product_cat","embeddable":true,"href":"https:\/\/candeebaar.ee\/fi\/wp-json\/wp\/v2\/product_cat?post=7019"},{"taxonomy":"product_tag","embeddable":true,"href":"https:\/\/candeebaar.ee\/fi\/wp-json\/wp\/v2\/product_tag?post=7019"}],"curies":[{"name":"wp","href":"https:\/\/api.w.org\/{rel}","templated":true}]}}