{"id":7041,"date":"2024-12-31T20:13:31","date_gmt":"2024-12-31T20:13:31","guid":{"rendered":"https:\/\/storetest.ivi.ee\/product\/callebaut-811-dark-chocolate-54-5-2500g\/"},"modified":"2025-05-07T09:22:50","modified_gmt":"2025-05-07T07:22:50","slug":"callebaut-811-tumma-suklaa-54-5-2500g","status":"publish","type":"product","link":"https:\/\/candeebaar.ee\/fi\/kauppa\/callebaut-811-tumma-suklaa-54-5-2500g\/","title":{"rendered":"Callebaut 811 tumma suklaa (54.5%) 2500g"},"content":{"rendered":"<p>Tunnettua suklaata. Sill\u00e4 on korkein laatu.<br \/>\nPaino: 2500 g<br \/>\nAinesosat: sokeri, kaakaovoi, lesitiini (<strong>soija<\/strong>), luonnollinen vanilja-aromi, <strong>maitoa<\/strong>.<\/p>\n<table style=\"height: 160px; width: 409px;\" width=\"409\">\n<tbody>\n<tr>\n<td style=\"width: 244px;\">Sis\u00e4lt\u00f6 per<\/td>\n<td style=\"width: 150.4px;\">100g<\/td>\n<\/tr>\n<tr>\n<td style=\"width: 244px;\">Ravintoarvo<\/td>\n<td style=\"width: 150.4px;\">550 kcal 2303 kJ<\/td>\n<\/tr>\n<tr>\n<td style=\"width: 244px;\">Rasvat (joista tyydyttyneit\u00e4)<\/td>\n<td style=\"width: 150.4px;\">37 g (22 g)<\/td>\n<\/tr>\n<tr>\n<td style=\"width: 244px;\">Hiilihydraatit (sokeri)<\/td>\n<td style=\"width: 150.4px;\">46 g (43 g)<\/td>\n<\/tr>\n<tr>\n<td style=\"width: 244px;\">Proteiinit<\/td>\n<td style=\"width: 150.4px;\">5,1 g<\/td>\n<\/tr>\n<tr>\n<td style=\"width: 244px;\">Suolaa<\/td>\n<td style=\"width: 150.4px;\">0,01 g<\/td>\n<\/tr>\n<\/tbody>\n<\/table>\n<p>Varastointil\u00e4mp\u00f6tila: <strong>12-20 \u00b0C<\/strong><br \/>\nValmistaja: CALLEBAUT Belgia<br \/>\nLis\u00e4ksi voit l\u00f6yt\u00e4\u00e4 verkkosivuilta monia uusia reseptej\u00e4 ja tutustua heid\u00e4n tuotteisiinsa <a href=\"https:\/\/www.callebaut.com\/\">callebaut.com<\/a>.<\/p>\n<p>&nbsp;<\/p>","protected":false},"excerpt":{"rendered":"<p>Tunnettua suklaata. Sill\u00e4 on korkein laatu. Paino: 2500g Ainesosat: sokeri, kaakaovoi, lesitiini (soija), luonnollinen vanilja-aromi, maito. Sis\u00e4lt\u00f6 per 100 g Ravintoarvo 550 kcal 2303 kJ Rasvat (joista tyydyttyneit\u00e4) 37 g (22 g) Hiilihydraatit (sokeri) 46 g (43 g) Proteiinit 5,1 g Suola 0,01 g S\u00e4ilytysl\u00e4mp\u00f6tila: 12 \u2013 20 \u00b0C Valmistaja: Muita KAIKKI voit [\u2026]<\/p>","protected":false},"featured_media":4853,"template":"","meta":{"_seopress_robots_primary_cat":"none","_seopress_titles_title":"","_seopress_titles_desc":"","_seopress_robots_index":""},"product_brand":[],"product_cat":[15,110],"product_tag":[],"class_list":{"0":"post-7041","1":"product","2":"type-product","3":"status-publish","4":"has-post-thumbnail","6":"product_cat-all-products","7":"product_cat-callebaut","8":"brand-callebaut","10":"first","11":"instock","12":"taxable","13":"shipping-taxable","14":"purchasable","15":"product-type-simple"},"_links":{"self":[{"href":"https:\/\/candeebaar.ee\/fi\/wp-json\/wp\/v2\/product\/7041","targetHints":{"allow":["GET"]}}],"collection":[{"href":"https:\/\/candeebaar.ee\/fi\/wp-json\/wp\/v2\/product"}],"about":[{"href":"https:\/\/candeebaar.ee\/fi\/wp-json\/wp\/v2\/types\/product"}],"version-history":[{"count":4,"href":"https:\/\/candeebaar.ee\/fi\/wp-json\/wp\/v2\/product\/7041\/revisions"}],"predecessor-version":[{"id":11908,"href":"https:\/\/candeebaar.ee\/fi\/wp-json\/wp\/v2\/product\/7041\/revisions\/11908"}],"wp:featuredmedia":[{"embeddable":true,"href":"https:\/\/candeebaar.ee\/fi\/wp-json\/wp\/v2\/media\/4853"}],"wp:attachment":[{"href":"https:\/\/candeebaar.ee\/fi\/wp-json\/wp\/v2\/media?parent=7041"}],"wp:term":[{"taxonomy":"product_brand","embeddable":true,"href":"https:\/\/candeebaar.ee\/fi\/wp-json\/wp\/v2\/product_brand?post=7041"},{"taxonomy":"product_cat","embeddable":true,"href":"https:\/\/candeebaar.ee\/fi\/wp-json\/wp\/v2\/product_cat?post=7041"},{"taxonomy":"product_tag","embeddable":true,"href":"https:\/\/candeebaar.ee\/fi\/wp-json\/wp\/v2\/product_tag?post=7041"}],"curies":[{"name":"wp","href":"https:\/\/api.w.org\/{rel}","templated":true}]}}