{"id":7045,"date":"2024-12-31T20:13:44","date_gmt":"2024-12-31T20:13:44","guid":{"rendered":"https:\/\/storetest.ivi.ee\/product\/callebaut-ruby-rb1-47-3-2500g\/"},"modified":"2026-02-11T10:05:06","modified_gmt":"2026-02-11T08:05:06","slug":"callebaut-ruby-rb1-47-3-2500g","status":"publish","type":"product","link":"https:\/\/candeebaar.ee\/fi\/kauppa\/callebaut-ruby-rb1-47-3-2500g\/","title":{"rendered":"Callebaut Ruby RB1 (32.8%) 2500g"},"content":{"rendered":"<p>&quot;Tumman, maidon ja valkoisen j\u00e4lkeen &quot;Ruby&quot; on ep\u00e4tavallisin suklaal\u00f6yt\u00f6 80 vuoteen. T\u00e4m\u00e4 luonto\u00e4idin lahja yll\u00e4tt\u00e4\u00e4 ja h\u00e4ik\u00e4isee t\u00e4ysin uudella suklaamakulla ja v\u00e4rill\u00e4, joka on luotu rubiinikaakaopavuista \u2013 ilman v\u00e4ri- tai hedelm\u00e4makuaineita. Uppoudu sen rubiinin v\u00e4riin. Uppoudu sen intensiiviseen hedelm\u00e4isyyteen ja tuoreisiin, hapokkaisiin vivahteisiin. Sen ainutlaatuinen maku ja v\u00e4ri kutsuvat luomaan ainutlaatuisia yhdistelmi\u00e4 ja etsim\u00e4\u00e4n uusia ideoita makeistuotteisiin, leivontaan ja j\u00e4lkiruokiin. Monipuolisen juoksevuutensa ansiosta rubiini RB1 soveltuu ihanteellisesti monenlaisiin sovelluksiin \u2013 makeistuotteiden muotoilusta ja lasittamisesta jauhovaahoihin ja moneen muuhun. Olkoon &quot;Ruby&quot; RB1 kipin\u00e4, joka sytytt\u00e4\u00e4 uuden luovan potentiaalin.&quot; \u2013 <a href=\"https:\/\/www.callebaut.com\/en-OC\/chocolate-cocoa-nuts\/chr-r35rb1\/ruby\">callebaut.com<\/a><\/p>\n<ul class=\"i8Z77e\">\n<li class=\"TrT0Xe\">Ainesosat: sokeri, kaakaovoi, rasvaton <strong>maitoa<\/strong> jauhe, kokonaisena <strong>maitoa<\/strong> jauhe, kaakaotahna, emulgointiaine: <strong>soija<\/strong> lesitiini, happamuudens\u00e4\u00e4t\u00f6aine: sitruunahappo, luonnollinen vanilja-aromi.<\/li>\n<\/ul>\n<p><iframe src=\"\/\/www.youtube.com\/embed\/F72K1s8Zph8\" width=\"560\" height=\"314\" allowfullscreen=\"allowfullscreen\" data-mce-fragment=\"1\"><\/iframe><br \/>\nPaino: 200g<br \/>\nSis\u00e4lt\u00f6 per 100g:<br \/>\nEnergiaa: 563kcal\/2356kJ<br \/>\nRasvat: 36 g (josta tyydyttyneit\u00e4 22 g)<br \/>\nHiilihydraatit: 50 g (sokeri 49 g)<br \/>\nProteiinit: 9,3 g<br \/>\nSuola: 0,27 g<br \/>\nKaakaopitoisuus: 32,8%<\/p>\n<p>Valmistaja: CALLEBAUT<br \/>\nVarastointil\u00e4mp\u00f6tila: <strong>12-20 \u00b0C<\/strong><strong><br \/>\n<\/strong>Lis\u00e4ksi nettisivuilla <a href=\"https:\/\/www.callebaut.com\/\">callebaut.com<\/a>, voit l\u00f6yt\u00e4\u00e4 monia uusia reseptej\u00e4 ja oppia muista yrityksen tuotteista.<\/p>","protected":false},"excerpt":{"rendered":"<p>&quot;Tumman, maidon ja valkoisen j\u00e4lkeen &quot;Ruby&quot; on ep\u00e4tavallisin suklaal\u00f6yt\u00f6 80 vuoteen. T\u00e4m\u00e4 luonto\u00e4idin lahja yll\u00e4tt\u00e4\u00e4 ja h\u00e4ik\u00e4isee t\u00e4ysin uudella suklaamakulla ja v\u00e4rill\u00e4, joka on luotu rubiinikaakaopavuista \u2013 ilman v\u00e4ri- tai hedelm\u00e4makuaineita. Uppoudu sen rubiinin v\u00e4riin. H\u00e4vi\u00e4 itsesi [\u2026]<\/p>","protected":false},"featured_media":4890,"template":"","meta":{"_seopress_robots_primary_cat":"none","_seopress_titles_title":"","_seopress_titles_desc":"","_seopress_robots_index":""},"product_brand":[],"product_cat":[183,15,110],"product_tag":[],"class_list":{"0":"post-7045","1":"product","2":"type-product","3":"status-publish","4":"has-post-thumbnail","6":"product_cat-valentines-day","7":"product_cat-all-products","8":"product_cat-callebaut","9":"brand-callebaut","11":"first","12":"instock","13":"taxable","14":"shipping-taxable","15":"purchasable","16":"product-type-simple"},"_links":{"self":[{"href":"https:\/\/candeebaar.ee\/fi\/wp-json\/wp\/v2\/product\/7045","targetHints":{"allow":["GET"]}}],"collection":[{"href":"https:\/\/candeebaar.ee\/fi\/wp-json\/wp\/v2\/product"}],"about":[{"href":"https:\/\/candeebaar.ee\/fi\/wp-json\/wp\/v2\/types\/product"}],"version-history":[{"count":5,"href":"https:\/\/candeebaar.ee\/fi\/wp-json\/wp\/v2\/product\/7045\/revisions"}],"predecessor-version":[{"id":15393,"href":"https:\/\/candeebaar.ee\/fi\/wp-json\/wp\/v2\/product\/7045\/revisions\/15393"}],"wp:featuredmedia":[{"embeddable":true,"href":"https:\/\/candeebaar.ee\/fi\/wp-json\/wp\/v2\/media\/4890"}],"wp:attachment":[{"href":"https:\/\/candeebaar.ee\/fi\/wp-json\/wp\/v2\/media?parent=7045"}],"wp:term":[{"taxonomy":"product_brand","embeddable":true,"href":"https:\/\/candeebaar.ee\/fi\/wp-json\/wp\/v2\/product_brand?post=7045"},{"taxonomy":"product_cat","embeddable":true,"href":"https:\/\/candeebaar.ee\/fi\/wp-json\/wp\/v2\/product_cat?post=7045"},{"taxonomy":"product_tag","embeddable":true,"href":"https:\/\/candeebaar.ee\/fi\/wp-json\/wp\/v2\/product_tag?post=7045"}],"curies":[{"name":"wp","href":"https:\/\/api.w.org\/{rel}","templated":true}]}}