{"id":7053,"date":"2024-12-31T20:13:44","date_gmt":"2024-12-31T20:13:44","guid":{"rendered":"https:\/\/storetest.ivi.ee\/product\/callebaut-gold-chocolate-30-4-2500g\/"},"modified":"2025-12-16T09:49:50","modified_gmt":"2025-12-16T07:49:50","slug":"callebaut-kultasuklaa-30-4-2500g","status":"publish","type":"product","link":"https:\/\/candeebaar.ee\/fi\/kauppa\/callebaut-kultasuklaa-30-4-2500g\/","title":{"rendered":"Callebaut Gold Chocolate 30.4% 2500g"},"content":{"rendered":"<p>Callebaut kultainen suklaa. Valmistettu valkosuklaasta lis\u00e4ttyn\u00e4 karamellia.<br \/>\nKaakaopitoisuus 30.4%.<br \/>\nAinekset: kaakaovoi, sokeri, kuiva <strong>maitoa<\/strong>, karamellisoitu sokeri, emulgointiaine (<strong>soija<\/strong> lesitiini), luonnollinen aromi (vanilliini), suola.<br \/>\n2500g<\/p>\n<table style=\"height: 160px; width: 409px;\" width=\"409\">\n<tbody>\n<tr>\n<td style=\"width: 244px;\">Sis\u00e4lt\u00f6 per<\/td>\n<td style=\"width: 150.4px;\">100g<\/td>\n<\/tr>\n<tr>\n<td style=\"width: 244px;\">Ravintoarvo<\/td>\n<td style=\"width: 150.4px;\">571 kcal 2388 kJ<\/td>\n<\/tr>\n<tr>\n<td style=\"width: 244px;\">Rasvat (joista tyydyttyneit\u00e4)<\/td>\n<td style=\"width: 150.4px;\">37 g (23 g)<\/td>\n<\/tr>\n<tr>\n<td style=\"width: 244px;\">Hiilihydraatit (sokeri)<\/td>\n<td style=\"width: 150.4px;\">50g (51g)<\/td>\n<\/tr>\n<tr>\n<td style=\"width: 244px;\">Proteiinit<\/td>\n<td style=\"width: 150.4px;\">8g<\/td>\n<\/tr>\n<tr>\n<td style=\"width: 244px;\">Suolaa<\/td>\n<td style=\"width: 150.4px;\">0,51 g<\/td>\n<\/tr>\n<\/tbody>\n<\/table>\n<p>Varastointil\u00e4mp\u00f6tila: <strong>12-20 \u00b0C<br \/>\n<\/strong>Valmistaja: CALLEBAUT Belgia.<br \/>\nLis\u00e4ksi voit l\u00f6yt\u00e4\u00e4 verkkosivustolta monia uusia reseptej\u00e4 ja oppia heid\u00e4n tuotteistaan <a href=\"https:\/\/www.callebaut.com\/\">callebaut.com<\/a>.<\/p>\n<p>&nbsp;<\/p>","protected":false},"excerpt":{"rendered":"<p>Callebaut kultainen suklaa. Valmistettu valkosuklaasta lis\u00e4ttyn\u00e4 karamellia. Kaakaopitoisuus 30,4%. Ainesosat: kaakaovoi, sokeri, maitojauhe, karamellisoitu sokeri, emulgointiaine (soijalesitiini), luontainen aromi (vanilliini), suola. 2500g Sis\u00e4lt\u00f6 per 100g Ravintoarvo 571 kcal 2388 kJ Rasvat (joista tyydyttyneit\u00e4) 37g (23g) Hiilihydraatit (sokeri) 50g (51g) Proteiinit 8g Suola 0,51g Varastointi [\u2026]<\/p>","protected":false},"featured_media":4970,"template":"","meta":{"_seopress_robots_primary_cat":"none","_seopress_titles_title":"","_seopress_titles_desc":"","_seopress_robots_index":""},"product_brand":[],"product_cat":[15,110],"product_tag":[],"class_list":{"0":"post-7053","1":"product","2":"type-product","3":"status-publish","4":"has-post-thumbnail","6":"product_cat-all-products","7":"product_cat-callebaut","8":"brand-callebaut","10":"first","11":"instock","12":"taxable","13":"shipping-taxable","14":"purchasable","15":"product-type-simple"},"_links":{"self":[{"href":"https:\/\/candeebaar.ee\/fi\/wp-json\/wp\/v2\/product\/7053","targetHints":{"allow":["GET"]}}],"collection":[{"href":"https:\/\/candeebaar.ee\/fi\/wp-json\/wp\/v2\/product"}],"about":[{"href":"https:\/\/candeebaar.ee\/fi\/wp-json\/wp\/v2\/types\/product"}],"version-history":[{"count":3,"href":"https:\/\/candeebaar.ee\/fi\/wp-json\/wp\/v2\/product\/7053\/revisions"}],"predecessor-version":[{"id":11936,"href":"https:\/\/candeebaar.ee\/fi\/wp-json\/wp\/v2\/product\/7053\/revisions\/11936"}],"wp:featuredmedia":[{"embeddable":true,"href":"https:\/\/candeebaar.ee\/fi\/wp-json\/wp\/v2\/media\/4970"}],"wp:attachment":[{"href":"https:\/\/candeebaar.ee\/fi\/wp-json\/wp\/v2\/media?parent=7053"}],"wp:term":[{"taxonomy":"product_brand","embeddable":true,"href":"https:\/\/candeebaar.ee\/fi\/wp-json\/wp\/v2\/product_brand?post=7053"},{"taxonomy":"product_cat","embeddable":true,"href":"https:\/\/candeebaar.ee\/fi\/wp-json\/wp\/v2\/product_cat?post=7053"},{"taxonomy":"product_tag","embeddable":true,"href":"https:\/\/candeebaar.ee\/fi\/wp-json\/wp\/v2\/product_tag?post=7053"}],"curies":[{"name":"wp","href":"https:\/\/api.w.org\/{rel}","templated":true}]}}