{"id":7059,"date":"2024-12-31T20:13:44","date_gmt":"2024-12-31T20:13:44","guid":{"rendered":"https:\/\/storetest.ivi.ee\/product\/callebaut-mycryo-600g\/"},"modified":"2025-12-16T10:09:18","modified_gmt":"2025-12-16T08:09:18","slug":"callebaut-mycryo-600g","status":"publish","type":"product","link":"https:\/\/candeebaar.ee\/fi\/kauppa\/callebaut-mycryo-600g\/","title":{"rendered":"Callebaut Mycryo 600g"},"content":{"rendered":"<p>Kaakaovoita \u201dMikrio\u201d k\u00e4ytet\u00e4\u00e4n laajasti ruoanlaitossa.<br \/>\nSe ei sis\u00e4ll\u00e4 kolesterolia ja on 100% kasvipohjainen.<br \/>\nKoostumus: kaakaovoi<br \/>\n100g:ssa on: 100g rasvoja (joista 60g tyydyttyneit\u00e4)<br \/>\nVarastointil\u00e4mp\u00f6tila: 12-20\u00b0C<br \/>\nK\u00e4ytt\u00f6l\u00e4mp\u00f6tila: jopa 200\u00b0C<br \/>\nPaino: 600g<br \/>\nValmistaja: Barry Callebaut Belgia<br \/>\n<strong>Tuotteen toimitusaika, mik\u00e4li varastossa, on noin 1 viikko.<\/strong><\/p>","protected":false},"excerpt":{"rendered":"<p>Kaakaovoita \u201dMikrio\u201d k\u00e4ytet\u00e4\u00e4n laajasti ruoanlaitossa. Se ei sis\u00e4ll\u00e4 kolesterolia ja on 100% kasvipohjainen. Koostumus: kaakaovoi 100g:ssa on: 100g rasvoja (joista 60g kyll\u00e4stettyj\u00e4) S\u00e4ilytysl\u00e4mp\u00f6tila: 12-20\u00b0C K\u00e4ytt\u00f6l\u00e4mp\u00f6tila: 200\u00b0C asti Massa: 600g Valmistaja: Barry Callebaut Belgia Tuotteen toimitusaika, jos varastossa on [\u2026]<\/p>","protected":false},"featured_media":5149,"template":"","meta":{"_seopress_robots_primary_cat":"","_seopress_titles_title":"","_seopress_titles_desc":"","_seopress_robots_index":""},"product_brand":[],"product_cat":[15,110],"product_tag":[],"class_list":{"0":"post-7059","1":"product","2":"type-product","3":"status-publish","4":"has-post-thumbnail","6":"product_cat-all-products","7":"product_cat-callebaut","8":"brand-callebaut","10":"first","11":"instock","12":"taxable","13":"shipping-taxable","14":"purchasable","15":"product-type-simple"},"_links":{"self":[{"href":"https:\/\/candeebaar.ee\/fi\/wp-json\/wp\/v2\/product\/7059","targetHints":{"allow":["GET"]}}],"collection":[{"href":"https:\/\/candeebaar.ee\/fi\/wp-json\/wp\/v2\/product"}],"about":[{"href":"https:\/\/candeebaar.ee\/fi\/wp-json\/wp\/v2\/types\/product"}],"version-history":[{"count":1,"href":"https:\/\/candeebaar.ee\/fi\/wp-json\/wp\/v2\/product\/7059\/revisions"}],"predecessor-version":[{"id":7060,"href":"https:\/\/candeebaar.ee\/fi\/wp-json\/wp\/v2\/product\/7059\/revisions\/7060"}],"wp:featuredmedia":[{"embeddable":true,"href":"https:\/\/candeebaar.ee\/fi\/wp-json\/wp\/v2\/media\/5149"}],"wp:attachment":[{"href":"https:\/\/candeebaar.ee\/fi\/wp-json\/wp\/v2\/media?parent=7059"}],"wp:term":[{"taxonomy":"product_brand","embeddable":true,"href":"https:\/\/candeebaar.ee\/fi\/wp-json\/wp\/v2\/product_brand?post=7059"},{"taxonomy":"product_cat","embeddable":true,"href":"https:\/\/candeebaar.ee\/fi\/wp-json\/wp\/v2\/product_cat?post=7059"},{"taxonomy":"product_tag","embeddable":true,"href":"https:\/\/candeebaar.ee\/fi\/wp-json\/wp\/v2\/product_tag?post=7059"}],"curies":[{"name":"wp","href":"https:\/\/api.w.org\/{rel}","templated":true}]}}