{"id":7063,"date":"2024-12-31T20:13:44","date_gmt":"2024-12-31T20:13:44","guid":{"rendered":"https:\/\/storetest.ivi.ee\/product\/callebaut-velvet-chocolate-32-2500g\/"},"modified":"2025-12-16T10:11:25","modified_gmt":"2025-12-16T08:11:25","slug":"callebaut-samettisuklaa-32-2500g","status":"publish","type":"product","link":"https:\/\/candeebaar.ee\/fi\/kauppa\/callebaut-samettisuklaa-32-2500g\/","title":{"rendered":"Callebaut Velvet Chocolate (32%) 2500g"},"content":{"rendered":"<p>Valkoinen pinnoite.<br \/>\nKaakaopitoisuus 32%.<br \/>\nPaino: 2500g<br \/>\nAinesosat: sokeri, kaakaovoi, kokonaisena <strong>maitoa<\/strong> jauhe, <strong>soija<\/strong> lesitiini (emulgointiaine), luonnollinen vanilja-aromi.<br \/>\nUudelleenpakatut tuotteet voivat sis\u00e4lt\u00e4\u00e4 tai olla k\u00e4sitelty laitteilla, jotka joutuvat kosketuksiin VEHN\u00c4N, MUNIEN, <strong>MAAP\u00c4HKIN\u00c4T<\/strong>, <strong>SOIJA<\/strong>, <strong>P\u00c4HKIN\u00c4T<\/strong>ja\/tai <strong>MAITO<\/strong>.<\/p>\n<table style=\"height: 160px; width: 409px;\" width=\"409\">\n<tbody>\n<tr>\n<td style=\"width: 244px;\">Sis\u00e4lt\u00f6 per<\/td>\n<td style=\"width: 150.4px;\">100g<\/td>\n<\/tr>\n<tr>\n<td style=\"width: 244px;\">Ravintoarvo<\/td>\n<td style=\"width: 150.4px;\">589 kcal 2465 kJ<\/td>\n<\/tr>\n<tr>\n<td style=\"width: 244px;\">Rasvat (joista tyydyttyneit\u00e4)<\/td>\n<td style=\"width: 150.4px;\">40 g (24 g)<\/td>\n<\/tr>\n<tr>\n<td style=\"width: 244px;\">Hiilihydraatit (sokeri)<\/td>\n<td style=\"width: 150.4px;\">51 g (51 g)<\/td>\n<\/tr>\n<tr>\n<td style=\"width: 244px;\">Proteiinit<\/td>\n<td style=\"width: 150.4px;\">6,1 g<\/td>\n<\/tr>\n<tr>\n<td style=\"width: 244px;\">Suolaa<\/td>\n<td style=\"width: 150.4px;\">0,22 g<\/td>\n<\/tr>\n<\/tbody>\n<\/table>\n<p>Varastointil\u00e4mp\u00f6tila: <strong>12-20 \u00b0C<\/strong><br \/>\nValmistaja: CALLEBAUT<br \/>\nLis\u00e4ksi nettisivuilla <a href=\"https:\/\/www.callebaut.com\/\">callebaut.com<\/a> voit oppia monia uusia reseptej\u00e4 ja tutustua heid\u00e4n tuotteisiinsa.<\/p>\n<p>&nbsp;<\/p>","protected":false},"excerpt":{"rendered":"<p>Valkoinen pinnoite. Kaakaopitoisuus 32%. Paino: 2500g Ainesosat: sokeri, kaakaovoi, t\u00e4ysmaitojauhe, soijalesitiini (emulgointiaine), luonnollinen vanilja-aromi. Uudelleenpakatut tuotteet voivat sis\u00e4lt\u00e4\u00e4 tai niit\u00e4 voidaan k\u00e4sitell\u00e4 laitteilla, jotka joutuvat kosketuksiin VEHN\u00c4N, MUNIEN, MAAP\u00c4HKIN\u00d6IDEN, SOIJAN, P\u00c4HKIN\u00d6IDEN ja\/tai MAIDEN kanssa. Sis\u00e4lt\u00f6 per 100 g Ravintoarvo 589 kcal 2465 kJ Rasvat (joista tyydyttyneit\u00e4) 40 g [\u2026]<\/p>","protected":false},"featured_media":5253,"template":"","meta":{"_seopress_robots_primary_cat":"none","_seopress_titles_title":"","_seopress_titles_desc":"","_seopress_robots_index":""},"product_brand":[],"product_cat":[180,15,110],"product_tag":[],"class_list":{"0":"post-7063","1":"product","2":"type-product","3":"status-publish","4":"has-post-thumbnail","6":"product_cat-wedding-products","7":"product_cat-all-products","8":"product_cat-callebaut","9":"brand-callebaut","11":"first","12":"instock","13":"taxable","14":"shipping-taxable","15":"purchasable","16":"product-type-simple"},"_links":{"self":[{"href":"https:\/\/candeebaar.ee\/fi\/wp-json\/wp\/v2\/product\/7063","targetHints":{"allow":["GET"]}}],"collection":[{"href":"https:\/\/candeebaar.ee\/fi\/wp-json\/wp\/v2\/product"}],"about":[{"href":"https:\/\/candeebaar.ee\/fi\/wp-json\/wp\/v2\/types\/product"}],"version-history":[{"count":3,"href":"https:\/\/candeebaar.ee\/fi\/wp-json\/wp\/v2\/product\/7063\/revisions"}],"predecessor-version":[{"id":11899,"href":"https:\/\/candeebaar.ee\/fi\/wp-json\/wp\/v2\/product\/7063\/revisions\/11899"}],"wp:featuredmedia":[{"embeddable":true,"href":"https:\/\/candeebaar.ee\/fi\/wp-json\/wp\/v2\/media\/5253"}],"wp:attachment":[{"href":"https:\/\/candeebaar.ee\/fi\/wp-json\/wp\/v2\/media?parent=7063"}],"wp:term":[{"taxonomy":"product_brand","embeddable":true,"href":"https:\/\/candeebaar.ee\/fi\/wp-json\/wp\/v2\/product_brand?post=7063"},{"taxonomy":"product_cat","embeddable":true,"href":"https:\/\/candeebaar.ee\/fi\/wp-json\/wp\/v2\/product_cat?post=7063"},{"taxonomy":"product_tag","embeddable":true,"href":"https:\/\/candeebaar.ee\/fi\/wp-json\/wp\/v2\/product_tag?post=7063"}],"curies":[{"name":"wp","href":"https:\/\/api.w.org\/{rel}","templated":true}]}}