{"id":7065,"date":"2024-12-31T20:13:44","date_gmt":"2024-12-31T20:13:44","guid":{"rendered":"https:\/\/storetest.ivi.ee\/product\/callebaut-caramel-chocolate-31-1-2500g\/"},"modified":"2025-04-22T09:26:57","modified_gmt":"2025-04-22T07:26:57","slug":"callebaut-karamellisuklaa-31-1-2500g","status":"publish","type":"product","link":"https:\/\/candeebaar.ee\/fi\/kauppa\/callebaut-karamellisuklaa-31-1-2500g\/","title":{"rendered":"Callebaut Caramel Chocolate (31.1%) 2500g"},"content":{"rendered":"<p>Karamellimakuinen ja v\u00e4rillinen suklaa. T\u00e4ydellinen koristeluun, ganachesiin ja karkkeihin.<br \/>\nValmistettu valkosuklaasta, se on temperoitu aivan kuten tavallinen valkosuklaa.<br \/>\nAinesosat: sokeri, kaakaovoi, kokonaisena <strong>MAITO<\/strong> jauhe, kaakaomassa, rasvaton <strong>MAITO<\/strong> jauhe, karamellisoitu sokeri, emulgointiaine <strong>SOIJA<\/strong> lesitiini, aromi, paprikaaute, luonnollinen vanilja-aromi.<br \/>\n2500g<\/p>\n<table style=\"height: 160px; width: 409px;\" width=\"409\">\n<tbody>\n<tr>\n<td style=\"width: 244px;\">Sis\u00e4lt\u00f6 per<\/td>\n<td style=\"width: 150.4px;\">100g<\/td>\n<\/tr>\n<tr>\n<td style=\"width: 244px;\">Ravintoarvo<\/td>\n<td style=\"width: 150.4px;\">566 kcal 2369 kJ<\/td>\n<\/tr>\n<tr>\n<td style=\"width: 244px;\">Rasvat (joista tyydyttyneit\u00e4)<\/td>\n<td style=\"width: 150.4px;\">37 g (22 g)<\/td>\n<\/tr>\n<tr>\n<td style=\"width: 244px;\">Hiilihydraatit (sokeri)<\/td>\n<td style=\"width: 150.4px;\">49 g (49 g)<\/td>\n<\/tr>\n<tr>\n<td style=\"width: 244px;\">Proteiinit<\/td>\n<td style=\"width: 150.4px;\">7,9 g<\/td>\n<\/tr>\n<tr>\n<td style=\"width: 244px;\">Suolaa<\/td>\n<td style=\"width: 150.4px;\">0,25 g<\/td>\n<\/tr>\n<\/tbody>\n<\/table>\n<p>Varastointil\u00e4mp\u00f6tila: <strong>12-20 \u00b0C<\/strong><br \/>\nValmistaja: CALLEBAUT Belgia.<br \/>\nCompleteVoit l\u00f6yt\u00e4\u00e4 monia uusia reseptej\u00e4 ja oppia heid\u00e4n tuotteistaan verkkosivustolta <a href=\"https:\/\/www.callebaut.com\/\">callebaut.com<\/a>.<\/p>","protected":false},"excerpt":{"rendered":"<p>Karamellimakuinen ja v\u00e4rillinen suklaa. T\u00e4ydellinen koristeluun, ganachesiin ja karkkeihin. Valmistettu valkosuklaasta, se on temperoitu aivan kuten tavallinen valkosuklaa. Ainesosat: sokeri, kaakaovoi, t\u00e4ysMAITOJAUHE, kaakaomassa, rasvaton MAITOjauhe, karamellisoitu sokeri, emulgointiaine SOIJALEsitiini, aromi, paprikauute, luonnollinen vanilja-aromi. 2500g Sis\u00e4lt\u00f6 per 100g Ravintoarvo 566 kcal [\u2026]<\/p>","protected":false},"featured_media":4919,"template":"","meta":{"_seopress_robots_primary_cat":"none","_seopress_titles_title":"","_seopress_titles_desc":"","_seopress_robots_index":""},"product_brand":[],"product_cat":[15,110],"product_tag":[],"class_list":{"0":"post-7065","1":"product","2":"type-product","3":"status-publish","4":"has-post-thumbnail","6":"product_cat-all-products","7":"product_cat-callebaut","8":"brand-callebaut","10":"first","11":"instock","12":"taxable","13":"shipping-taxable","14":"purchasable","15":"product-type-simple"},"_links":{"self":[{"href":"https:\/\/candeebaar.ee\/fi\/wp-json\/wp\/v2\/product\/7065","targetHints":{"allow":["GET"]}}],"collection":[{"href":"https:\/\/candeebaar.ee\/fi\/wp-json\/wp\/v2\/product"}],"about":[{"href":"https:\/\/candeebaar.ee\/fi\/wp-json\/wp\/v2\/types\/product"}],"version-history":[{"count":5,"href":"https:\/\/candeebaar.ee\/fi\/wp-json\/wp\/v2\/product\/7065\/revisions"}],"predecessor-version":[{"id":11931,"href":"https:\/\/candeebaar.ee\/fi\/wp-json\/wp\/v2\/product\/7065\/revisions\/11931"}],"wp:featuredmedia":[{"embeddable":true,"href":"https:\/\/candeebaar.ee\/fi\/wp-json\/wp\/v2\/media\/4919"}],"wp:attachment":[{"href":"https:\/\/candeebaar.ee\/fi\/wp-json\/wp\/v2\/media?parent=7065"}],"wp:term":[{"taxonomy":"product_brand","embeddable":true,"href":"https:\/\/candeebaar.ee\/fi\/wp-json\/wp\/v2\/product_brand?post=7065"},{"taxonomy":"product_cat","embeddable":true,"href":"https:\/\/candeebaar.ee\/fi\/wp-json\/wp\/v2\/product_cat?post=7065"},{"taxonomy":"product_tag","embeddable":true,"href":"https:\/\/candeebaar.ee\/fi\/wp-json\/wp\/v2\/product_tag?post=7065"}],"curies":[{"name":"wp","href":"https:\/\/api.w.org\/{rel}","templated":true}]}}