{"id":7071,"date":"2024-12-31T20:13:44","date_gmt":"2024-12-31T20:13:44","guid":{"rendered":"https:\/\/storetest.ivi.ee\/product\/base-340x3-3mm-double-sided-daisy-reinforced\/"},"modified":"2025-07-16T06:44:01","modified_gmt":"2025-07-16T04:44:01","slug":"kakkulauta-340x3-3mm-kaksipuolinen-paivankakkara-vahvistettu","status":"publish","type":"product","link":"https:\/\/candeebaar.ee\/fi\/kauppa\/kakkulauta-340x3-3mm-kaksipuolinen-paivankakkara-vahvistettu\/","title":{"rendered":"Cake Board 340 \u00d7 3,3 mm kaksipuolinen p\u00e4iv\u00e4nkakkara vahvistettu"},"content":{"rendered":"<p>Pohja vahvistetusta kosteutta kest\u00e4v\u00e4st\u00e4 kartongista.<br \/>\nTarvitaan j\u00e4lkiruokien asianmukaiseen s\u00e4ilytykseen, kuljetukseen ja tarjoiluun.<br \/>\nSopii suurille ja korkeille kakuille.<br \/>\nPaksuus 3,3mm<br \/>\nHalkaisija: 340 mm<br \/>\nV\u00e4rit: kiilt\u00e4v\u00e4 musta, kulta<\/p>","protected":false},"excerpt":{"rendered":"<p>Pohja vahvistetusta kosteutta kest\u00e4v\u00e4st\u00e4 kartongista. Tarvitaan j\u00e4lkiruokien asianmukaiseen s\u00e4ilytykseen, kuljetukseen ja tarjoiluun. Sopii suurille ja korkeille kakuille. Paksuus 3,3mm Halkaisija: 340mm V\u00e4rit: musta kiilt\u00e4v\u00e4, kulta<\/p>","protected":false},"featured_media":5316,"template":"","meta":{"_seopress_robots_primary_cat":"","_seopress_titles_title":"","_seopress_titles_desc":"","_seopress_robots_index":""},"product_brand":[],"product_cat":[15,148],"product_tag":[],"class_list":{"0":"post-7071","1":"product","2":"type-product","3":"status-publish","4":"has-post-thumbnail","6":"product_cat-all-products","7":"product_cat-32cm-and-bigger","9":"first","10":"outofstock","11":"taxable","12":"shipping-taxable","13":"purchasable","14":"product-type-simple"},"_links":{"self":[{"href":"https:\/\/candeebaar.ee\/fi\/wp-json\/wp\/v2\/product\/7071","targetHints":{"allow":["GET"]}}],"collection":[{"href":"https:\/\/candeebaar.ee\/fi\/wp-json\/wp\/v2\/product"}],"about":[{"href":"https:\/\/candeebaar.ee\/fi\/wp-json\/wp\/v2\/types\/product"}],"version-history":[{"count":2,"href":"https:\/\/candeebaar.ee\/fi\/wp-json\/wp\/v2\/product\/7071\/revisions"}],"predecessor-version":[{"id":8220,"href":"https:\/\/candeebaar.ee\/fi\/wp-json\/wp\/v2\/product\/7071\/revisions\/8220"}],"wp:featuredmedia":[{"embeddable":true,"href":"https:\/\/candeebaar.ee\/fi\/wp-json\/wp\/v2\/media\/5316"}],"wp:attachment":[{"href":"https:\/\/candeebaar.ee\/fi\/wp-json\/wp\/v2\/media?parent=7071"}],"wp:term":[{"taxonomy":"product_brand","embeddable":true,"href":"https:\/\/candeebaar.ee\/fi\/wp-json\/wp\/v2\/product_brand?post=7071"},{"taxonomy":"product_cat","embeddable":true,"href":"https:\/\/candeebaar.ee\/fi\/wp-json\/wp\/v2\/product_cat?post=7071"},{"taxonomy":"product_tag","embeddable":true,"href":"https:\/\/candeebaar.ee\/fi\/wp-json\/wp\/v2\/product_tag?post=7071"}],"curies":[{"name":"wp","href":"https:\/\/api.w.org\/{rel}","templated":true}]}}