{"id":7073,"date":"2024-12-31T20:13:44","date_gmt":"2024-12-31T20:13:44","guid":{"rendered":"https:\/\/storetest.ivi.ee\/product\/base-350x450x3mm-reinforced-daisy-silver\/"},"modified":"2026-04-14T22:13:53","modified_gmt":"2026-04-14T20:13:53","slug":"pohja-350x450x3mm-vahvistettu-paivankakkara-hopea","status":"publish","type":"product","link":"https:\/\/candeebaar.ee\/fi\/kauppa\/pohja-350x450x3mm-vahvistettu-paivankakkara-hopea\/","title":{"rendered":"Cake Board 350x450x3mm vahvistettu &quot;Disy&quot; valkoinen"},"content":{"rendered":"<p>Pohja vahvistetusta aaltopahvista.<br \/>\nTarvitaan j\u00e4lkiruokien asianmukaiseen s\u00e4ilytykseen, kuljetukseen ja tarjoiluun.<br \/>\nPaksuus: 3mm<br \/>\nKoko: 350x450mm<br \/>\nV\u00e4ri: valkoinen<\/p>","protected":false},"excerpt":{"rendered":"<p>Pohja vahvistetusta aaltopahvista. Tarvitaan j\u00e4lkiruokien asianmukaiseen s\u00e4ilytykseen, kuljetukseen ja tarjoiluun. Paksuus: 3mm Koko: 350x450mm V\u00e4ri: valkoinen<\/p>","protected":false},"featured_media":5792,"template":"","meta":{"_seopress_robots_primary_cat":"none","_seopress_titles_title":"","_seopress_titles_desc":"","_seopress_robots_index":""},"product_brand":[],"product_cat":[15,148,149],"product_tag":[],"class_list":{"0":"post-7073","1":"product","2":"type-product","3":"status-publish","4":"has-post-thumbnail","6":"product_cat-all-products","7":"product_cat-32cm-and-bigger","8":"product_cat-square-and-rectangular","10":"first","11":"instock","12":"taxable","13":"shipping-taxable","14":"purchasable","15":"product-type-simple"},"_links":{"self":[{"href":"https:\/\/candeebaar.ee\/fi\/wp-json\/wp\/v2\/product\/7073","targetHints":{"allow":["GET"]}}],"collection":[{"href":"https:\/\/candeebaar.ee\/fi\/wp-json\/wp\/v2\/product"}],"about":[{"href":"https:\/\/candeebaar.ee\/fi\/wp-json\/wp\/v2\/types\/product"}],"version-history":[{"count":3,"href":"https:\/\/candeebaar.ee\/fi\/wp-json\/wp\/v2\/product\/7073\/revisions"}],"predecessor-version":[{"id":11613,"href":"https:\/\/candeebaar.ee\/fi\/wp-json\/wp\/v2\/product\/7073\/revisions\/11613"}],"wp:featuredmedia":[{"embeddable":true,"href":"https:\/\/candeebaar.ee\/fi\/wp-json\/wp\/v2\/media\/5792"}],"wp:attachment":[{"href":"https:\/\/candeebaar.ee\/fi\/wp-json\/wp\/v2\/media?parent=7073"}],"wp:term":[{"taxonomy":"product_brand","embeddable":true,"href":"https:\/\/candeebaar.ee\/fi\/wp-json\/wp\/v2\/product_brand?post=7073"},{"taxonomy":"product_cat","embeddable":true,"href":"https:\/\/candeebaar.ee\/fi\/wp-json\/wp\/v2\/product_cat?post=7073"},{"taxonomy":"product_tag","embeddable":true,"href":"https:\/\/candeebaar.ee\/fi\/wp-json\/wp\/v2\/product_tag?post=7073"}],"curies":[{"name":"wp","href":"https:\/\/api.w.org\/{rel}","templated":true}]}}