{"id":7078,"date":"2024-12-31T20:13:44","date_gmt":"2024-12-31T20:13:44","guid":{"rendered":"https:\/\/storetest.ivi.ee\/product\/base-180x3mm-reinforced-white-daisy\/"},"modified":"2025-05-07T12:33:43","modified_gmt":"2025-05-07T10:33:43","slug":"pohja-180x3mm-vahvistettu-valkoinen-paivankakkara","status":"publish","type":"product","link":"https:\/\/candeebaar.ee\/fi\/kauppa\/pohja-180x3mm-vahvistettu-valkoinen-paivankakkara\/","title":{"rendered":"Cake Board 180x3mm vahvistettu valkoinen &quot;Disy&quot;"},"content":{"rendered":"<p>Pohja vahvistetusta aaltopahvista.<br \/>\nSe on v\u00e4ltt\u00e4m\u00e4t\u00f6n j\u00e4lkiruokien asianmukaisen varastoinnin, kuljetuksen ja tarjoilun kannalta.<br \/>\nPaksuus: 3mm<br \/>\nHalkaisija: 180mm<br \/>\nV\u00e4ri: valkoinen<\/p>","protected":false},"excerpt":{"rendered":"<p>Pohja vahvistetusta aaltopahvista. Se on v\u00e4ltt\u00e4m\u00e4t\u00f6n j\u00e4lkiruokien asianmukaisen s\u00e4ilytyksen, kuljetuksen ja tarjoilun kannalta. Paksuus: 3mm Halkaisija: 180mm V\u00e4ri: valkoinen<\/p>","protected":false},"featured_media":5781,"template":"","meta":{"_seopress_robots_primary_cat":"none","_seopress_titles_title":"","_seopress_titles_desc":"","_seopress_robots_index":""},"product_brand":[],"product_cat":[15,140],"product_tag":[],"class_list":{"0":"post-7078","1":"product","2":"type-product","3":"status-publish","4":"has-post-thumbnail","6":"product_cat-all-products","7":"product_cat-18cm","9":"first","10":"outofstock","11":"taxable","12":"shipping-taxable","13":"purchasable","14":"product-type-simple"},"_links":{"self":[{"href":"https:\/\/candeebaar.ee\/fi\/wp-json\/wp\/v2\/product\/7078","targetHints":{"allow":["GET"]}}],"collection":[{"href":"https:\/\/candeebaar.ee\/fi\/wp-json\/wp\/v2\/product"}],"about":[{"href":"https:\/\/candeebaar.ee\/fi\/wp-json\/wp\/v2\/types\/product"}],"version-history":[{"count":2,"href":"https:\/\/candeebaar.ee\/fi\/wp-json\/wp\/v2\/product\/7078\/revisions"}],"predecessor-version":[{"id":9132,"href":"https:\/\/candeebaar.ee\/fi\/wp-json\/wp\/v2\/product\/7078\/revisions\/9132"}],"wp:featuredmedia":[{"embeddable":true,"href":"https:\/\/candeebaar.ee\/fi\/wp-json\/wp\/v2\/media\/5781"}],"wp:attachment":[{"href":"https:\/\/candeebaar.ee\/fi\/wp-json\/wp\/v2\/media?parent=7078"}],"wp:term":[{"taxonomy":"product_brand","embeddable":true,"href":"https:\/\/candeebaar.ee\/fi\/wp-json\/wp\/v2\/product_brand?post=7078"},{"taxonomy":"product_cat","embeddable":true,"href":"https:\/\/candeebaar.ee\/fi\/wp-json\/wp\/v2\/product_cat?post=7078"},{"taxonomy":"product_tag","embeddable":true,"href":"https:\/\/candeebaar.ee\/fi\/wp-json\/wp\/v2\/product_tag?post=7078"}],"curies":[{"name":"wp","href":"https:\/\/api.w.org\/{rel}","templated":true}]}}