{"id":7084,"date":"2024-12-31T20:13:47","date_gmt":"2024-12-31T20:13:47","guid":{"rendered":"https:\/\/storetest.ivi.ee\/product\/white-macaroon-box-with-window-104-54-5cm\/"},"modified":"2025-10-05T20:25:56","modified_gmt":"2025-10-05T18:25:56","slug":"valkoinen-makaronilaatikko-ikkunalla-104-54-5cm","status":"publish","type":"product","link":"https:\/\/candeebaar.ee\/fi\/kauppa\/valkoinen-makaronilaatikko-ikkunalla-104-54-5cm\/","title":{"rendered":"Valkoinen makaronilaatikko ikkunalla 10*4,5*4,5cm"},"content":{"rendered":"<p>Minilaatikko macaroneille.<br \/>\nIkkuna l\u00e4pin\u00e4kyv\u00e4st\u00e4 muovista.<br \/>\nLeveys: 4,5 cm<br \/>\nPituus: 10 cm<br \/>\nKorkeus: 4,5 cm<\/p>\n<p>V\u00e4ri: valkoinen<br \/>\nMateriaali: pahvi<br \/>\nHelppo koota.<\/p>\n<p>&nbsp;<\/p>","protected":false},"excerpt":{"rendered":"<p>Minilaatikko macaroneille. Ikkuna l\u00e4pin\u00e4kyv\u00e4st\u00e4 muovista. Leveys: 4,5 cm Pituus: 10 cm Korkeus: 4,5 cm V\u00e4ri: valkoinen Materiaali: pahvi Helppo koota. &nbsp;<\/p>","protected":false},"featured_media":7086,"template":"","meta":{"_seopress_robots_primary_cat":"","_seopress_titles_title":"","_seopress_titles_desc":"","_seopress_robots_index":""},"product_brand":[],"product_cat":[15,151],"product_tag":[],"class_list":{"0":"post-7084","1":"product","2":"type-product","3":"status-publish","4":"has-post-thumbnail","6":"product_cat-all-products","7":"product_cat-macaron","9":"first","10":"instock","11":"taxable","12":"shipping-taxable","13":"purchasable","14":"product-type-simple"},"_links":{"self":[{"href":"https:\/\/candeebaar.ee\/fi\/wp-json\/wp\/v2\/product\/7084","targetHints":{"allow":["GET"]}}],"collection":[{"href":"https:\/\/candeebaar.ee\/fi\/wp-json\/wp\/v2\/product"}],"about":[{"href":"https:\/\/candeebaar.ee\/fi\/wp-json\/wp\/v2\/types\/product"}],"version-history":[{"count":1,"href":"https:\/\/candeebaar.ee\/fi\/wp-json\/wp\/v2\/product\/7084\/revisions"}],"predecessor-version":[{"id":7085,"href":"https:\/\/candeebaar.ee\/fi\/wp-json\/wp\/v2\/product\/7084\/revisions\/7085"}],"wp:featuredmedia":[{"embeddable":true,"href":"https:\/\/candeebaar.ee\/fi\/wp-json\/wp\/v2\/media\/7086"}],"wp:attachment":[{"href":"https:\/\/candeebaar.ee\/fi\/wp-json\/wp\/v2\/media?parent=7084"}],"wp:term":[{"taxonomy":"product_brand","embeddable":true,"href":"https:\/\/candeebaar.ee\/fi\/wp-json\/wp\/v2\/product_brand?post=7084"},{"taxonomy":"product_cat","embeddable":true,"href":"https:\/\/candeebaar.ee\/fi\/wp-json\/wp\/v2\/product_cat?post=7084"},{"taxonomy":"product_tag","embeddable":true,"href":"https:\/\/candeebaar.ee\/fi\/wp-json\/wp\/v2\/product_tag?post=7084"}],"curies":[{"name":"wp","href":"https:\/\/api.w.org\/{rel}","templated":true}]}}