{"id":7105,"date":"2024-12-31T20:13:47","date_gmt":"2024-12-31T20:13:47","guid":{"rendered":"https:\/\/storetest.ivi.ee\/product\/silicone-syringe-handle-for-decoration\/"},"modified":"2025-07-17T09:48:55","modified_gmt":"2025-07-17T07:48:55","slug":"silikoniriskun-kahva-koristeeksi","status":"publish","type":"product","link":"https:\/\/candeebaar.ee\/fi\/kauppa\/silikoniriskun-kahva-koristeeksi\/","title":{"rendered":"Silikoniruiskun kahva koristeeksi"},"content":{"rendered":"<p>Ruiskun kahvaa k\u00e4ytet\u00e4\u00e4n mukavaan koristeluun suklaalla ja lasiteella.<br \/>\n Silikonirunko mahdollistaa halutun paksuisten linjojen intuitiivisen levitt\u00e4misen yksinkertaisella painalluksella, mik\u00e4 parantaa merkitt\u00e4v\u00e4sti koristelun laatua.<br \/>\n Sis\u00e4lt\u00e4\u00e4 4 hienoa suutinta (py\u00f6re\u00e4 1 mm, py\u00f6re\u00e4 4 mm, t\u00e4hti 5 pistett\u00e4, t\u00e4hti 3 pistett\u00e4).<br \/>\n Materiaali: muovi, silikoni<br \/>\n Koko: 14 cm<br \/>\n Valmistaja: Kiina<\/p>","protected":false},"excerpt":{"rendered":"<p>Ruiskun kahvaa k\u00e4ytet\u00e4\u00e4n mukavaan koristeluun suklaalla ja lasiteella. Silikonirunko mahdollistaa halutun paksuisten linjojen intuitiivisen levitt\u00e4misen yksinkertaisella painalluksella, mik\u00e4 parantaa merkitt\u00e4v\u00e4sti koristelun laatua. Sis\u00e4lt\u00e4\u00e4 4 hienoa suutinta (py\u00f6re\u00e4 1 mm, py\u00f6re\u00e4 4 mm, t\u00e4hti 5 pistett\u00e4, t\u00e4hti 3 pistett\u00e4). Materiaali: muovi, silikoni Koko: 14cm Valmistaja: [\u2026]<\/p>","protected":false},"featured_media":7107,"template":"","meta":{"_seopress_robots_primary_cat":"","_seopress_titles_title":"","_seopress_titles_desc":"","_seopress_robots_index":""},"product_brand":[],"product_cat":[15,121],"product_tag":[],"class_list":{"0":"post-7105","1":"product","2":"type-product","3":"status-publish","4":"has-post-thumbnail","6":"product_cat-all-products","7":"product_cat-round","9":"first","10":"instock","11":"taxable","12":"shipping-taxable","13":"purchasable","14":"product-type-simple"},"_links":{"self":[{"href":"https:\/\/candeebaar.ee\/fi\/wp-json\/wp\/v2\/product\/7105","targetHints":{"allow":["GET"]}}],"collection":[{"href":"https:\/\/candeebaar.ee\/fi\/wp-json\/wp\/v2\/product"}],"about":[{"href":"https:\/\/candeebaar.ee\/fi\/wp-json\/wp\/v2\/types\/product"}],"version-history":[{"count":1,"href":"https:\/\/candeebaar.ee\/fi\/wp-json\/wp\/v2\/product\/7105\/revisions"}],"predecessor-version":[{"id":7106,"href":"https:\/\/candeebaar.ee\/fi\/wp-json\/wp\/v2\/product\/7105\/revisions\/7106"}],"wp:featuredmedia":[{"embeddable":true,"href":"https:\/\/candeebaar.ee\/fi\/wp-json\/wp\/v2\/media\/7107"}],"wp:attachment":[{"href":"https:\/\/candeebaar.ee\/fi\/wp-json\/wp\/v2\/media?parent=7105"}],"wp:term":[{"taxonomy":"product_brand","embeddable":true,"href":"https:\/\/candeebaar.ee\/fi\/wp-json\/wp\/v2\/product_brand?post=7105"},{"taxonomy":"product_cat","embeddable":true,"href":"https:\/\/candeebaar.ee\/fi\/wp-json\/wp\/v2\/product_cat?post=7105"},{"taxonomy":"product_tag","embeddable":true,"href":"https:\/\/candeebaar.ee\/fi\/wp-json\/wp\/v2\/product_tag?post=7105"}],"curies":[{"name":"wp","href":"https:\/\/api.w.org\/{rel}","templated":true}]}}