{"id":7108,"date":"2024-12-31T20:13:47","date_gmt":"2024-12-31T20:13:47","guid":{"rendered":"https:\/\/storetest.ivi.ee\/product\/polycarbonate-half-sphere-mold-30mm\/"},"modified":"2026-02-08T14:33:15","modified_gmt":"2026-02-08T12:33:15","slug":"polykarbonaatti-puolipallomuotti-30mm","status":"publish","type":"product","link":"https:\/\/candeebaar.ee\/fi\/kauppa\/polykarbonaatti-puolipallomuotti-30mm\/","title":{"rendered":"Polykarbonaattinen puolipallomuotti 30mm"},"content":{"rendered":"<p>Polykarbonaattimuotti suklaakaramellien valmistukseen. Ammattik\u00e4ytt\u00f6\u00f6n.<br \/>\nKoko: 235x70mm<br \/>\nSolun koko: 30 mm<br \/>\nPese l\u00e4mpim\u00e4ll\u00e4 vedell\u00e4 ilman hankaavia aineita.<br \/>\nValmistettu: Kiinassa<\/p>","protected":false},"excerpt":{"rendered":"<p>Polykarbonaattimuotti suklaakaramellien valmistukseen. Ammattik\u00e4ytt\u00f6\u00f6n. Koko: 235x70mm Solun koko: 30mm Pese l\u00e4mpim\u00e4ll\u00e4 vedell\u00e4 ilman hankaavia materiaaleja. Valmistettu: Kiinassa<\/p>","protected":false},"featured_media":7110,"template":"","meta":{"_seopress_robots_primary_cat":"","_seopress_titles_title":"","_seopress_titles_desc":"","_seopress_robots_index":""},"product_brand":[],"product_cat":[15,82],"product_tag":[],"class_list":{"0":"post-7108","1":"product","2":"type-product","3":"status-publish","4":"has-post-thumbnail","6":"product_cat-all-products","7":"product_cat-chocolate-molds","9":"first","10":"instock","11":"taxable","12":"shipping-taxable","13":"purchasable","14":"product-type-simple"},"_links":{"self":[{"href":"https:\/\/candeebaar.ee\/fi\/wp-json\/wp\/v2\/product\/7108","targetHints":{"allow":["GET"]}}],"collection":[{"href":"https:\/\/candeebaar.ee\/fi\/wp-json\/wp\/v2\/product"}],"about":[{"href":"https:\/\/candeebaar.ee\/fi\/wp-json\/wp\/v2\/types\/product"}],"version-history":[{"count":1,"href":"https:\/\/candeebaar.ee\/fi\/wp-json\/wp\/v2\/product\/7108\/revisions"}],"predecessor-version":[{"id":7109,"href":"https:\/\/candeebaar.ee\/fi\/wp-json\/wp\/v2\/product\/7108\/revisions\/7109"}],"wp:featuredmedia":[{"embeddable":true,"href":"https:\/\/candeebaar.ee\/fi\/wp-json\/wp\/v2\/media\/7110"}],"wp:attachment":[{"href":"https:\/\/candeebaar.ee\/fi\/wp-json\/wp\/v2\/media?parent=7108"}],"wp:term":[{"taxonomy":"product_brand","embeddable":true,"href":"https:\/\/candeebaar.ee\/fi\/wp-json\/wp\/v2\/product_brand?post=7108"},{"taxonomy":"product_cat","embeddable":true,"href":"https:\/\/candeebaar.ee\/fi\/wp-json\/wp\/v2\/product_cat?post=7108"},{"taxonomy":"product_tag","embeddable":true,"href":"https:\/\/candeebaar.ee\/fi\/wp-json\/wp\/v2\/product_tag?post=7108"}],"curies":[{"name":"wp","href":"https:\/\/api.w.org\/{rel}","templated":true}]}}