{"id":7144,"date":"2024-12-31T20:13:56","date_gmt":"2024-12-31T20:13:56","guid":{"rendered":"https:\/\/storetest.ivi.ee\/product\/base-260x3mm-reinforced-black-gold-daisy\/"},"modified":"2026-01-14T13:36:30","modified_gmt":"2026-01-14T11:36:30","slug":"pohja-260x3mm-vahvistettu-musta-kultainen-paivankakkara","status":"publish","type":"product","link":"https:\/\/candeebaar.ee\/fi\/kauppa\/pohja-260x3mm-vahvistettu-musta-kultainen-paivankakkara\/","title":{"rendered":"Cake Board 260x3mm vahvistettu musta-kulta &quot;Disy&quot;"},"content":{"rendered":"<p>Pohja on kaksipuolista pahvia.<br \/>\nSe on v\u00e4ltt\u00e4m\u00e4t\u00f6n j\u00e4lkiruokien asianmukaisen s\u00e4ilytyksen, siirron ja tarjoilun kannalta.<br \/>\nPaksuus: 3mm<br \/>\nHalkaisija: 260 mm<br \/>\nV\u00e4ri: kulta<\/p>","protected":false},"excerpt":{"rendered":"<p>Pohja on kaksipuolista pahvia. Se on v\u00e4ltt\u00e4m\u00e4t\u00f6n j\u00e4lkiruokien asianmukaisen s\u00e4ilytyksen, siirron ja tarjoilun kannalta. Paksuus: 3mm Halkaisija: 260mm V\u00e4ri: kulta<\/p>","protected":false},"featured_media":5316,"template":"","meta":{"_seopress_robots_primary_cat":"none","_seopress_titles_title":"","_seopress_titles_desc":"","_seopress_robots_index":""},"product_brand":[],"product_cat":[15,145],"product_tag":[],"class_list":{"0":"post-7144","1":"product","2":"type-product","3":"status-publish","4":"has-post-thumbnail","6":"product_cat-all-products","7":"product_cat-26cm","9":"first","10":"outofstock","11":"taxable","12":"shipping-taxable","13":"purchasable","14":"product-type-simple"},"_links":{"self":[{"href":"https:\/\/candeebaar.ee\/fi\/wp-json\/wp\/v2\/product\/7144","targetHints":{"allow":["GET"]}}],"collection":[{"href":"https:\/\/candeebaar.ee\/fi\/wp-json\/wp\/v2\/product"}],"about":[{"href":"https:\/\/candeebaar.ee\/fi\/wp-json\/wp\/v2\/types\/product"}],"version-history":[{"count":2,"href":"https:\/\/candeebaar.ee\/fi\/wp-json\/wp\/v2\/product\/7144\/revisions"}],"predecessor-version":[{"id":9127,"href":"https:\/\/candeebaar.ee\/fi\/wp-json\/wp\/v2\/product\/7144\/revisions\/9127"}],"wp:featuredmedia":[{"embeddable":true,"href":"https:\/\/candeebaar.ee\/fi\/wp-json\/wp\/v2\/media\/5316"}],"wp:attachment":[{"href":"https:\/\/candeebaar.ee\/fi\/wp-json\/wp\/v2\/media?parent=7144"}],"wp:term":[{"taxonomy":"product_brand","embeddable":true,"href":"https:\/\/candeebaar.ee\/fi\/wp-json\/wp\/v2\/product_brand?post=7144"},{"taxonomy":"product_cat","embeddable":true,"href":"https:\/\/candeebaar.ee\/fi\/wp-json\/wp\/v2\/product_cat?post=7144"},{"taxonomy":"product_tag","embeddable":true,"href":"https:\/\/candeebaar.ee\/fi\/wp-json\/wp\/v2\/product_tag?post=7144"}],"curies":[{"name":"wp","href":"https:\/\/api.w.org\/{rel}","templated":true}]}}